{"id":733547,"date":"2025-03-03T16:19:31","date_gmt":"2025-03-03T15:19:31","guid":{"rendered":"https:\/\/stoic-curie.212-227-153-4.plesk.page\/producto\/ankerwinde-quick-prince-dp2e-500w-d-mit-trommel-12v-6mm-kette\/"},"modified":"2026-02-24T23:34:46","modified_gmt":"2026-02-24T23:34:46","slug":"ankerwinde-quick-prince-dp2e-500w-d-mit-trommel-12v-6mm-kette","status":"publish","type":"product","link":"https:\/\/stoic-curie.212-227-153-4.plesk.page\/de\/product\/ankerwinde-quick-prince-dp2e-500w-d-mit-trommel-12v-6mm-kette\/","title":{"rendered":"Ankerwinde Quick Prince DP2E 500W-D mit Trommel 12V &#8211; 6mm Kette"},"content":{"rendered":"<p>Ankerwinde Quick Prince DP2E 500W-D mit Trommel 12V &#8211; 6mm Kette &#8211; <\/p>\n<p>Anker-Winde Prince DP2E 600D &#8211; Gypsy und Trommel<\/p>\n<p>Diese Ankerwinde ist f\u00fcr Boote von 6 bis 10 Metern (20 bis 33 Fu\u00df) konzipiert und verf\u00fcgt \u00fcber langlebige Komponenten aus Bronze und Edelstahl.<\/p>\n<p>Sie beinhaltet einen Kettenz\u00e4hler-Sensor und ein manuelles Freifall-Kettensystem f\u00fcr zus\u00e4tzlichen Komfort. Der Sockel und das Geh\u00e4use bestehen aus anodisiertem Aluminium, was eine robuste innere Verbundstruktur bietet. Der Motor ist IP67 bewertet f\u00fcr wasserdichte Schutz und kann einfach von oben installiert werden. Das Paket kommt komplett mit einer Steuerbox und einem Griff.<\/p>\n<p>Die Hauptmerkmale umfassen eine Basis aus rostfreiem Stahl 316, ein anodisiertes Aluminium-Epizyklus-Getriebe und eine Seil\/Kette Gypsy, ausgestattet mit einem Kettenz\u00e4hler-Sensor. Die Winde hat auch einen Inspektionsdeckel und einen Druckarm. Sie wird mit einer Relaisbox und einer Gypsy geliefert, die mit oder ohne Trommel erh\u00e4ltlich ist.<\/p>\n<p>Technische Daten:<\/p>\n<ul>\n<li>Trommel: Ja<\/li>\n<li>Motorleistung: 500 W<\/li>\n<li>Eingangsspannung: 12 V<\/li>\n<li>max. Zug: 620 kg<\/li>\n<li>max. Arbeitslast: 200 kg<\/li>\n<li>Arbeitslast: 65 kg<\/li>\n<li>Ketten Geschwindigkeit bei Arbeitslast: 22,9 m\/min<\/li>\n<li>Stromaufnahme bei Arbeitslast: 60 A<\/li>\n<li>Deckst\u00e4rke: 20-40 mm<\/li>\n<li>Gewicht: 10,7 kg<\/li>\n<li>Gypsy Gr\u00f6\u00dfe: 6 mm<\/li>\n<\/ul>\n<p>Diese Winde kombiniert Qualit\u00e4t und Funktionalit\u00e4t und ist eine ausgezeichnete Wahl f\u00fcr Ihre Bootsbed\u00fcrfnisse.<\/p>\n","protected":false},"excerpt":{"rendered":"<p>Ankerwinde Quick Prince DP2E 500W-D mit Trommel 12V &#8211; 6mm Kette &#8211; Anker-Winde Prince DP2E 600D &#8211; Gypsy und Trommel<\/p>\n","protected":false},"featured_media":5938446,"comment_status":"open","ping_status":"closed","template":"","meta":[],"product_brand":[3280],"product_cat":[1324],"product_tag":[],"class_list":{"0":"post-733547","1":"product","2":"type-product","3":"status-publish","4":"has-post-thumbnail","6":"product_brand-quick-de","7":"product_cat-ankerwinden-quick","9":"first","10":"instock","11":"shipping-taxable","12":"purchasable","13":"product-type-simple"},"_links":{"self":[{"href":"https:\/\/stoic-curie.212-227-153-4.plesk.page\/de\/wp-json\/wp\/v2\/product\/733547","targetHints":{"allow":["GET"]}}],"collection":[{"href":"https:\/\/stoic-curie.212-227-153-4.plesk.page\/de\/wp-json\/wp\/v2\/product"}],"about":[{"href":"https:\/\/stoic-curie.212-227-153-4.plesk.page\/de\/wp-json\/wp\/v2\/types\/product"}],"replies":[{"embeddable":true,"href":"https:\/\/stoic-curie.212-227-153-4.plesk.page\/de\/wp-json\/wp\/v2\/comments?post=733547"}],"version-history":[{"count":0,"href":"https:\/\/stoic-curie.212-227-153-4.plesk.page\/de\/wp-json\/wp\/v2\/product\/733547\/revisions"}],"wp:featuredmedia":[{"embeddable":true,"href":"https:\/\/stoic-curie.212-227-153-4.plesk.page\/de\/wp-json\/wp\/v2\/media\/5938446"}],"wp:attachment":[{"href":"https:\/\/stoic-curie.212-227-153-4.plesk.page\/de\/wp-json\/wp\/v2\/media?parent=733547"}],"wp:term":[{"taxonomy":"product_brand","embeddable":true,"href":"https:\/\/stoic-curie.212-227-153-4.plesk.page\/de\/wp-json\/wp\/v2\/product_brand?post=733547"},{"taxonomy":"product_cat","embeddable":true,"href":"https:\/\/stoic-curie.212-227-153-4.plesk.page\/de\/wp-json\/wp\/v2\/product_cat?post=733547"},{"taxonomy":"product_tag","embeddable":true,"href":"https:\/\/stoic-curie.212-227-153-4.plesk.page\/de\/wp-json\/wp\/v2\/product_tag?post=733547"}],"curies":[{"name":"wp","href":"https:\/\/api.w.org\/{rel}","templated":true}]}}