{"id":733549,"date":"2025-03-03T16:19:31","date_gmt":"2025-03-03T15:19:31","guid":{"rendered":"https:\/\/stoic-curie.212-227-153-4.plesk.page\/producto\/ankerwinde-quick-eagle-500w-12v-mit-trommel-6mm-kette\/"},"modified":"2026-02-24T23:34:46","modified_gmt":"2026-02-24T23:34:46","slug":"ankerwinde-quick-eagle-500w-12v-mit-trommel-6mm-kette","status":"publish","type":"product","link":"https:\/\/stoic-curie.212-227-153-4.plesk.page\/de\/product\/ankerwinde-quick-eagle-500w-12v-mit-trommel-6mm-kette\/","title":{"rendered":"Ankerwinde Quick Eagle 500W 12v mit Trommel &#8211; 6mm Kette"},"content":{"rendered":"<p>Ankerwinde Quick Eagle 500W 12v mit Trommel &#8211; 6mm Kette &#8211; <\/p>\n<p style=\"color: rgb(34, 34, 34); font-family: Arial, Helvetica, sans-serif; font-size: small;\">Der Eagle E1 512D Anker-Windlass ist f\u00fcr Boote von 6 bis 9 Metern (20 bis 29 Fu\u00df) konzipiert. Diese Windlass verf\u00fcgt \u00fcber robuste Traktionsteile aus Bronze und Edelstahl.<\/p>\n<p style=\"color: rgb(34, 34, 34); font-family: Arial, Helvetica, sans-serif; font-size: small;\">Sie beinhaltet einen Kettenz\u00e4hler-Sensor und ein manuelles Freifall-Kettensystem f\u00fcr zus\u00e4tzlichen Komfort. Die anodisierte Aluminium-Basis und das Geh\u00e4use sorgen f\u00fcr Langlebigkeit, w\u00e4hrend der IP66-zertifizierte wasserdichte Motor zuverl\u00e4ssige Leistungen unter verschiedenen Bedingungen bietet. Die Windlass wird komplett mit einem Steuerkasten und einem Griff geliefert.<\/p>\n<p style=\"color: rgb(34, 34, 34); font-family: Arial, Helvetica, sans-serif; font-size: small;\">Hauptmerkmale sind:<\/p>\n<ul style=\"color: rgb(34, 34, 34); font-family: Arial, Helvetica, sans-serif; font-size: small;\">\n<li>Eine Aluminium-Basis mit einem integrierten Kettenrohr<\/li>\n<li>Eine Trommel aus Edelstahl (AISI 316)<\/li>\n<li>Eine Seil\/Kette Gypsy ausgestattet mit einem Kettenz\u00e4hler-Sensor<\/li>\n<li>Eine Relaisbox und Gypsy (erh\u00e4ltlich mit oder ohne Trommel)<\/li>\n<li>IP66 wasserdichte Motoren<\/li>\n<\/ul>\n<p style=\"color: rgb(34, 34, 34); font-family: Arial, Helvetica, sans-serif; font-size: small;\">Spezifikationen:<\/p>\n<ul style=\"color: rgb(34, 34, 34); font-family: Arial, Helvetica, sans-serif; font-size: small;\">\n<li>Trommel: Ja<\/li>\n<li>Motorleistung: 500 W<\/li>\n<li>Eingangsspannung: 12 V<\/li>\n<li>Maximales Ziehen: 630 kg<\/li>\n<li>Maximale Arbeitslast: 250 kg<\/li>\n<li>Arbeitslast: 80 kg<\/li>\n<li>Kettengeschwindigkeit bei Arbeitslast: 16,2 m\/min<\/li>\n<li>Stromaufnahme bei Arbeitslast: 90 A<\/li>\n<li>Deckst\u00e4rke: 20-40 mm<\/li>\n<li>Gewicht: 9,3 kg<\/li>\n<li>Gypsy-Gr\u00f6\u00dfe: 6 mm<\/li>\n<\/ul>\n<p style=\"color: rgb(34, 34, 34); font-family: Arial, Helvetica, sans-serif; font-size: small;\">Diese Windlass ist eine zuverl\u00e4ssige Wahl f\u00fcr Bootsliebhaber, die Qualit\u00e4t und Leistung suchen.<\/p>\n","protected":false},"excerpt":{"rendered":"<p>Ankerwinde Quick Eagle 500W 12v mit Trommel &#8211; 6mm Kette &#8211; Der Eagle E1 512D Anker-Windlass ist f\u00fcr Boote von<\/p>\n","protected":false},"featured_media":5938450,"comment_status":"open","ping_status":"closed","template":"","meta":[],"product_brand":[3280],"product_cat":[1324],"product_tag":[],"class_list":{"0":"post-733549","1":"product","2":"type-product","3":"status-publish","4":"has-post-thumbnail","6":"product_brand-quick-de","7":"product_cat-ankerwinden-quick","9":"first","10":"outofstock","11":"shipping-taxable","12":"purchasable","13":"product-type-simple"},"_links":{"self":[{"href":"https:\/\/stoic-curie.212-227-153-4.plesk.page\/de\/wp-json\/wp\/v2\/product\/733549","targetHints":{"allow":["GET"]}}],"collection":[{"href":"https:\/\/stoic-curie.212-227-153-4.plesk.page\/de\/wp-json\/wp\/v2\/product"}],"about":[{"href":"https:\/\/stoic-curie.212-227-153-4.plesk.page\/de\/wp-json\/wp\/v2\/types\/product"}],"replies":[{"embeddable":true,"href":"https:\/\/stoic-curie.212-227-153-4.plesk.page\/de\/wp-json\/wp\/v2\/comments?post=733549"}],"version-history":[{"count":0,"href":"https:\/\/stoic-curie.212-227-153-4.plesk.page\/de\/wp-json\/wp\/v2\/product\/733549\/revisions"}],"wp:featuredmedia":[{"embeddable":true,"href":"https:\/\/stoic-curie.212-227-153-4.plesk.page\/de\/wp-json\/wp\/v2\/media\/5938450"}],"wp:attachment":[{"href":"https:\/\/stoic-curie.212-227-153-4.plesk.page\/de\/wp-json\/wp\/v2\/media?parent=733549"}],"wp:term":[{"taxonomy":"product_brand","embeddable":true,"href":"https:\/\/stoic-curie.212-227-153-4.plesk.page\/de\/wp-json\/wp\/v2\/product_brand?post=733549"},{"taxonomy":"product_cat","embeddable":true,"href":"https:\/\/stoic-curie.212-227-153-4.plesk.page\/de\/wp-json\/wp\/v2\/product_cat?post=733549"},{"taxonomy":"product_tag","embeddable":true,"href":"https:\/\/stoic-curie.212-227-153-4.plesk.page\/de\/wp-json\/wp\/v2\/product_tag?post=733549"}],"curies":[{"name":"wp","href":"https:\/\/api.w.org\/{rel}","templated":true}]}}