{"id":733551,"date":"2025-03-03T16:19:32","date_gmt":"2025-03-03T15:19:32","guid":{"rendered":"https:\/\/stoic-curie.212-227-153-4.plesk.page\/producto\/ankerwinde-quick-eagle-1000w-12v-8mm-kette\/"},"modified":"2026-02-24T23:34:46","modified_gmt":"2026-02-24T23:34:46","slug":"ankerwinde-quick-eagle-1000w-12v-8mm-kette","status":"publish","type":"product","link":"https:\/\/stoic-curie.212-227-153-4.plesk.page\/de\/product\/ankerwinde-quick-eagle-1000w-12v-8mm-kette\/","title":{"rendered":"Ankerwinde Quick Eagle 1000W 12v &#8211; 8mm Kette"},"content":{"rendered":"<p>Ankerwinde Quick Eagle 1000W 12v &#8211; 8mm Kette &#8211; <\/p>\n<p style=\"color: rgb(34, 34, 34); font-family: Arial, Helvetica, sans-serif; font-size: small;\">Eagle E3 Horizontale Ankerwinde<\/p>\n<p style=\"color: rgb(34, 34, 34); font-family: Arial, Helvetica, sans-serif; font-size: small;\">Die Eagle E3 Horizontale Ankerwinde ist eine leistungsstarke Ankerwinde, die f\u00fcr Zuverl\u00e4ssigkeit und Effizienz entwickelt wurde. Sie besteht aus einer Kombination von Bronze und Edelstahl-Zugkomponenten und verf\u00fcgt \u00fcber einen Kettenz\u00e4hler-Sensor sowie ein manuelles Freifall-Kettensystem. Ihr anodisierte Aluminium-Basis und Geh\u00e4use gew\u00e4hrleisten Haltbarkeit, w\u00e4hrend der IP67-zertifizierte wasserdichte Motor Schutz vor Wassereintritt bietet. Die Einheit wird komplett mit einer Steuerbox und einem Griff f\u00fcr eine einfache Bedienung geliefert.<\/p>\n<p style=\"color: rgb(34, 34, 34); font-family: Arial, Helvetica, sans-serif; font-size: small;\">Hauptmerkmale:<\/p>\n<ul style=\"color: rgb(34, 34, 34); font-family: Arial, Helvetica, sans-serif; font-size: small;\">\n<li>Aluminium-Basis mit integriertem Kettenrohr.<\/li>\n<li>Edelstahl-Trommel (AISI 316) f\u00fcr erh\u00f6hte Festigkeit und Korrosionsbest\u00e4ndigkeit.<\/li>\n<li>Seil\/Kette Gypsy ausgestattet mit Kettenz\u00e4hler-Sensor f\u00fcr eine genaue \u00dcberwachung.<\/li>\n<li>Geliefert mit einem Relaiskasten und einem Gypsy, verf\u00fcgbar mit oder ohne Trommel.<\/li>\n<li>IP67-zertifizierte wasserdichte Motoren f\u00fcr zuverl\u00e4ssige Leistung unter verschiedenen Bedingungen.<\/li>\n<\/ul>\n<p style=\"color: rgb(34, 34, 34); font-family: Arial, Helvetica, sans-serif; font-size: small;\">Spezifikationen f\u00fcr Eagle E3 1012D &#8211; Gypsy und Trommel:<\/p>\n<ul style=\"color: rgb(34, 34, 34); font-family: Arial, Helvetica, sans-serif; font-size: small;\">\n<li>Geeignet f\u00fcr Boote zwischen 10 m und 13 m (33-43 ft).<\/li>\n<li>Trommel: Ja<\/li>\n<li>Motorleistung: 1000 W<\/li>\n<li>Eingangsspannung: 12 V<\/li>\n<li>Maximale Zugkraft: 1250 kg<\/li>\n<li>Maximale Arbeitslast: 390 kg<\/li>\n<li>Arbeitslast: 130 kg<\/li>\n<li>Kettengeschwindigkeit bei Arbeitslast: 17,8 m\/min<\/li>\n<li>Stromaufnahme bei Arbeitslast: 140 A<\/li>\n<li>Deckst\u00e4rke: 35-65 mm<\/li>\n<li>Gewicht: 23,7 kg<\/li>\n<li>Gypsy-Gr\u00f6\u00dfe: 8 mm<\/li>\n<\/ul>\n<p style=\"color: rgb(34, 34, 34); font-family: Arial, Helvetica, sans-serif; font-size: small;\">Diese Ankerwinde ist eine hervorragende Wahl f\u00fcr Bootseigent\u00fcmer, die eine zuverl\u00e4ssige und effiziente Ankerl\u00f6sung suchen.<\/p>\n","protected":false},"excerpt":{"rendered":"<p>Ankerwinde Quick Eagle 1000W 12v &#8211; 8mm Kette &#8211; Eagle E3 Horizontale Ankerwinde Die Eagle E3 Horizontale Ankerwinde ist eine<\/p>\n","protected":false},"featured_media":5938454,"comment_status":"open","ping_status":"closed","template":"","meta":[],"product_brand":[3280],"product_cat":[1324],"product_tag":[],"class_list":{"0":"post-733551","1":"product","2":"type-product","3":"status-publish","4":"has-post-thumbnail","6":"product_brand-quick-de","7":"product_cat-ankerwinden-quick","9":"first","10":"instock","11":"shipping-taxable","12":"purchasable","13":"product-type-simple"},"_links":{"self":[{"href":"https:\/\/stoic-curie.212-227-153-4.plesk.page\/de\/wp-json\/wp\/v2\/product\/733551","targetHints":{"allow":["GET"]}}],"collection":[{"href":"https:\/\/stoic-curie.212-227-153-4.plesk.page\/de\/wp-json\/wp\/v2\/product"}],"about":[{"href":"https:\/\/stoic-curie.212-227-153-4.plesk.page\/de\/wp-json\/wp\/v2\/types\/product"}],"replies":[{"embeddable":true,"href":"https:\/\/stoic-curie.212-227-153-4.plesk.page\/de\/wp-json\/wp\/v2\/comments?post=733551"}],"version-history":[{"count":0,"href":"https:\/\/stoic-curie.212-227-153-4.plesk.page\/de\/wp-json\/wp\/v2\/product\/733551\/revisions"}],"wp:featuredmedia":[{"embeddable":true,"href":"https:\/\/stoic-curie.212-227-153-4.plesk.page\/de\/wp-json\/wp\/v2\/media\/5938454"}],"wp:attachment":[{"href":"https:\/\/stoic-curie.212-227-153-4.plesk.page\/de\/wp-json\/wp\/v2\/media?parent=733551"}],"wp:term":[{"taxonomy":"product_brand","embeddable":true,"href":"https:\/\/stoic-curie.212-227-153-4.plesk.page\/de\/wp-json\/wp\/v2\/product_brand?post=733551"},{"taxonomy":"product_cat","embeddable":true,"href":"https:\/\/stoic-curie.212-227-153-4.plesk.page\/de\/wp-json\/wp\/v2\/product_cat?post=733551"},{"taxonomy":"product_tag","embeddable":true,"href":"https:\/\/stoic-curie.212-227-153-4.plesk.page\/de\/wp-json\/wp\/v2\/product_tag?post=733551"}],"curies":[{"name":"wp","href":"https:\/\/api.w.org\/{rel}","templated":true}]}}