{"id":733553,"date":"2025-03-03T16:19:32","date_gmt":"2025-03-03T15:19:32","guid":{"rendered":"https:\/\/stoic-curie.212-227-153-4.plesk.page\/producto\/ankerwinde-quick-rider-1000w-12v-mit-trommel-8mm-kette\/"},"modified":"2026-02-24T23:34:46","modified_gmt":"2026-02-24T23:34:46","slug":"ankerwinde-quick-rider-1000w-12v-mit-trommel-8mm-kette","status":"publish","type":"product","link":"https:\/\/stoic-curie.212-227-153-4.plesk.page\/de\/product\/ankerwinde-quick-rider-1000w-12v-mit-trommel-8mm-kette\/","title":{"rendered":"Ankerwinde Quick Rider 1000W 12v  8mm Kette"},"content":{"rendered":"<p>Ankerwinde Quick Rider 1000W 12v  8mm Kette &#8211; <\/p>\n<p style=\"color: rgb(34, 34, 34); font-family: Arial, Helvetica, sans-serif; font-size: small;\"><strong>Anker-Windlass Quick Rider R3 1012 Niedrigprofil<\/strong><\/p>\n<p style=\"color: rgb(34, 34, 34); font-family: Arial, Helvetica, sans-serif; font-size: small;\">Die Quick Rider R3 1012 ist eine Niedrigprofil-Ankerwindlass, die f\u00fcr Langlebigkeit und Effizienz entwickelt wurde. Sie verf\u00fcgt \u00fcber Traktionskomponenten aus hochwertigem Bronze und Edelstahl, die eine zuverl\u00e4ssige Leistung gew\u00e4hrleisten. Dieses Modell ist mit einem Kettenz\u00e4hler-Sensor und einem manuellen Freifall-Kettensystem f\u00fcr zus\u00e4tzlichen Komfort ausgestattet.<\/p>\n<p style=\"color: rgb(34, 34, 34); font-family: Arial, Helvetica, sans-serif; font-size: small;\"><strong>Wichtige Funktionen:<\/strong><\/p>\n<ul style=\"color: rgb(34, 34, 34); font-family: Arial, Helvetica, sans-serif; font-size: small;\">\n<li><strong>Basis-Material:<\/strong>\u00a0Anodisierte Aluminiumrundbasis f\u00fcr verbesserte Korrosionsbest\u00e4ndigkeit.<\/li>\n<li><strong>Trommelmaterial:<\/strong>\u00a0Edelstahltrommel (AISI 316) f\u00fcr \u00fcberlegene St\u00e4rke und Langlebigkeit.<\/li>\n<li><strong>Gypsy-Spezifikationen:<\/strong>\u00a0Die Seil\/Ketten-Gypsy, geeignet f\u00fcr Motoren ab 700 W, umfasst einen Kettenz\u00e4hler-Sensor.<\/li>\n<li><strong>Inklusive Komponenten:<\/strong>\u00a0Kommt mit einer Relaisschaltung und einer Gypsy, erh\u00e4ltlich mit oder ohne Trommel.<\/li>\n<li><strong>Wasserdichtigkeit:<\/strong>\u00a0IP67-zertifizierte wasserdichte Motoren, die zuverl\u00e4ssigen Betrieb bei nassen Bedingungen gew\u00e4hrleisten.<\/li>\n<\/ul>\n<p style=\"color: rgb(34, 34, 34); font-family: Arial, Helvetica, sans-serif; font-size: small;\"><strong>Spezifikationen:<\/strong><\/p>\n<ul style=\"color: rgb(34, 34, 34); font-family: Arial, Helvetica, sans-serif; font-size: small;\">\n<li><strong>Modell:<\/strong>\u00a0Rider R3 1012 &#8211; Nur Gypsy<\/li>\n<li><strong>Empfohlene Bootgr\u00f6\u00dfe:<\/strong>\u00a0Geeignet f\u00fcr Schiffe von 10 m bis 13 m (33-43 ft)<\/li>\n<li><strong>Trommel:<\/strong>\u00a0Nicht enthalten<\/li>\n<li><strong>Motorleistung:<\/strong>\u00a01000 W<\/li>\n<li><strong>Eingangsspannung:<\/strong>\u00a012 V<\/li>\n<li><strong>Maximale Zugkraft:<\/strong>\u00a01000 kg<\/li>\n<li><strong>Maximale Arbeitslast:<\/strong>\u00a0370 kg<\/li>\n<li><strong>Arbeitslast:<\/strong>\u00a0120 kg<\/li>\n<li><strong>Kettengeschwindigkeit bei Arbeitslast:<\/strong>\u00a020,4 m\/min<\/li>\n<li><strong>Stromaufnahme bei Arbeitslast:<\/strong>\u00a0140 A<\/li>\n<li><strong>Deckst\u00e4rke Kompatibilit\u00e4t:<\/strong>\u00a025-50 mm<\/li>\n<li><strong>Gewicht:<\/strong>\u00a017,1 kg<\/li>\n<li><strong>Gypsy-Gr\u00f6\u00dfe:<\/strong>\u00a08 mm<\/li>\n<\/ul>\n<p style=\"color: rgb(34, 34, 34); font-family: Arial, Helvetica, sans-serif; font-size: small;\">Diese Windlass ist eine ausgezeichnete Wahl f\u00fcr Bootsbesitzer, die eine zuverl\u00e4ssige und effiziente Ankerl\u00f6sung suchen.<\/p>\n","protected":false},"excerpt":{"rendered":"<p>Ankerwinde Quick Rider 1000W 12v 8mm Kette &#8211; Anker-Windlass Quick Rider R3 1012 Niedrigprofil Die Quick Rider R3 1012 ist<\/p>\n","protected":false},"featured_media":5938459,"comment_status":"open","ping_status":"closed","template":"","meta":[],"product_brand":[3280],"product_cat":[1324],"product_tag":[],"class_list":{"0":"post-733553","1":"product","2":"type-product","3":"status-publish","4":"has-post-thumbnail","6":"product_brand-quick-de","7":"product_cat-ankerwinden-quick","9":"first","10":"instock","11":"shipping-taxable","12":"purchasable","13":"product-type-simple"},"_links":{"self":[{"href":"https:\/\/stoic-curie.212-227-153-4.plesk.page\/de\/wp-json\/wp\/v2\/product\/733553","targetHints":{"allow":["GET"]}}],"collection":[{"href":"https:\/\/stoic-curie.212-227-153-4.plesk.page\/de\/wp-json\/wp\/v2\/product"}],"about":[{"href":"https:\/\/stoic-curie.212-227-153-4.plesk.page\/de\/wp-json\/wp\/v2\/types\/product"}],"replies":[{"embeddable":true,"href":"https:\/\/stoic-curie.212-227-153-4.plesk.page\/de\/wp-json\/wp\/v2\/comments?post=733553"}],"version-history":[{"count":0,"href":"https:\/\/stoic-curie.212-227-153-4.plesk.page\/de\/wp-json\/wp\/v2\/product\/733553\/revisions"}],"wp:featuredmedia":[{"embeddable":true,"href":"https:\/\/stoic-curie.212-227-153-4.plesk.page\/de\/wp-json\/wp\/v2\/media\/5938459"}],"wp:attachment":[{"href":"https:\/\/stoic-curie.212-227-153-4.plesk.page\/de\/wp-json\/wp\/v2\/media?parent=733553"}],"wp:term":[{"taxonomy":"product_brand","embeddable":true,"href":"https:\/\/stoic-curie.212-227-153-4.plesk.page\/de\/wp-json\/wp\/v2\/product_brand?post=733553"},{"taxonomy":"product_cat","embeddable":true,"href":"https:\/\/stoic-curie.212-227-153-4.plesk.page\/de\/wp-json\/wp\/v2\/product_cat?post=733553"},{"taxonomy":"product_tag","embeddable":true,"href":"https:\/\/stoic-curie.212-227-153-4.plesk.page\/de\/wp-json\/wp\/v2\/product_tag?post=733553"}],"curies":[{"name":"wp","href":"https:\/\/api.w.org\/{rel}","templated":true}]}}