{"id":733556,"date":"2025-03-03T16:19:33","date_gmt":"2025-03-03T15:19:33","guid":{"rendered":"https:\/\/stoic-curie.212-227-153-4.plesk.page\/producto\/capstan-quick-totem-tm3-800w-12v\/"},"modified":"2026-02-24T23:34:46","modified_gmt":"2026-02-24T23:34:46","slug":"capstan-quick-totem-tm3-800w-12v","status":"publish","type":"product","link":"https:\/\/stoic-curie.212-227-153-4.plesk.page\/de\/product\/capstan-quick-totem-tm3-800w-12v\/","title":{"rendered":"Capstan Quick Totem TM3 800W 12v"},"content":{"rendered":"<p>Capstan Quick Totem TM3 800W 12v &#8211; <\/p>\n<p style=\"color: rgb(34, 34, 34); font-family: Arial, Helvetica, sans-serif; font-size: small;\">Wir pr\u00e4sentieren den Capstan Totem TM3 1000, der \u00fcber eine robuste anodisierte Aluminium-Basis und eine verchromte Bronze-Trommel verf\u00fcgt.<\/p>\n<p style=\"color: rgb(34, 34, 34); font-family: Arial, Helvetica, sans-serif; font-size: small;\">Dieses Modell beinhaltet einen IP67-zertifizierten wasserdichten Motor zur vertikalen Montage, was die Installation einfach macht. Es wird komplett mit einer Steuerbox und einem Griff f\u00fcr Ihre Bequemlichkeit geliefert.<\/p>\n<p style=\"color: rgb(34, 34, 34); font-family: Arial, Helvetica, sans-serif; font-size: small;\">Die Basis und die Trommel bestehen aus AISI 316 Edelstahl, was St\u00e4rke und Korrosionsbest\u00e4ndigkeit gew\u00e4hrleistet. Das Getriebe ist aus anodisiertem Aluminium gefertigt und der Motor ist so konzipiert, dass er wasserdicht ist, um zus\u00e4tzliche Zuverl\u00e4ssigkeit zu bieten.<\/p>\n<p style=\"color: rgb(34, 34, 34); font-family: Arial, Helvetica, sans-serif; font-size: small;\">Die Spezifikationen des Totem TM3 1000 umfassen einen Trom Durchmesser von 80 mm, was ihn f\u00fcr Boote von 11 bis 14 Metern (36 bis 46 Fu\u00df) L\u00e4nge geeignet macht.<\/p>\n<p style=\"color: rgb(34, 34, 34); font-family: Arial, Helvetica, sans-serif; font-size: small;\">Hauptmerkmale:<\/p>\n<ul style=\"color: rgb(34, 34, 34); font-family: Arial, Helvetica, sans-serif; font-size: small;\">\n<li>Trommeldurchmesser: 80 mm<\/li>\n<li>Motorleistung: 800 W<\/li>\n<li>Eingangsspannung: 12 V<\/li>\n<li>Maximale Zugkraft: 820 kg<\/li>\n<li>Maximale Arbeitslast: 290 kg<\/li>\n<li>Arbeitslast: 95 kg<\/li>\n<li>Kettengeschwindigkeit bei Arbeitslast: 16,8 m\/min<\/li>\n<li>Stromaufnahme bei Arbeitslast: 80 A<\/li>\n<li>Deckst\u00e4rke: 20-40 mm<\/li>\n<li>Gewicht: 8,1 kg<\/li>\n<\/ul>\n<p style=\"color: rgb(34, 34, 34); font-family: Arial, Helvetica, sans-serif; font-size: small;\">Dieser Capstan wurde entwickelt, um die Bed\u00fcrfnisse von Bootsenthusiasten zu erf\u00fcllen und bietet sowohl Leistung als auch Zuverl\u00e4ssigkeit f\u00fcr Ihre maritimen Aktivit\u00e4ten.<\/p>\n","protected":false},"excerpt":{"rendered":"<p>Capstan Quick Totem TM3 800W 12v &#8211; Wir pr\u00e4sentieren den Capstan Totem TM3 1000, der \u00fcber eine robuste anodisierte Aluminium-Basis<\/p>\n","protected":false},"featured_media":5938469,"comment_status":"open","ping_status":"closed","template":"","meta":[],"product_brand":[3280],"product_cat":[1324],"product_tag":[],"class_list":{"0":"post-733556","1":"product","2":"type-product","3":"status-publish","4":"has-post-thumbnail","6":"product_brand-quick-de","7":"product_cat-ankerwinden-quick","9":"first","10":"instock","11":"shipping-taxable","12":"purchasable","13":"product-type-simple"},"_links":{"self":[{"href":"https:\/\/stoic-curie.212-227-153-4.plesk.page\/de\/wp-json\/wp\/v2\/product\/733556","targetHints":{"allow":["GET"]}}],"collection":[{"href":"https:\/\/stoic-curie.212-227-153-4.plesk.page\/de\/wp-json\/wp\/v2\/product"}],"about":[{"href":"https:\/\/stoic-curie.212-227-153-4.plesk.page\/de\/wp-json\/wp\/v2\/types\/product"}],"replies":[{"embeddable":true,"href":"https:\/\/stoic-curie.212-227-153-4.plesk.page\/de\/wp-json\/wp\/v2\/comments?post=733556"}],"version-history":[{"count":0,"href":"https:\/\/stoic-curie.212-227-153-4.plesk.page\/de\/wp-json\/wp\/v2\/product\/733556\/revisions"}],"wp:featuredmedia":[{"embeddable":true,"href":"https:\/\/stoic-curie.212-227-153-4.plesk.page\/de\/wp-json\/wp\/v2\/media\/5938469"}],"wp:attachment":[{"href":"https:\/\/stoic-curie.212-227-153-4.plesk.page\/de\/wp-json\/wp\/v2\/media?parent=733556"}],"wp:term":[{"taxonomy":"product_brand","embeddable":true,"href":"https:\/\/stoic-curie.212-227-153-4.plesk.page\/de\/wp-json\/wp\/v2\/product_brand?post=733556"},{"taxonomy":"product_cat","embeddable":true,"href":"https:\/\/stoic-curie.212-227-153-4.plesk.page\/de\/wp-json\/wp\/v2\/product_cat?post=733556"},{"taxonomy":"product_tag","embeddable":true,"href":"https:\/\/stoic-curie.212-227-153-4.plesk.page\/de\/wp-json\/wp\/v2\/product_tag?post=733556"}],"curies":[{"name":"wp","href":"https:\/\/api.w.org\/{rel}","templated":true}]}}