{"id":733565,"date":"2025-03-03T16:19:35","date_gmt":"2025-03-03T15:19:35","guid":{"rendered":"https:\/\/stoic-curie.212-227-153-4.plesk.page\/producto\/mz-fernbedienung-auf-ab-2-tasten\/"},"modified":"2026-02-24T23:34:46","modified_gmt":"2026-02-24T23:34:46","slug":"mz-fernbedienung-auf-ab-2-tasten","status":"publish","type":"product","link":"https:\/\/stoic-curie.212-227-153-4.plesk.page\/de\/product\/mz-fernbedienung-auf-ab-2-tasten\/","title":{"rendered":"Mz Fernbedienung Auf-Ab 2 Tasten"},"content":{"rendered":"<p>Mz Fernbedienung Auf-Ab 2 Tasten &#8211; <\/p>\n<p>Handheld Up-Down-Windlass-Fernbedienung mit einem 4 Meter langen, erweiterbaren Kabel. Sto\u00dffeste, wasserdichte Geh\u00e4use aus selbstl\u00f6schendem Polyesterharz, vollst\u00e4ndig mit wasserdichtem Stecker und Montagehalterung ausgestattet. Universelle Stromversorgung von 10-32V. Abmessungen 170(195) x 78 x 40 mm.<\/p>\n","protected":false},"excerpt":{"rendered":"<p>Mz Fernbedienung Auf-Ab 2 Tasten &#8211; Handheld Up-Down-Windlass-Fernbedienung mit einem 4 Meter langen, erweiterbaren Kabel. Sto\u00dffeste, wasserdichte Geh\u00e4use aus selbstl\u00f6schendem<\/p>\n","protected":false},"featured_media":5938491,"comment_status":"open","ping_status":"closed","template":"","meta":[],"product_brand":[3160],"product_cat":[1324],"product_tag":[],"class_list":{"0":"post-733565","1":"product","2":"type-product","3":"status-publish","4":"has-post-thumbnail","6":"product_brand-mz-electronic-de","7":"product_cat-ankerwinden-quick","9":"first","10":"instock","11":"shipping-taxable","12":"purchasable","13":"product-type-simple"},"_links":{"self":[{"href":"https:\/\/stoic-curie.212-227-153-4.plesk.page\/de\/wp-json\/wp\/v2\/product\/733565","targetHints":{"allow":["GET"]}}],"collection":[{"href":"https:\/\/stoic-curie.212-227-153-4.plesk.page\/de\/wp-json\/wp\/v2\/product"}],"about":[{"href":"https:\/\/stoic-curie.212-227-153-4.plesk.page\/de\/wp-json\/wp\/v2\/types\/product"}],"replies":[{"embeddable":true,"href":"https:\/\/stoic-curie.212-227-153-4.plesk.page\/de\/wp-json\/wp\/v2\/comments?post=733565"}],"version-history":[{"count":0,"href":"https:\/\/stoic-curie.212-227-153-4.plesk.page\/de\/wp-json\/wp\/v2\/product\/733565\/revisions"}],"wp:featuredmedia":[{"embeddable":true,"href":"https:\/\/stoic-curie.212-227-153-4.plesk.page\/de\/wp-json\/wp\/v2\/media\/5938491"}],"wp:attachment":[{"href":"https:\/\/stoic-curie.212-227-153-4.plesk.page\/de\/wp-json\/wp\/v2\/media?parent=733565"}],"wp:term":[{"taxonomy":"product_brand","embeddable":true,"href":"https:\/\/stoic-curie.212-227-153-4.plesk.page\/de\/wp-json\/wp\/v2\/product_brand?post=733565"},{"taxonomy":"product_cat","embeddable":true,"href":"https:\/\/stoic-curie.212-227-153-4.plesk.page\/de\/wp-json\/wp\/v2\/product_cat?post=733565"},{"taxonomy":"product_tag","embeddable":true,"href":"https:\/\/stoic-curie.212-227-153-4.plesk.page\/de\/wp-json\/wp\/v2\/product_tag?post=733565"}],"curies":[{"name":"wp","href":"https:\/\/api.w.org\/{rel}","templated":true}]}}