{"id":733569,"date":"2025-03-03T16:19:36","date_gmt":"2025-03-03T15:19:36","guid":{"rendered":"https:\/\/stoic-curie.212-227-153-4.plesk.page\/producto\/quick-taschensender-4-tasten-nicht-fuer-bugstrahlruder\/"},"modified":"2026-02-24T23:34:46","modified_gmt":"2026-02-24T23:34:46","slug":"quick-taschensender-4-tasten-nicht-fuer-bugstrahlruder","status":"publish","type":"product","link":"https:\/\/stoic-curie.212-227-153-4.plesk.page\/de\/product\/quick-taschensender-4-tasten-nicht-fuer-bugstrahlruder\/","title":{"rendered":"Quick Taschensender 4 Tasten (nicht f\u00fcr Bugstrahlruder)"},"content":{"rendered":"<p>Quick Taschensender 4 Tasten (nicht f\u00fcr Bugstrahlruder) &#8211; <\/p>\n<p>Handsender f\u00fcr die Fernbedienung von Ankerwinden, Davits, Gangways usw. Mehrere Empf\u00e4nger k\u00f6nnen mit derselben Fernbedienung gleichzeitig gesteuert werden. Zwei Funktionen k\u00f6nnen gleichzeitig aktiviert werden. Schwimmf\u00e4hig, IP67 wasserdicht.<\/p>\n","protected":false},"excerpt":{"rendered":"<p>Quick Taschensender 4 Tasten (nicht f\u00fcr Bugstrahlruder) &#8211; Handsender f\u00fcr die Fernbedienung von Ankerwinden, Davits, Gangways usw. Mehrere Empf\u00e4nger k\u00f6nnen<\/p>\n","protected":false},"featured_media":5938493,"comment_status":"open","ping_status":"closed","template":"","meta":[],"product_brand":[3280],"product_cat":[1324],"product_tag":[],"class_list":{"0":"post-733569","1":"product","2":"type-product","3":"status-publish","4":"has-post-thumbnail","6":"product_brand-quick-de","7":"product_cat-ankerwinden-quick","9":"first","10":"instock","11":"shipping-taxable","12":"purchasable","13":"product-type-simple"},"_links":{"self":[{"href":"https:\/\/stoic-curie.212-227-153-4.plesk.page\/de\/wp-json\/wp\/v2\/product\/733569","targetHints":{"allow":["GET"]}}],"collection":[{"href":"https:\/\/stoic-curie.212-227-153-4.plesk.page\/de\/wp-json\/wp\/v2\/product"}],"about":[{"href":"https:\/\/stoic-curie.212-227-153-4.plesk.page\/de\/wp-json\/wp\/v2\/types\/product"}],"replies":[{"embeddable":true,"href":"https:\/\/stoic-curie.212-227-153-4.plesk.page\/de\/wp-json\/wp\/v2\/comments?post=733569"}],"version-history":[{"count":0,"href":"https:\/\/stoic-curie.212-227-153-4.plesk.page\/de\/wp-json\/wp\/v2\/product\/733569\/revisions"}],"wp:featuredmedia":[{"embeddable":true,"href":"https:\/\/stoic-curie.212-227-153-4.plesk.page\/de\/wp-json\/wp\/v2\/media\/5938493"}],"wp:attachment":[{"href":"https:\/\/stoic-curie.212-227-153-4.plesk.page\/de\/wp-json\/wp\/v2\/media?parent=733569"}],"wp:term":[{"taxonomy":"product_brand","embeddable":true,"href":"https:\/\/stoic-curie.212-227-153-4.plesk.page\/de\/wp-json\/wp\/v2\/product_brand?post=733569"},{"taxonomy":"product_cat","embeddable":true,"href":"https:\/\/stoic-curie.212-227-153-4.plesk.page\/de\/wp-json\/wp\/v2\/product_cat?post=733569"},{"taxonomy":"product_tag","embeddable":true,"href":"https:\/\/stoic-curie.212-227-153-4.plesk.page\/de\/wp-json\/wp\/v2\/product_tag?post=733569"}],"curies":[{"name":"wp","href":"https:\/\/api.w.org\/{rel}","templated":true}]}}