{"id":733571,"date":"2025-03-03T16:19:36","date_gmt":"2025-03-03T15:19:36","guid":{"rendered":"https:\/\/stoic-curie.212-227-153-4.plesk.page\/producto\/mz-panel-auf-ab-kettenzaehler-12-24v\/"},"modified":"2026-02-24T23:34:46","modified_gmt":"2026-02-24T23:34:46","slug":"mz-panel-auf-ab-kettenzaehler-12-24v","status":"publish","type":"product","link":"https:\/\/stoic-curie.212-227-153-4.plesk.page\/de\/product\/mz-panel-auf-ab-kettenzaehler-12-24v\/","title":{"rendered":"MZ-Panel Auf-Ab Kettenz\u00e4hler 12\/24V"},"content":{"rendered":"<p>MZ-Panel Auf-Ab Kettenz\u00e4hler 12\/24V &#8211; <\/p>\n<p>Fernsteuerung f\u00fcr die Ankerwinsch mit Auf- und Abw\u00e4rts-Kettenz\u00e4hler-Panel, das die L\u00e4nge und die Geschwindigkeit der abgelassenen Kette anzeigt. Automatische Freigabefunktion und einstellbarer Display-Kontrast. IP56 Schutz, geeignet f\u00fcr Wand- oder Einbauinstallation. Abmessungen: 100 x 100 x 18 mm. Universelle Stromversorgung 12\/24V.<\/p>\n","protected":false},"excerpt":{"rendered":"<p>MZ-Panel Auf-Ab Kettenz\u00e4hler 12\/24V &#8211; Fernsteuerung f\u00fcr die Ankerwinsch mit Auf- und Abw\u00e4rts-Kettenz\u00e4hler-Panel, das die L\u00e4nge und die Geschwindigkeit der<\/p>\n","protected":false},"featured_media":5938495,"comment_status":"open","ping_status":"closed","template":"","meta":[],"product_brand":[3160],"product_cat":[1324],"product_tag":[],"class_list":{"0":"post-733571","1":"product","2":"type-product","3":"status-publish","4":"has-post-thumbnail","6":"product_brand-mz-electronic-de","7":"product_cat-ankerwinden-quick","9":"first","10":"instock","11":"shipping-taxable","12":"purchasable","13":"product-type-simple"},"_links":{"self":[{"href":"https:\/\/stoic-curie.212-227-153-4.plesk.page\/de\/wp-json\/wp\/v2\/product\/733571","targetHints":{"allow":["GET"]}}],"collection":[{"href":"https:\/\/stoic-curie.212-227-153-4.plesk.page\/de\/wp-json\/wp\/v2\/product"}],"about":[{"href":"https:\/\/stoic-curie.212-227-153-4.plesk.page\/de\/wp-json\/wp\/v2\/types\/product"}],"replies":[{"embeddable":true,"href":"https:\/\/stoic-curie.212-227-153-4.plesk.page\/de\/wp-json\/wp\/v2\/comments?post=733571"}],"version-history":[{"count":0,"href":"https:\/\/stoic-curie.212-227-153-4.plesk.page\/de\/wp-json\/wp\/v2\/product\/733571\/revisions"}],"wp:featuredmedia":[{"embeddable":true,"href":"https:\/\/stoic-curie.212-227-153-4.plesk.page\/de\/wp-json\/wp\/v2\/media\/5938495"}],"wp:attachment":[{"href":"https:\/\/stoic-curie.212-227-153-4.plesk.page\/de\/wp-json\/wp\/v2\/media?parent=733571"}],"wp:term":[{"taxonomy":"product_brand","embeddable":true,"href":"https:\/\/stoic-curie.212-227-153-4.plesk.page\/de\/wp-json\/wp\/v2\/product_brand?post=733571"},{"taxonomy":"product_cat","embeddable":true,"href":"https:\/\/stoic-curie.212-227-153-4.plesk.page\/de\/wp-json\/wp\/v2\/product_cat?post=733571"},{"taxonomy":"product_tag","embeddable":true,"href":"https:\/\/stoic-curie.212-227-153-4.plesk.page\/de\/wp-json\/wp\/v2\/product_tag?post=733571"}],"curies":[{"name":"wp","href":"https:\/\/api.w.org\/{rel}","templated":true}]}}