{"id":733572,"date":"2025-03-03T16:19:36","date_gmt":"2025-03-03T15:19:36","guid":{"rendered":"https:\/\/stoic-curie.212-227-153-4.plesk.page\/producto\/quick-handheld-fernbedienung-mit-2-tasten\/"},"modified":"2026-02-24T23:34:46","modified_gmt":"2026-02-24T23:34:46","slug":"quick-handheld-fernbedienung-mit-2-tasten","status":"publish","type":"product","link":"https:\/\/stoic-curie.212-227-153-4.plesk.page\/de\/product\/quick-handheld-fernbedienung-mit-2-tasten\/","title":{"rendered":"Quick Handheld Fernbedienung mit 2 Tasten"},"content":{"rendered":"<p>Quick Handheld Fernbedienung mit 2 Tasten &#8211; <\/p>\n<p>Funksender zur Steuerung von Ankerwinden, Davits, Gangways usw. Mehrere Empf\u00e4nger k\u00f6nnen mit derselben Fernbedienung gesteuert werden. Zwei Funktionen k\u00f6nnen gleichzeitig aktiviert werden. Tastatur mit LED-beleuchtet. Schwimmf\u00e4hig, IP67 wasserdicht.<\/p>\n","protected":false},"excerpt":{"rendered":"<p>Quick Handheld Fernbedienung mit 2 Tasten &#8211; Funksender zur Steuerung von Ankerwinden, Davits, Gangways usw. Mehrere Empf\u00e4nger k\u00f6nnen mit derselben<\/p>\n","protected":false},"featured_media":5938496,"comment_status":"open","ping_status":"closed","template":"","meta":[],"product_brand":[3280],"product_cat":[1324,1323],"product_tag":[],"class_list":{"0":"post-733572","1":"product","2":"type-product","3":"status-publish","4":"has-post-thumbnail","6":"product_brand-quick-de","7":"product_cat-ankerwinden-quick","8":"product_cat-bugstrahlruder-quick","10":"first","11":"instock","12":"shipping-taxable","13":"purchasable","14":"product-type-simple"},"_links":{"self":[{"href":"https:\/\/stoic-curie.212-227-153-4.plesk.page\/de\/wp-json\/wp\/v2\/product\/733572","targetHints":{"allow":["GET"]}}],"collection":[{"href":"https:\/\/stoic-curie.212-227-153-4.plesk.page\/de\/wp-json\/wp\/v2\/product"}],"about":[{"href":"https:\/\/stoic-curie.212-227-153-4.plesk.page\/de\/wp-json\/wp\/v2\/types\/product"}],"replies":[{"embeddable":true,"href":"https:\/\/stoic-curie.212-227-153-4.plesk.page\/de\/wp-json\/wp\/v2\/comments?post=733572"}],"version-history":[{"count":0,"href":"https:\/\/stoic-curie.212-227-153-4.plesk.page\/de\/wp-json\/wp\/v2\/product\/733572\/revisions"}],"wp:featuredmedia":[{"embeddable":true,"href":"https:\/\/stoic-curie.212-227-153-4.plesk.page\/de\/wp-json\/wp\/v2\/media\/5938496"}],"wp:attachment":[{"href":"https:\/\/stoic-curie.212-227-153-4.plesk.page\/de\/wp-json\/wp\/v2\/media?parent=733572"}],"wp:term":[{"taxonomy":"product_brand","embeddable":true,"href":"https:\/\/stoic-curie.212-227-153-4.plesk.page\/de\/wp-json\/wp\/v2\/product_brand?post=733572"},{"taxonomy":"product_cat","embeddable":true,"href":"https:\/\/stoic-curie.212-227-153-4.plesk.page\/de\/wp-json\/wp\/v2\/product_cat?post=733572"},{"taxonomy":"product_tag","embeddable":true,"href":"https:\/\/stoic-curie.212-227-153-4.plesk.page\/de\/wp-json\/wp\/v2\/product_tag?post=733572"}],"curies":[{"name":"wp","href":"https:\/\/api.w.org\/{rel}","templated":true}]}}