{"id":733574,"date":"2025-03-03T16:19:37","date_gmt":"2025-03-03T15:19:37","guid":{"rendered":"https:\/\/stoic-curie.212-227-153-4.plesk.page\/producto\/quick-empfaenger-2-kanaele\/"},"modified":"2026-02-24T23:34:46","modified_gmt":"2026-02-24T23:34:46","slug":"quick-empfaenger-2-kanaele","status":"publish","type":"product","link":"https:\/\/stoic-curie.212-227-153-4.plesk.page\/de\/product\/quick-empfaenger-2-kanaele\/","title":{"rendered":"Quick RRC Empf\u00e4nger 2 Kan\u00e4le"},"content":{"rendered":"<p>Quick RRC Empf\u00e4nger 2 Kan\u00e4le &#8211; <\/p>\n<p>Funkferngesteuerte Empf\u00e4nger mit 2 bis 12 Relais\/Kan\u00e4len, universeller Stromversorgung von 12\/24V und optimiertem Stromverbrauch von 25mA. Mit 7 Betriebsstatus-LEDs und Anzeigeindikator. Polarity-Inversion und Batterieschutz bei geringer Kapazit\u00e4t. Kann bis zu 50 Sender speichern. Zwei Funktionen k\u00f6nnen gleichzeitig aktiviert werden. Kann mit einer externen Antenne verbunden werden.<\/p>\n","protected":false},"excerpt":{"rendered":"<p>Quick RRC Empf\u00e4nger 2 Kan\u00e4le &#8211; Funkferngesteuerte Empf\u00e4nger mit 2 bis 12 Relais\/Kan\u00e4len, universeller Stromversorgung von 12\/24V und optimiertem Stromverbrauch<\/p>\n","protected":false},"featured_media":5938500,"comment_status":"open","ping_status":"closed","template":"","meta":[],"product_brand":[3280],"product_cat":[1324],"product_tag":[],"class_list":{"0":"post-733574","1":"product","2":"type-product","3":"status-publish","4":"has-post-thumbnail","6":"product_brand-quick-de","7":"product_cat-ankerwinden-quick","9":"first","10":"instock","11":"shipping-taxable","12":"purchasable","13":"product-type-simple"},"_links":{"self":[{"href":"https:\/\/stoic-curie.212-227-153-4.plesk.page\/de\/wp-json\/wp\/v2\/product\/733574","targetHints":{"allow":["GET"]}}],"collection":[{"href":"https:\/\/stoic-curie.212-227-153-4.plesk.page\/de\/wp-json\/wp\/v2\/product"}],"about":[{"href":"https:\/\/stoic-curie.212-227-153-4.plesk.page\/de\/wp-json\/wp\/v2\/types\/product"}],"replies":[{"embeddable":true,"href":"https:\/\/stoic-curie.212-227-153-4.plesk.page\/de\/wp-json\/wp\/v2\/comments?post=733574"}],"version-history":[{"count":0,"href":"https:\/\/stoic-curie.212-227-153-4.plesk.page\/de\/wp-json\/wp\/v2\/product\/733574\/revisions"}],"wp:featuredmedia":[{"embeddable":true,"href":"https:\/\/stoic-curie.212-227-153-4.plesk.page\/de\/wp-json\/wp\/v2\/media\/5938500"}],"wp:attachment":[{"href":"https:\/\/stoic-curie.212-227-153-4.plesk.page\/de\/wp-json\/wp\/v2\/media?parent=733574"}],"wp:term":[{"taxonomy":"product_brand","embeddable":true,"href":"https:\/\/stoic-curie.212-227-153-4.plesk.page\/de\/wp-json\/wp\/v2\/product_brand?post=733574"},{"taxonomy":"product_cat","embeddable":true,"href":"https:\/\/stoic-curie.212-227-153-4.plesk.page\/de\/wp-json\/wp\/v2\/product_cat?post=733574"},{"taxonomy":"product_tag","embeddable":true,"href":"https:\/\/stoic-curie.212-227-153-4.plesk.page\/de\/wp-json\/wp\/v2\/product_tag?post=733574"}],"curies":[{"name":"wp","href":"https:\/\/api.w.org\/{rel}","templated":true}]}}