{"id":733575,"date":"2025-03-03T16:19:37","date_gmt":"2025-03-03T15:19:37","guid":{"rendered":"https:\/\/stoic-curie.212-227-153-4.plesk.page\/producto\/quick-empfaenger-4-kanaele\/"},"modified":"2026-02-24T23:34:46","modified_gmt":"2026-02-24T23:34:46","slug":"quick-empfaenger-4-kanaele","status":"publish","type":"product","link":"https:\/\/stoic-curie.212-227-153-4.plesk.page\/de\/product\/quick-empfaenger-4-kanaele\/","title":{"rendered":"Quick RRC Empf\u00e4nger 4 Kan\u00e4le"},"content":{"rendered":"<p>Quick RRC Empf\u00e4nger 4 Kan\u00e4le &#8211; <\/p>\n<p>Handheld- und Taschen-Radiofernbedienungen f\u00fcr Quick-Bugstrahler. Schwimmf\u00e4hig, mit IP67-Schutz und LED-Anzeige. Der Handheld-Transmitter ist mit einem schockfesten Gummi und einer hintergrundbeleuchteten Silikontastatur ausgestattet. Er kann mit wiederaufladbaren Batterien betrieben werden. Er kann mit einem 4- oder 6-Kanal-Empf\u00e4nger entsprechend der Tasten des Transmitters ausgestattet werden.<\/p>\n","protected":false},"excerpt":{"rendered":"<p>Quick RRC Empf\u00e4nger 4 Kan\u00e4le &#8211; Handheld- und Taschen-Radiofernbedienungen f\u00fcr Quick-Bugstrahler. Schwimmf\u00e4hig, mit IP67-Schutz und LED-Anzeige. Der Handheld-Transmitter ist mit<\/p>\n","protected":false},"featured_media":5938500,"comment_status":"open","ping_status":"closed","template":"","meta":[],"product_brand":[3280],"product_cat":[1324,1323],"product_tag":[],"class_list":{"0":"post-733575","1":"product","2":"type-product","3":"status-publish","4":"has-post-thumbnail","6":"product_brand-quick-de","7":"product_cat-ankerwinden-quick","8":"product_cat-bugstrahlruder-quick","10":"first","11":"instock","12":"shipping-taxable","13":"purchasable","14":"product-type-simple"},"_links":{"self":[{"href":"https:\/\/stoic-curie.212-227-153-4.plesk.page\/de\/wp-json\/wp\/v2\/product\/733575","targetHints":{"allow":["GET"]}}],"collection":[{"href":"https:\/\/stoic-curie.212-227-153-4.plesk.page\/de\/wp-json\/wp\/v2\/product"}],"about":[{"href":"https:\/\/stoic-curie.212-227-153-4.plesk.page\/de\/wp-json\/wp\/v2\/types\/product"}],"replies":[{"embeddable":true,"href":"https:\/\/stoic-curie.212-227-153-4.plesk.page\/de\/wp-json\/wp\/v2\/comments?post=733575"}],"version-history":[{"count":0,"href":"https:\/\/stoic-curie.212-227-153-4.plesk.page\/de\/wp-json\/wp\/v2\/product\/733575\/revisions"}],"wp:featuredmedia":[{"embeddable":true,"href":"https:\/\/stoic-curie.212-227-153-4.plesk.page\/de\/wp-json\/wp\/v2\/media\/5938500"}],"wp:attachment":[{"href":"https:\/\/stoic-curie.212-227-153-4.plesk.page\/de\/wp-json\/wp\/v2\/media?parent=733575"}],"wp:term":[{"taxonomy":"product_brand","embeddable":true,"href":"https:\/\/stoic-curie.212-227-153-4.plesk.page\/de\/wp-json\/wp\/v2\/product_brand?post=733575"},{"taxonomy":"product_cat","embeddable":true,"href":"https:\/\/stoic-curie.212-227-153-4.plesk.page\/de\/wp-json\/wp\/v2\/product_cat?post=733575"},{"taxonomy":"product_tag","embeddable":true,"href":"https:\/\/stoic-curie.212-227-153-4.plesk.page\/de\/wp-json\/wp\/v2\/product_tag?post=733575"}],"curies":[{"name":"wp","href":"https:\/\/api.w.org\/{rel}","templated":true}]}}