{"id":733585,"date":"2025-03-03T16:19:39","date_gmt":"2025-03-03T15:19:39","guid":{"rendered":"https:\/\/stoic-curie.212-227-153-4.plesk.page\/producto\/ankerwinde-quick-gp2-500w-12v-6mm-kette\/"},"modified":"2026-02-24T23:34:47","modified_gmt":"2026-02-24T23:34:47","slug":"ankerwinde-quick-gp2-500w-12v-6mm-kette","status":"publish","type":"product","link":"https:\/\/stoic-curie.212-227-153-4.plesk.page\/de\/product\/ankerwinde-quick-gp2-500w-12v-6mm-kette\/","title":{"rendered":"Ankerwinde Quick Genius GP2 500W 12V &#8211; 6mm Kette"},"content":{"rendered":"<p>Ankerwinde Quick Genius GP2 500W 12V &#8211; 6mm Kette &#8211; <\/p>\n<p>Wir pr\u00e4sentieren die Genius GP2 1500 Horizontale Ankerwinde, die f\u00fcr Boote von 6 bis 10 Metern (20 bis 33 Fu\u00df) ausgelegt ist. Diese Ankerwinde ist nur im Gypsy-Modell erh\u00e4ltlich.<\/p>\n<p>Sie ist mit einem eloxierten Aluminium-Geh\u00e4use und Geh\u00e4use aus Bronze und rostfreiem Stahl mit besonderen Zugkomponenten ausgestattet und somit langlebig. Sie umfasst einen Kettencountersensor, ein manuelles Freifallkettensystem und einen Druckhebel zur einfachen Bedienung. Der Motor hat die Schutzart IP66 f\u00fcr wasserdichte Sicherheit und wird mit einer Steuerbox und einem Griff geliefert.<\/p>\n<p>Das Aluminium-Geh\u00e4use hat eine harte Oxidbeschichtung f\u00fcr zus\u00e4tzliche Haltbarkeit. Die Rope\/Chain-Gypsy verf\u00fcgt \u00fcber einen Kettencountersensor, und der Druckarm verbessert die Funktionalit\u00e4t. Ihr kompaktes, robustes und leistungsstarkes Design erm\u00f6glicht es, in enge Pl\u00e4tze problemlos zu passen. Die Ankerwinde wird mit einer Relaisbox und einer Gypsy geliefert, verf\u00fcgbar mit oder ohne Trommel.<\/p>\n<p>Zu den Hauptspezifikationen geh\u00f6ren:<\/p>\n<ul>\n<li>Trommel: Nein<\/li>\n<li>Motorleistung: 500 W<\/li>\n<li>Eingangsspannung: 12 V<\/li>\n<li>Maximaler Zug: 680 kg<\/li>\n<li>Maximale Arbeitslast: 250 kg<\/li>\n<li>Arbeitslast: 85 kg<\/li>\n<li>Kettengeschwindigkeit bei Arbeitslast: 10 m\/min<\/li>\n<li>Stromaufnahme bei Arbeitslast: 76 A<\/li>\n<li>Deckdicke: 20-40 mm<\/li>\n<li>Gewicht: 10,2 kg<\/li>\n<li>Gypsy-Gr\u00f6\u00dfe: 6 mm<\/li>\n<\/ul>\n<p>Diese Winde kombiniert St\u00e4rke und Effizienz, was sie zu einer ausgezeichneten Wahl f\u00fcr Ihre Bootsbed\u00fcrfnisse macht.<\/p>\n","protected":false},"excerpt":{"rendered":"<p>Ankerwinde Quick Genius GP2 500W 12V &#8211; 6mm Kette &#8211; Wir pr\u00e4sentieren die Genius GP2 1500 Horizontale Ankerwinde, die f\u00fcr<\/p>\n","protected":false},"featured_media":5938509,"comment_status":"open","ping_status":"closed","template":"","meta":[],"product_brand":[3280],"product_cat":[1324],"product_tag":[],"class_list":{"0":"post-733585","1":"product","2":"type-product","3":"status-publish","4":"has-post-thumbnail","6":"product_brand-quick-de","7":"product_cat-ankerwinden-quick","9":"first","10":"instock","11":"shipping-taxable","12":"purchasable","13":"product-type-simple"},"_links":{"self":[{"href":"https:\/\/stoic-curie.212-227-153-4.plesk.page\/de\/wp-json\/wp\/v2\/product\/733585","targetHints":{"allow":["GET"]}}],"collection":[{"href":"https:\/\/stoic-curie.212-227-153-4.plesk.page\/de\/wp-json\/wp\/v2\/product"}],"about":[{"href":"https:\/\/stoic-curie.212-227-153-4.plesk.page\/de\/wp-json\/wp\/v2\/types\/product"}],"replies":[{"embeddable":true,"href":"https:\/\/stoic-curie.212-227-153-4.plesk.page\/de\/wp-json\/wp\/v2\/comments?post=733585"}],"version-history":[{"count":0,"href":"https:\/\/stoic-curie.212-227-153-4.plesk.page\/de\/wp-json\/wp\/v2\/product\/733585\/revisions"}],"wp:featuredmedia":[{"embeddable":true,"href":"https:\/\/stoic-curie.212-227-153-4.plesk.page\/de\/wp-json\/wp\/v2\/media\/5938509"}],"wp:attachment":[{"href":"https:\/\/stoic-curie.212-227-153-4.plesk.page\/de\/wp-json\/wp\/v2\/media?parent=733585"}],"wp:term":[{"taxonomy":"product_brand","embeddable":true,"href":"https:\/\/stoic-curie.212-227-153-4.plesk.page\/de\/wp-json\/wp\/v2\/product_brand?post=733585"},{"taxonomy":"product_cat","embeddable":true,"href":"https:\/\/stoic-curie.212-227-153-4.plesk.page\/de\/wp-json\/wp\/v2\/product_cat?post=733585"},{"taxonomy":"product_tag","embeddable":true,"href":"https:\/\/stoic-curie.212-227-153-4.plesk.page\/de\/wp-json\/wp\/v2\/product_tag?post=733585"}],"curies":[{"name":"wp","href":"https:\/\/api.w.org\/{rel}","templated":true}]}}