{"id":733587,"date":"2025-03-03T16:19:39","date_gmt":"2025-03-03T15:19:39","guid":{"rendered":"https:\/\/stoic-curie.212-227-153-4.plesk.page\/producto\/ankerwinde-quick-gp2-800w-12v-8mm-kette\/"},"modified":"2026-02-24T23:34:47","modified_gmt":"2026-02-24T23:34:47","slug":"ankerwinde-quick-gp2-800w-12v-8mm-kette","status":"publish","type":"product","link":"https:\/\/stoic-curie.212-227-153-4.plesk.page\/de\/product\/ankerwinde-quick-gp2-800w-12v-8mm-kette\/","title":{"rendered":"Ankerwinde Quick Genius GP2 800W 12v &#8211; 8mm Kette"},"content":{"rendered":"<p>Ankerwinde Quick Genius GP2 800W 12v &#8211; 8mm Kette &#8211; <\/p>\n<p style=\"color: rgb(34, 34, 34); font-family: Arial, Helvetica, sans-serif; font-size: small;\">Wir pr\u00e4sentieren die Windlass Genius GP2 2000 12 Ankerwinde. Dieses robuste Ger\u00e4t verf\u00fcgt \u00fcber eine anodisierte Aluminium-Basis und -Geh\u00e4use sowie langlebige Komponenten aus Bronze und Edelstahl. Es ist mit einem Kettenz\u00e4hler-Sensor, einem manuellen Freifall-Kettensystem und einem Druckhebel f\u00fcr einfache Bedienung ausgestattet. Der Motor hat eine IP66-Bewertung f\u00fcr wasserdichten Schutz und wird mit einem Steuerkasten und einem Griff geliefert.<\/p>\n<p style=\"color: rgb(34, 34, 34); font-family: Arial, Helvetica, sans-serif; font-size: small;\">Das Aluminiumgeh\u00e4use ist mit einer harten Oxid-Beschichtung behandelt, um die Haltbarkeit zu erh\u00f6hen. Die Seil\/Ketten-Gypsie ist mit einem Kettenz\u00e4hler-Sensor ausgestattet, und der Druckarm verbessert die Funktionalit\u00e4t. Kompakt, robust und leistungsstark f\u00fcgt sich diese Winde nahtlos in enge R\u00e4ume ein.<\/p>\n<p style=\"color: rgb(34, 34, 34); font-family: Arial, Helvetica, sans-serif; font-size: small;\">Sie wird mit einem Relaiskasten und einer Gypsie geliefert, erh\u00e4ltlich mit oder ohne Trommel. Die IP66-wasserdichten Motoren gew\u00e4hrleisten zuverl\u00e4ssige Leistung unter verschiedenen Bedingungen.<\/p>\n<p style=\"color: rgb(34, 34, 34); font-family: Arial, Helvetica, sans-serif; font-size: small;\">F\u00fcr diejenigen, die eine automatische Freifall-Option suchen, sind auch die FF-Versionen erh\u00e4ltlich.<\/p>\n<p style=\"color: rgb(34, 34, 34); font-family: Arial, Helvetica, sans-serif; font-size: small;\">Die Genius GP2 2000 12 Gypsie ist f\u00fcr Boote von 8 bis 13 Metern (26 bis 43 Fu\u00df) ausgelegt.<\/p>\n<p style=\"color: rgb(34, 34, 34); font-family: Arial, Helvetica, sans-serif; font-size: small;\">Spezifikationen:<\/p>\n<ul style=\"color: rgb(34, 34, 34); font-family: Arial, Helvetica, sans-serif; font-size: small;\">\n<li>Trommel: Nein<\/li>\n<li>Motorleistung: 800 W<\/li>\n<li>Eingangsspannung: 12 V<\/li>\n<li>Maximaler Zug: 900 kg<\/li>\n<li>Maximale Arbeitslast: 350 kg<\/li>\n<li>Arbeitslast: 120 kg<\/li>\n<li>Kettengeschwindigkeit bei Arbeitslast: 20 m\/min<\/li>\n<li>Stromaufnahme bei Arbeitslast: 96 A<\/li>\n<li>Deckdicke: 20-40 mm<\/li>\n<li>Gewicht: 10,2 kg<\/li>\n<li>Gypsie-Gr\u00f6\u00dfe: 8 mm<\/li>\n<\/ul>\n","protected":false},"excerpt":{"rendered":"<p>Ankerwinde Quick Genius GP2 800W 12v &#8211; 8mm Kette &#8211; Wir pr\u00e4sentieren die Windlass Genius GP2 2000 12 Ankerwinde. Dieses<\/p>\n","protected":false},"featured_media":5938515,"comment_status":"open","ping_status":"closed","template":"","meta":[],"product_brand":[3280],"product_cat":[1324],"product_tag":[],"class_list":{"0":"post-733587","1":"product","2":"type-product","3":"status-publish","4":"has-post-thumbnail","6":"product_brand-quick-de","7":"product_cat-ankerwinden-quick","9":"first","10":"instock","11":"shipping-taxable","12":"purchasable","13":"product-type-simple"},"_links":{"self":[{"href":"https:\/\/stoic-curie.212-227-153-4.plesk.page\/de\/wp-json\/wp\/v2\/product\/733587","targetHints":{"allow":["GET"]}}],"collection":[{"href":"https:\/\/stoic-curie.212-227-153-4.plesk.page\/de\/wp-json\/wp\/v2\/product"}],"about":[{"href":"https:\/\/stoic-curie.212-227-153-4.plesk.page\/de\/wp-json\/wp\/v2\/types\/product"}],"replies":[{"embeddable":true,"href":"https:\/\/stoic-curie.212-227-153-4.plesk.page\/de\/wp-json\/wp\/v2\/comments?post=733587"}],"version-history":[{"count":0,"href":"https:\/\/stoic-curie.212-227-153-4.plesk.page\/de\/wp-json\/wp\/v2\/product\/733587\/revisions"}],"wp:featuredmedia":[{"embeddable":true,"href":"https:\/\/stoic-curie.212-227-153-4.plesk.page\/de\/wp-json\/wp\/v2\/media\/5938515"}],"wp:attachment":[{"href":"https:\/\/stoic-curie.212-227-153-4.plesk.page\/de\/wp-json\/wp\/v2\/media?parent=733587"}],"wp:term":[{"taxonomy":"product_brand","embeddable":true,"href":"https:\/\/stoic-curie.212-227-153-4.plesk.page\/de\/wp-json\/wp\/v2\/product_brand?post=733587"},{"taxonomy":"product_cat","embeddable":true,"href":"https:\/\/stoic-curie.212-227-153-4.plesk.page\/de\/wp-json\/wp\/v2\/product_cat?post=733587"},{"taxonomy":"product_tag","embeddable":true,"href":"https:\/\/stoic-curie.212-227-153-4.plesk.page\/de\/wp-json\/wp\/v2\/product_tag?post=733587"}],"curies":[{"name":"wp","href":"https:\/\/api.w.org\/{rel}","templated":true}]}}