{"id":733588,"date":"2025-03-03T16:19:39","date_gmt":"2025-03-03T15:19:39","guid":{"rendered":"https:\/\/stoic-curie.212-227-153-4.plesk.page\/producto\/ankerwinde-quick-genius-gp2-800w-ff-12v-8mm-kette\/"},"modified":"2026-02-24T23:34:47","modified_gmt":"2026-02-24T23:34:47","slug":"ankerwinde-quick-genius-gp2-800w-ff-12v-8mm-kette","status":"publish","type":"product","link":"https:\/\/stoic-curie.212-227-153-4.plesk.page\/de\/product\/ankerwinde-quick-genius-gp2-800w-ff-12v-8mm-kette\/","title":{"rendered":"Ankerwinde Quick Genius GP2 800W 12v Free-Fall"},"content":{"rendered":"<p>Ankerwinde Quick Genius GP2 800W 12v Free-Fall &#8211; <\/p>\n<p style=\"color: rgb(34, 34, 34); font-family: Arial, Helvetica, sans-serif; font-size: small;\">Die Genius GP2 2000 12 Horizontal-Windlass ist mit einem automatischen Free-Fall-System ausgestattet, das speziell f\u00fcr die effektive Ankerverwaltung entwickelt wurde. Sie zeichnet sich durch eine robuste Konstruktion mit einem eloxierten Aluminiumgeh\u00e4use und -basis aus, erg\u00e4nzt durch Traktionskomponenten aus Bronze und Edelstahl, die sowohl Haltbarkeit als auch hohe Leistung gew\u00e4hrleisten. Diese Windlass ist mit einem Kettenz\u00e4hler-Sensor, einem manuellen Free-Fall-Kettenmechanismus und einem Druckhebel ausgestattet, um die Betriebssteuerung zu verbessern. Der Motor hat die Schutzart IP66 und bietet damit wasserdichten Schutz und garantiert zuverl\u00e4ssige Funktionalit\u00e4t in verschiedenen marinen Umgebungen. Das Ger\u00e4t wird mit einer Steuerbox und einem Griff geliefert, die eine einfache Bedienung erm\u00f6glichen.<\/p>\n<p style=\"color: rgb(34, 34, 34); font-family: Arial, Helvetica, sans-serif; font-size: small;\">Hervorzuhebende Merkmale sind:<\/p>\n<ul style=\"color: rgb(34, 34, 34); font-family: Arial, Helvetica, sans-serif; font-size: small;\">\n<li>Eloxiertes Aluminiumgeh\u00e4use mit einer harteloxierten Oberfl\u00e4che f\u00fcr erh\u00f6hte Haltbarkeit.<\/li>\n<li>Ein Rope\/Chain-Gypsy, der einen Kettenz\u00e4hler-Sensor f\u00fcr eine genaue Nachverfolgung beinhaltet.<\/li>\n<li>Ein Druckarm, der die Betriebseffizienz erh\u00f6ht.<\/li>\n<li>Ein kompaktes und robustes Design, ideal f\u00fcr die Installation in engen R\u00e4umen.<\/li>\n<li>Kommt mit einer Relaybox und Gypsy, verf\u00fcgbar mit oder ohne Trommel.<\/li>\n<li>IP66-zertifizierte wasserdichte Motoren f\u00fcr konstanten Betrieb.<\/li>\n<\/ul>\n<p style=\"color: rgb(34, 34, 34); font-family: Arial, Helvetica, sans-serif; font-size: small;\">Das Modell Genius GP2 2000 1p eignet sich f\u00fcr Schiffe mit einer L\u00e4nge von 8 bis 13 Metern (26 bis 43 Fu\u00df).<\/p>\n<p style=\"color: rgb(34, 34, 34); font-family: Arial, Helvetica, sans-serif; font-size: small;\">Spezifikationen:<\/p>\n<ul style=\"color: rgb(34, 34, 34); font-family: Arial, Helvetica, sans-serif; font-size: small;\">\n<li>Motorleistung: 800 W<\/li>\n<li>Eingangsspannung: 12 V<\/li>\n<li>Maximale Ziehkraft: 900 kg<\/li>\n<li>Maximale Arbeitslast: 350 kg<\/li>\n<li>Arbeitslast: 120 kg<\/li>\n<li>Kettengeschwindigkeit bei Arbeitslast: 20 m\/min<\/li>\n<li>Stromaufnahme bei Arbeitslast: 96 A<\/li>\n<li>Deckst\u00e4rke: 20-40 mm<\/li>\n<li>Gewicht: 11,5 kg<\/li>\n<li>Gypsy-Gr\u00f6\u00dfe: 8 mm<\/li>\n<\/ul>\n<p style=\"color: rgb(34, 34, 34); font-family: Arial, Helvetica, sans-serif; font-size: small;\">Diese Windlass vereint Leistung mit Effizienz und ist eine herausragende Option f\u00fcr Bootsbesitzer auf der Suche nach zuverl\u00e4ssigen Ankerl\u00f6sungen.<\/p>\n","protected":false},"excerpt":{"rendered":"<p>Ankerwinde Quick Genius GP2 800W 12v Free-Fall &#8211; Die Genius GP2 2000 12 Horizontal-Windlass ist mit einem automatischen Free-Fall-System ausgestattet,<\/p>\n","protected":false},"featured_media":5938512,"comment_status":"open","ping_status":"closed","template":"","meta":[],"product_brand":[3280],"product_cat":[1324],"product_tag":[],"class_list":{"0":"post-733588","1":"product","2":"type-product","3":"status-publish","4":"has-post-thumbnail","6":"product_brand-quick-de","7":"product_cat-ankerwinden-quick","9":"first","10":"instock","11":"shipping-taxable","12":"purchasable","13":"product-type-simple"},"_links":{"self":[{"href":"https:\/\/stoic-curie.212-227-153-4.plesk.page\/de\/wp-json\/wp\/v2\/product\/733588","targetHints":{"allow":["GET"]}}],"collection":[{"href":"https:\/\/stoic-curie.212-227-153-4.plesk.page\/de\/wp-json\/wp\/v2\/product"}],"about":[{"href":"https:\/\/stoic-curie.212-227-153-4.plesk.page\/de\/wp-json\/wp\/v2\/types\/product"}],"replies":[{"embeddable":true,"href":"https:\/\/stoic-curie.212-227-153-4.plesk.page\/de\/wp-json\/wp\/v2\/comments?post=733588"}],"version-history":[{"count":0,"href":"https:\/\/stoic-curie.212-227-153-4.plesk.page\/de\/wp-json\/wp\/v2\/product\/733588\/revisions"}],"wp:featuredmedia":[{"embeddable":true,"href":"https:\/\/stoic-curie.212-227-153-4.plesk.page\/de\/wp-json\/wp\/v2\/media\/5938512"}],"wp:attachment":[{"href":"https:\/\/stoic-curie.212-227-153-4.plesk.page\/de\/wp-json\/wp\/v2\/media?parent=733588"}],"wp:term":[{"taxonomy":"product_brand","embeddable":true,"href":"https:\/\/stoic-curie.212-227-153-4.plesk.page\/de\/wp-json\/wp\/v2\/product_brand?post=733588"},{"taxonomy":"product_cat","embeddable":true,"href":"https:\/\/stoic-curie.212-227-153-4.plesk.page\/de\/wp-json\/wp\/v2\/product_cat?post=733588"},{"taxonomy":"product_tag","embeddable":true,"href":"https:\/\/stoic-curie.212-227-153-4.plesk.page\/de\/wp-json\/wp\/v2\/product_tag?post=733588"}],"curies":[{"name":"wp","href":"https:\/\/api.w.org\/{rel}","templated":true}]}}