{"id":733590,"date":"2025-03-03T16:19:40","date_gmt":"2025-03-03T15:19:40","guid":{"rendered":"https:\/\/stoic-curie.212-227-153-4.plesk.page\/producto\/faekalienpumpe-bw40-24v-40-l-min\/"},"modified":"2026-02-24T23:34:47","modified_gmt":"2026-02-24T23:34:47","slug":"faekalienpumpe-bw40-24v-40-l-min","status":"publish","type":"product","link":"https:\/\/stoic-curie.212-227-153-4.plesk.page\/de\/product\/faekalienpumpe-bw40-24v-40-l-min\/","title":{"rendered":"F\u00e4kalienpumpe BW40 24V 40 l\/min"},"content":{"rendered":"<p>F\u00e4kalienpumpe BW40 24V 40 l\/min &#8211; <\/p>\n<p>BW40 Zerhackerpumpe f\u00fcr die Toilettensp\u00fclung. Selbstansaugend bis zu 1,2 m. Geh\u00e4use aus Thermo-Polymer. Ein rotierender Schneider zerkleinert Abf\u00e4lle, bevor sie in den Vorratstank gepumpt werden. Hinweis: Die Pumpe sollte so nah wie m\u00f6glich am Auslassanschluss des Vorratstanks angeschlossen werden. Eingang \u00d8 38 mm \/ Ausgang \u00d8 25 mm.<\/p>\n","protected":false},"excerpt":{"rendered":"<p>F\u00e4kalienpumpe BW40 24V 40 l\/min &#8211; BW40 Zerhackerpumpe f\u00fcr die Toilettensp\u00fclung. Selbstansaugend bis zu 1,2 m. Geh\u00e4use aus Thermo-Polymer. Ein<\/p>\n","protected":false},"featured_media":5938520,"comment_status":"open","ping_status":"closed","template":"","meta":[],"product_brand":[3045],"product_cat":[1385,1362,1388],"product_tag":[],"class_list":{"0":"post-733590","1":"product","2":"type-product","3":"status-publish","4":"has-post-thumbnail","6":"product_brand-johnson-marine-de","7":"product_cat-abwasserpumpen","8":"product_cat-abwassertanks","9":"product_cat-marine-wcs","11":"first","12":"instock","13":"shipping-taxable","14":"purchasable","15":"product-type-simple"},"_links":{"self":[{"href":"https:\/\/stoic-curie.212-227-153-4.plesk.page\/de\/wp-json\/wp\/v2\/product\/733590","targetHints":{"allow":["GET"]}}],"collection":[{"href":"https:\/\/stoic-curie.212-227-153-4.plesk.page\/de\/wp-json\/wp\/v2\/product"}],"about":[{"href":"https:\/\/stoic-curie.212-227-153-4.plesk.page\/de\/wp-json\/wp\/v2\/types\/product"}],"replies":[{"embeddable":true,"href":"https:\/\/stoic-curie.212-227-153-4.plesk.page\/de\/wp-json\/wp\/v2\/comments?post=733590"}],"version-history":[{"count":0,"href":"https:\/\/stoic-curie.212-227-153-4.plesk.page\/de\/wp-json\/wp\/v2\/product\/733590\/revisions"}],"wp:featuredmedia":[{"embeddable":true,"href":"https:\/\/stoic-curie.212-227-153-4.plesk.page\/de\/wp-json\/wp\/v2\/media\/5938520"}],"wp:attachment":[{"href":"https:\/\/stoic-curie.212-227-153-4.plesk.page\/de\/wp-json\/wp\/v2\/media?parent=733590"}],"wp:term":[{"taxonomy":"product_brand","embeddable":true,"href":"https:\/\/stoic-curie.212-227-153-4.plesk.page\/de\/wp-json\/wp\/v2\/product_brand?post=733590"},{"taxonomy":"product_cat","embeddable":true,"href":"https:\/\/stoic-curie.212-227-153-4.plesk.page\/de\/wp-json\/wp\/v2\/product_cat?post=733590"},{"taxonomy":"product_tag","embeddable":true,"href":"https:\/\/stoic-curie.212-227-153-4.plesk.page\/de\/wp-json\/wp\/v2\/product_tag?post=733590"}],"curies":[{"name":"wp","href":"https:\/\/api.w.org\/{rel}","templated":true}]}}