{"id":733591,"date":"2025-03-03T16:19:40","date_gmt":"2025-03-03T15:19:40","guid":{"rendered":"https:\/\/stoic-curie.212-227-153-4.plesk.page\/producto\/johnson-faekalienzerkleinererpumpe-ta3p10-19-12v\/"},"modified":"2026-02-24T23:34:47","modified_gmt":"2026-02-24T23:34:47","slug":"johnson-faekalienzerkleinererpumpe-ta3p10-19-12v","status":"publish","type":"product","link":"https:\/\/stoic-curie.212-227-153-4.plesk.page\/de\/product\/johnson-faekalienzerkleinererpumpe-ta3p10-19-12v\/","title":{"rendered":"Johnson F\u00e4kalienzerkleinererpumpe TA3P10-19 12V"},"content":{"rendered":"<p>Johnson F\u00e4kalienzerkleinererpumpe TA3P10-19 12V &#8211; <\/p>\n<p>Johnson Zerkleinerungspumpe zum Entleeren von Abwassertanks. Selbstansaugend bis zu 2 m. Thermo-Polymer-Geh\u00e4use. Ein rotierendes Schneidwerk zerkleinert Abf\u00e4lle, bevor sie in den oder aus dem Lagertank gepumpt werden. Eingang \u00d8 38 mm \/ Ausgang \u00d8 25 mm.<\/p>\n","protected":false},"excerpt":{"rendered":"<p>Johnson F\u00e4kalienzerkleinererpumpe TA3P10-19 12V &#8211; Johnson Zerkleinerungspumpe zum Entleeren von Abwassertanks. Selbstansaugend bis zu 2 m. Thermo-Polymer-Geh\u00e4use. Ein rotierendes Schneidwerk<\/p>\n","protected":false},"featured_media":5938521,"comment_status":"open","ping_status":"closed","template":"","meta":[],"product_brand":[3045],"product_cat":[1385,1362,1388],"product_tag":[],"class_list":{"0":"post-733591","1":"product","2":"type-product","3":"status-publish","4":"has-post-thumbnail","6":"product_brand-johnson-marine-de","7":"product_cat-abwasserpumpen","8":"product_cat-abwassertanks","9":"product_cat-marine-wcs","11":"first","12":"instock","13":"shipping-taxable","14":"purchasable","15":"product-type-simple"},"_links":{"self":[{"href":"https:\/\/stoic-curie.212-227-153-4.plesk.page\/de\/wp-json\/wp\/v2\/product\/733591","targetHints":{"allow":["GET"]}}],"collection":[{"href":"https:\/\/stoic-curie.212-227-153-4.plesk.page\/de\/wp-json\/wp\/v2\/product"}],"about":[{"href":"https:\/\/stoic-curie.212-227-153-4.plesk.page\/de\/wp-json\/wp\/v2\/types\/product"}],"replies":[{"embeddable":true,"href":"https:\/\/stoic-curie.212-227-153-4.plesk.page\/de\/wp-json\/wp\/v2\/comments?post=733591"}],"version-history":[{"count":0,"href":"https:\/\/stoic-curie.212-227-153-4.plesk.page\/de\/wp-json\/wp\/v2\/product\/733591\/revisions"}],"wp:featuredmedia":[{"embeddable":true,"href":"https:\/\/stoic-curie.212-227-153-4.plesk.page\/de\/wp-json\/wp\/v2\/media\/5938521"}],"wp:attachment":[{"href":"https:\/\/stoic-curie.212-227-153-4.plesk.page\/de\/wp-json\/wp\/v2\/media?parent=733591"}],"wp:term":[{"taxonomy":"product_brand","embeddable":true,"href":"https:\/\/stoic-curie.212-227-153-4.plesk.page\/de\/wp-json\/wp\/v2\/product_brand?post=733591"},{"taxonomy":"product_cat","embeddable":true,"href":"https:\/\/stoic-curie.212-227-153-4.plesk.page\/de\/wp-json\/wp\/v2\/product_cat?post=733591"},{"taxonomy":"product_tag","embeddable":true,"href":"https:\/\/stoic-curie.212-227-153-4.plesk.page\/de\/wp-json\/wp\/v2\/product_tag?post=733591"}],"curies":[{"name":"wp","href":"https:\/\/api.w.org\/{rel}","templated":true}]}}