{"id":733594,"date":"2025-03-03T16:19:40","date_gmt":"2025-03-03T15:19:40","guid":{"rendered":"https:\/\/stoic-curie.212-227-153-4.plesk.page\/producto\/membranpumpe-viking-power-vacuum-12v-24-liter-minute-10-13373-07\/"},"modified":"2026-02-24T23:34:47","modified_gmt":"2026-02-24T23:34:47","slug":"membranpumpe-viking-power-vacuum-12v-24-liter-minute-10-13373-07","status":"publish","type":"product","link":"https:\/\/stoic-curie.212-227-153-4.plesk.page\/de\/product\/membranpumpe-viking-power-vacuum-12v-24-liter-minute-10-13373-07\/","title":{"rendered":"Membranpumpe Viking Power Vacuum 12V 24 Liter\/Minute 10-13373-07"},"content":{"rendered":"<p>Membranpumpe Viking Power Vacuum 12V 24 Liter\/Minute 10-13373-07 &#8211; <\/p>\n<p>SPX Johnson Viking Vacuum selbstansaugende Membranpumpe, ausgestattet mit doppeltwirkenden R\u00fcckschlagventilen, ohne Filterbedarf. Wird auch verwendet, um Grauwasser oder sogar nicht zerkleinertes Abwasser vom Holdingtank zur Dockstation oder ins Meer zu transportieren. Im Notfall kann sie manuell betrieben werden. Einfach \u00fcberall zu installieren, dank des 360\u00b0 drehbaren Pumpenkopfs kann sie in verschiedenen Pumpen\/Motor-Konfigurationen eingerichtet werden. Entwickelt mit einem kugelgelagerten Antrieb f\u00fcr eine lange Lebensdauer. Sie kann nicht nur trocken laufen, sondern auch problemlos eine Mischung aus Luft und Wasser f\u00f6rdern. Obwohl sie von einem Elektromotor betrieben wird, kann diese Pumpe im Notfall auch manuell bet\u00e4tigt werden. \u2022 Maximaler Durchfluss 32 Lt\/min \u2022 Entworfen zum Entleeren von Abwasser und Bilgen \u2022 Einfach zu installieren, auch in engen R\u00e4umen \u2022 Ruhiger Betrieb \u2022 Einfache und kosteng\u00fcnstige Wartung \u2022 Selbstansaugend bis zu 2,5 m (8,2 Fu\u00df) \u2022 Hochschlagfester glasfaserverst\u00e4rkter Nylonk\u00f6rper \u2022 Kann trocken laufen und Luft\/Wasser-Gemische pumpen \u2022 Robuste (einfache) Membran <\/p>\n","protected":false},"excerpt":{"rendered":"<p>Membranpumpe Viking Power Vacuum 12V 24 Liter\/Minute 10-13373-07 &#8211; SPX Johnson Viking Vacuum selbstansaugende Membranpumpe, ausgestattet mit doppeltwirkenden R\u00fcckschlagventilen, ohne<\/p>\n","protected":false},"featured_media":5938523,"comment_status":"open","ping_status":"closed","template":"","meta":[],"product_brand":[3045],"product_cat":[1385,1362],"product_tag":[],"class_list":{"0":"post-733594","1":"product","2":"type-product","3":"status-publish","4":"has-post-thumbnail","6":"product_brand-johnson-marine-de","7":"product_cat-abwasserpumpen","8":"product_cat-abwassertanks","10":"first","11":"instock","12":"shipping-taxable","13":"purchasable","14":"product-type-simple"},"_links":{"self":[{"href":"https:\/\/stoic-curie.212-227-153-4.plesk.page\/de\/wp-json\/wp\/v2\/product\/733594","targetHints":{"allow":["GET"]}}],"collection":[{"href":"https:\/\/stoic-curie.212-227-153-4.plesk.page\/de\/wp-json\/wp\/v2\/product"}],"about":[{"href":"https:\/\/stoic-curie.212-227-153-4.plesk.page\/de\/wp-json\/wp\/v2\/types\/product"}],"replies":[{"embeddable":true,"href":"https:\/\/stoic-curie.212-227-153-4.plesk.page\/de\/wp-json\/wp\/v2\/comments?post=733594"}],"version-history":[{"count":0,"href":"https:\/\/stoic-curie.212-227-153-4.plesk.page\/de\/wp-json\/wp\/v2\/product\/733594\/revisions"}],"wp:featuredmedia":[{"embeddable":true,"href":"https:\/\/stoic-curie.212-227-153-4.plesk.page\/de\/wp-json\/wp\/v2\/media\/5938523"}],"wp:attachment":[{"href":"https:\/\/stoic-curie.212-227-153-4.plesk.page\/de\/wp-json\/wp\/v2\/media?parent=733594"}],"wp:term":[{"taxonomy":"product_brand","embeddable":true,"href":"https:\/\/stoic-curie.212-227-153-4.plesk.page\/de\/wp-json\/wp\/v2\/product_brand?post=733594"},{"taxonomy":"product_cat","embeddable":true,"href":"https:\/\/stoic-curie.212-227-153-4.plesk.page\/de\/wp-json\/wp\/v2\/product_cat?post=733594"},{"taxonomy":"product_tag","embeddable":true,"href":"https:\/\/stoic-curie.212-227-153-4.plesk.page\/de\/wp-json\/wp\/v2\/product_tag?post=733594"}],"curies":[{"name":"wp","href":"https:\/\/api.w.org\/{rel}","templated":true}]}}