{"id":733597,"date":"2025-03-03T16:19:41","date_gmt":"2025-03-03T15:19:41","guid":{"rendered":"https:\/\/stoic-curie.212-227-153-4.plesk.page\/producto\/wasserlade-pumpe-johnson-24v-11-liter-pro-minute-fuer-marine-toiletten\/"},"modified":"2026-02-24T23:34:47","modified_gmt":"2026-02-24T23:34:47","slug":"wasserlade-pumpe-johnson-24v-11-liter-pro-minute-fuer-marine-toiletten","status":"publish","type":"product","link":"https:\/\/stoic-curie.212-227-153-4.plesk.page\/de\/product\/wasserlade-pumpe-johnson-24v-11-liter-pro-minute-fuer-marine-toiletten\/","title":{"rendered":"Wasserlade-Pumpe Johnson 24V, 11 Liter pro Minute f\u00fcr Marine-Toiletten"},"content":{"rendered":"<p>Wasserlade-Pumpe Johnson 24V, 11 Liter pro Minute f\u00fcr Marine-Toiletten &#8211; <\/p>\n<p>Die selbstansaugende, automatisch sp\u00fclende Wasserladestation von Johnson eignet sich f\u00fcr alle marinen 12V\/24V-Toiletten mit externem Sp\u00fclsystem und ist mit einem An\/Aus-Schalter ausgestattet. Sie passt zu allen Silent Electric Modellen. Die Pumpe liefert 13 l\/min \/ 3,5 GPM.<\/p>\n","protected":false},"excerpt":{"rendered":"<p>Wasserlade-Pumpe Johnson 24V, 11 Liter pro Minute f\u00fcr Marine-Toiletten &#8211; Die selbstansaugende, automatisch sp\u00fclende Wasserladestation von Johnson eignet sich f\u00fcr<\/p>\n","protected":false},"featured_media":5938526,"comment_status":"open","ping_status":"closed","template":"","meta":[],"product_brand":[3045],"product_cat":[1385,1362,1373,1384],"product_tag":[],"class_list":{"0":"post-733597","1":"product","2":"type-product","3":"status-publish","4":"has-post-thumbnail","6":"product_brand-johnson-marine-de","7":"product_cat-abwasserpumpen","8":"product_cat-abwassertanks","9":"product_cat-wasserdruckpumpen","10":"product_cat-wasserkreislaufpumpen","12":"first","13":"instock","14":"shipping-taxable","15":"purchasable","16":"product-type-simple"},"_links":{"self":[{"href":"https:\/\/stoic-curie.212-227-153-4.plesk.page\/de\/wp-json\/wp\/v2\/product\/733597","targetHints":{"allow":["GET"]}}],"collection":[{"href":"https:\/\/stoic-curie.212-227-153-4.plesk.page\/de\/wp-json\/wp\/v2\/product"}],"about":[{"href":"https:\/\/stoic-curie.212-227-153-4.plesk.page\/de\/wp-json\/wp\/v2\/types\/product"}],"replies":[{"embeddable":true,"href":"https:\/\/stoic-curie.212-227-153-4.plesk.page\/de\/wp-json\/wp\/v2\/comments?post=733597"}],"version-history":[{"count":0,"href":"https:\/\/stoic-curie.212-227-153-4.plesk.page\/de\/wp-json\/wp\/v2\/product\/733597\/revisions"}],"wp:featuredmedia":[{"embeddable":true,"href":"https:\/\/stoic-curie.212-227-153-4.plesk.page\/de\/wp-json\/wp\/v2\/media\/5938526"}],"wp:attachment":[{"href":"https:\/\/stoic-curie.212-227-153-4.plesk.page\/de\/wp-json\/wp\/v2\/media?parent=733597"}],"wp:term":[{"taxonomy":"product_brand","embeddable":true,"href":"https:\/\/stoic-curie.212-227-153-4.plesk.page\/de\/wp-json\/wp\/v2\/product_brand?post=733597"},{"taxonomy":"product_cat","embeddable":true,"href":"https:\/\/stoic-curie.212-227-153-4.plesk.page\/de\/wp-json\/wp\/v2\/product_cat?post=733597"},{"taxonomy":"product_tag","embeddable":true,"href":"https:\/\/stoic-curie.212-227-153-4.plesk.page\/de\/wp-json\/wp\/v2\/product_tag?post=733597"}],"curies":[{"name":"wp","href":"https:\/\/api.w.org\/{rel}","templated":true}]}}