{"id":733601,"date":"2025-03-03T16:19:42","date_gmt":"2025-03-03T15:19:42","guid":{"rendered":"https:\/\/stoic-curie.212-227-153-4.plesk.page\/producto\/ersatzpumpe-fuer-manuelle-toiletten-von-johnson-aquat\/"},"modified":"2026-02-24T23:34:47","modified_gmt":"2026-02-24T23:34:47","slug":"ersatzpumpe-fuer-manuelle-toiletten-von-johnson-aquat","status":"publish","type":"product","link":"https:\/\/stoic-curie.212-227-153-4.plesk.page\/de\/product\/ersatzpumpe-fuer-manuelle-toiletten-von-johnson-aquat\/","title":{"rendered":"Ersatzpumpe f\u00fcr manuelle Toiletten von Johnson AquaT"},"content":{"rendered":"<p>Ersatzpumpe f\u00fcr manuelle Toiletten von Johnson AquaT &#8211; <\/p>\n<p>Die Johnson AquaT-Toilette ist mit einer ergonomisch gestalteten, doppelt wirkenden, selbstansaugenden Handpumpe ausgestattet, die sowohl links als auch rechts montiert werden kann. Sie funktioniert sowohl mit S\u00fc\u00df- als auch mit Salzwasser und kann oberhalb oder unterhalb der Wasserlinie montiert werden. Verf\u00fcgbar in drei Modellen: \u00e2\u0080\u00a2 Kompakt &#8211; ideal f\u00fcr begrenzte R\u00e4ume mit einem runden Sitz \u00e2\u0080\u00a2 Komfort &#8211; gr\u00f6\u00dfer und bequemer mit einem ovalen Sitz \u00e2\u0080\u00a2 Super Kompakt &#8211; kleiner und leichter mit einem runden Sitz. Hergestellt aus hochwertigem, wei\u00dfem, vitreus Porzellan f\u00fcr perfekte Hygiene. Praktisch, leise und zuverl\u00e4ssig. Starker Strudel f\u00fcr effizientes Sp\u00fclen. Messingkolbenf\u00fchrung f\u00fcr eine l\u00e4ngere Lebensdauer. Federunterst\u00fctzte Oberventilschlie\u00dfung f\u00fcr einfacheres Ansaugen. Doppelte R\u00fcckschlagventile mit vollem Durchmesser von 38 mm (1 1\/2&#8243;) zur Verhinderung von R\u00fcckfluss. Multi-Winkel-Ablauf f\u00fcr gr\u00f6\u00dfere Installationsfreiheit. Doppelt abgedichteter Bodenstecker f\u00fcr die Winterentw\u00e4sserung und einfachen Reinigungszugang. Zug\u00e4ngliche Montagepunkte f\u00fcr eine schnellere Installation ohne spezielle Werkzeuge. Flexibles Bohrmuster am Boden f\u00fcr einen einfachen Austausch mit den gebr\u00e4uchlichsten Toiletten auf dem Markt. Eingang \u00c3\u00b8 20 mm (3\/4\u00e2\u0080\u009d), Ausgang \u00c3\u00b8 38 mm (1\u00e2\u0080\u009d 1\/2). 3 Jahre Garantie.<\/p>\n","protected":false},"excerpt":{"rendered":"<p>Ersatzpumpe f\u00fcr manuelle Toiletten von Johnson AquaT &#8211; Die Johnson AquaT-Toilette ist mit einer ergonomisch gestalteten, doppelt wirkenden, selbstansaugenden Handpumpe<\/p>\n","protected":false},"featured_media":5938543,"comment_status":"open","ping_status":"closed","template":"","meta":[],"product_brand":[3045],"product_cat":[1388],"product_tag":[],"class_list":{"0":"post-733601","1":"product","2":"type-product","3":"status-publish","4":"has-post-thumbnail","6":"product_brand-johnson-marine-de","7":"product_cat-marine-wcs","9":"first","10":"instock","11":"shipping-taxable","12":"purchasable","13":"product-type-simple"},"_links":{"self":[{"href":"https:\/\/stoic-curie.212-227-153-4.plesk.page\/de\/wp-json\/wp\/v2\/product\/733601","targetHints":{"allow":["GET"]}}],"collection":[{"href":"https:\/\/stoic-curie.212-227-153-4.plesk.page\/de\/wp-json\/wp\/v2\/product"}],"about":[{"href":"https:\/\/stoic-curie.212-227-153-4.plesk.page\/de\/wp-json\/wp\/v2\/types\/product"}],"replies":[{"embeddable":true,"href":"https:\/\/stoic-curie.212-227-153-4.plesk.page\/de\/wp-json\/wp\/v2\/comments?post=733601"}],"version-history":[{"count":0,"href":"https:\/\/stoic-curie.212-227-153-4.plesk.page\/de\/wp-json\/wp\/v2\/product\/733601\/revisions"}],"wp:featuredmedia":[{"embeddable":true,"href":"https:\/\/stoic-curie.212-227-153-4.plesk.page\/de\/wp-json\/wp\/v2\/media\/5938543"}],"wp:attachment":[{"href":"https:\/\/stoic-curie.212-227-153-4.plesk.page\/de\/wp-json\/wp\/v2\/media?parent=733601"}],"wp:term":[{"taxonomy":"product_brand","embeddable":true,"href":"https:\/\/stoic-curie.212-227-153-4.plesk.page\/de\/wp-json\/wp\/v2\/product_brand?post=733601"},{"taxonomy":"product_cat","embeddable":true,"href":"https:\/\/stoic-curie.212-227-153-4.plesk.page\/de\/wp-json\/wp\/v2\/product_cat?post=733601"},{"taxonomy":"product_tag","embeddable":true,"href":"https:\/\/stoic-curie.212-227-153-4.plesk.page\/de\/wp-json\/wp\/v2\/product_tag?post=733601"}],"curies":[{"name":"wp","href":"https:\/\/api.w.org\/{rel}","templated":true}]}}