{"id":733603,"date":"2025-03-03T16:19:42","date_gmt":"2025-03-03T15:19:42","guid":{"rendered":"https:\/\/stoic-curie.212-227-153-4.plesk.page\/producto\/elektroventil-ocean-24v-fuer-marine-toiletten\/"},"modified":"2026-02-24T23:34:47","modified_gmt":"2026-02-24T23:34:47","slug":"elektroventil-ocean-24v-fuer-marine-toiletten","status":"publish","type":"product","link":"https:\/\/stoic-curie.212-227-153-4.plesk.page\/de\/product\/elektroventil-ocean-24v-fuer-marine-toiletten\/","title":{"rendered":"Elektroventil Ocean 24V f\u00fcr Marine-Toiletten"},"content":{"rendered":"<p>Elektroventil Ocean 24V f\u00fcr Marine-Toiletten &#8211; <\/p>\n<p>Ocean Luxury Standard Elektroklo: <br \/>\u2022 H\u00f6chste Lautlosigkeit <br \/>\u2022 Gro\u00dfer Komfort (f\u00fchlt sich wie zu Hause an) <br \/>\u2022 Minimaler Wasserverbrauch <br \/>\u2022 Automatische Wasserzufuhr- und -abfuhrsteuerung <br \/>\u2022 Kombinierte Pumpeneinheit zur Abfallentsorgung <br \/>\u2022 Digitales Bedienfeld <br \/>\u2022 Duroplast-Sitz mit Soft-Close-Scharnierabdeckung <br \/>\u2022 Sto\u00dffestes und korrosionsbest\u00e4ndiges Material <br \/>\u2022 R\u00fcckschlagventil <br \/>\u2022 Selbstansaugend bis zu 1,5 Meter H\u00f6he <br \/>\u2022 Kann sowohl oberhalb als auch unterhalb der Wasserlinie montiert werden <br \/>Es kann ein automatisches Wassersystem oder eine an Bord installierte Abwasserpumpe zur Wassereinleitung verwendet werden. <br \/>Es ist mit einem elektronischen Schalter ausgestattet, um die Wasserzufuhr und -abfuhr automatisch in zwei verschiedenen Phasen zu regulieren: Zuerst wird die Sch\u00fcssel mit sauberem Wasser gef\u00fcllt, dann wird der Abfall abgeleitet, wodurch die Sch\u00fcssel leer und sauber bleibt. <br \/>Zu erg\u00e4nzen mit einer Wasser-Sp\u00fclpumpenlast. <br \/>Bei der Installation mehrerer Toiletten wird eine einzige Wasserpumpe f\u00fcr alle Toiletten und ein Elektroventil f\u00fcr jedes Toilettenbecken ben\u00f6tigt. <br \/>Zufluss \u00d8 19 mm (3\/4&#8243;), Abfluss \u00d8 25\/38 mm (1&#8243;-1&#8243;1\/2). <br \/>Stromverbrauch 30A bei 12V<\/p>\n","protected":false},"excerpt":{"rendered":"<p>Elektroventil Ocean 24V f\u00fcr Marine-Toiletten &#8211; Ocean Luxury Standard Elektroklo: \u2022 H\u00f6chste Lautlosigkeit \u2022 Gro\u00dfer Komfort (f\u00fchlt sich wie zu<\/p>\n","protected":false},"featured_media":5938547,"comment_status":"open","ping_status":"closed","template":"","meta":[],"product_brand":[3140],"product_cat":[1362,1388],"product_tag":[],"class_list":{"0":"post-733603","1":"product","2":"type-product","3":"status-publish","4":"has-post-thumbnail","6":"product_brand-matromarine-de","7":"product_cat-abwassertanks","8":"product_cat-marine-wcs","10":"first","11":"instock","12":"shipping-taxable","13":"purchasable","14":"product-type-simple"},"_links":{"self":[{"href":"https:\/\/stoic-curie.212-227-153-4.plesk.page\/de\/wp-json\/wp\/v2\/product\/733603","targetHints":{"allow":["GET"]}}],"collection":[{"href":"https:\/\/stoic-curie.212-227-153-4.plesk.page\/de\/wp-json\/wp\/v2\/product"}],"about":[{"href":"https:\/\/stoic-curie.212-227-153-4.plesk.page\/de\/wp-json\/wp\/v2\/types\/product"}],"replies":[{"embeddable":true,"href":"https:\/\/stoic-curie.212-227-153-4.plesk.page\/de\/wp-json\/wp\/v2\/comments?post=733603"}],"version-history":[{"count":0,"href":"https:\/\/stoic-curie.212-227-153-4.plesk.page\/de\/wp-json\/wp\/v2\/product\/733603\/revisions"}],"wp:featuredmedia":[{"embeddable":true,"href":"https:\/\/stoic-curie.212-227-153-4.plesk.page\/de\/wp-json\/wp\/v2\/media\/5938547"}],"wp:attachment":[{"href":"https:\/\/stoic-curie.212-227-153-4.plesk.page\/de\/wp-json\/wp\/v2\/media?parent=733603"}],"wp:term":[{"taxonomy":"product_brand","embeddable":true,"href":"https:\/\/stoic-curie.212-227-153-4.plesk.page\/de\/wp-json\/wp\/v2\/product_brand?post=733603"},{"taxonomy":"product_cat","embeddable":true,"href":"https:\/\/stoic-curie.212-227-153-4.plesk.page\/de\/wp-json\/wp\/v2\/product_cat?post=733603"},{"taxonomy":"product_tag","embeddable":true,"href":"https:\/\/stoic-curie.212-227-153-4.plesk.page\/de\/wp-json\/wp\/v2\/product_tag?post=733603"}],"curies":[{"name":"wp","href":"https:\/\/api.w.org\/{rel}","templated":true}]}}