{"id":733610,"date":"2025-03-03T16:19:43","date_gmt":"2025-03-03T15:19:43","guid":{"rendered":"https:\/\/stoic-curie.212-227-153-4.plesk.page\/producto\/marine-toilette-ocean-laguna-silent-24v\/"},"modified":"2026-02-24T23:34:47","modified_gmt":"2026-02-24T23:34:47","slug":"marine-toilette-ocean-laguna-silent-24v","status":"publish","type":"product","link":"https:\/\/stoic-curie.212-227-153-4.plesk.page\/de\/product\/marine-toilette-ocean-laguna-silent-24v\/","title":{"rendered":"Marine Toilette Ocean Laguna Silent 24V"},"content":{"rendered":"<p>Marine Toilette Ocean Laguna Silent 24V &#8211; <\/p>\n<p>Ocean Laguna Silent Hydrovacuum elektronische Toilette:<br \/>\u2022 Hoher Komfort und sehr leise<br \/>\u2022 Minimaler Wasserverbrauch<br \/>\u2022 Automatische Wasser Ein-\/Ausregelung<br \/>\u2022 Kombinierte Pumpeneinheit f\u00fcr Abfallentsorgung<br \/>\u2022 Steuerpanel<br \/>\u2022 Lackierte Holz-Sitz mit sanft schlie\u00dfendem Scharnier<br \/>\u2022 Schlagfeste und korrosionsbest\u00e4ndige Materialien<br \/>\u2022 R\u00fcckschlagventil<br \/>\u2022 Selbstansaugend bis zu 1,5 Meter H\u00f6he<br \/>\u2022 Kann sowohl \u00fcber als auch unter der Wasserlinie montiert werden<br \/>Eine Hochleistungs-pumpe, die die Abfallentsorgung bis zu 7 Meter in der H\u00f6he und auf eine Distanz von 70 Metern erm\u00f6glicht.<br \/>Das System kann eine automatische Wasserversorgung oder eine an Bord installierte Abwasserpumpe f\u00fcr den Wasser-Einlass verwenden.<br \/>Es ist mit einem elektronischen Schalter ausgestattet, der automatisch den Wasserzulauf und -abfluss in 2 verschiedenen Phasen regelt: zuerst wird die Sch\u00fcssel mit sauberem Wasser gef\u00fcllt, dann wird der Abfall abgelassen, sodass die Sch\u00fcssel leer und sauber bleibt.<br \/>Zu vervollst\u00e4ndigen mit Wasser-Sp\u00fclpumpe.<br \/>Einlass \u00d8 19 mm (3\/4&#8221;), Auslass \u00d8 38 mm (1&#8221;1\/2).<\/p>\n","protected":false},"excerpt":{"rendered":"<p>Marine Toilette Ocean Laguna Silent 24V &#8211; Ocean Laguna Silent Hydrovacuum elektronische Toilette:\u2022 Hoher Komfort und sehr leise\u2022 Minimaler Wasserverbrauch\u2022<\/p>\n","protected":false},"featured_media":5938559,"comment_status":"open","ping_status":"closed","template":"","meta":[],"product_brand":[3140],"product_cat":[1388],"product_tag":[],"class_list":{"0":"post-733610","1":"product","2":"type-product","3":"status-publish","4":"has-post-thumbnail","6":"product_brand-matromarine-de","7":"product_cat-marine-wcs","9":"first","10":"instock","11":"shipping-taxable","12":"purchasable","13":"product-type-simple"},"_links":{"self":[{"href":"https:\/\/stoic-curie.212-227-153-4.plesk.page\/de\/wp-json\/wp\/v2\/product\/733610","targetHints":{"allow":["GET"]}}],"collection":[{"href":"https:\/\/stoic-curie.212-227-153-4.plesk.page\/de\/wp-json\/wp\/v2\/product"}],"about":[{"href":"https:\/\/stoic-curie.212-227-153-4.plesk.page\/de\/wp-json\/wp\/v2\/types\/product"}],"replies":[{"embeddable":true,"href":"https:\/\/stoic-curie.212-227-153-4.plesk.page\/de\/wp-json\/wp\/v2\/comments?post=733610"}],"version-history":[{"count":0,"href":"https:\/\/stoic-curie.212-227-153-4.plesk.page\/de\/wp-json\/wp\/v2\/product\/733610\/revisions"}],"wp:featuredmedia":[{"embeddable":true,"href":"https:\/\/stoic-curie.212-227-153-4.plesk.page\/de\/wp-json\/wp\/v2\/media\/5938559"}],"wp:attachment":[{"href":"https:\/\/stoic-curie.212-227-153-4.plesk.page\/de\/wp-json\/wp\/v2\/media?parent=733610"}],"wp:term":[{"taxonomy":"product_brand","embeddable":true,"href":"https:\/\/stoic-curie.212-227-153-4.plesk.page\/de\/wp-json\/wp\/v2\/product_brand?post=733610"},{"taxonomy":"product_cat","embeddable":true,"href":"https:\/\/stoic-curie.212-227-153-4.plesk.page\/de\/wp-json\/wp\/v2\/product_cat?post=733610"},{"taxonomy":"product_tag","embeddable":true,"href":"https:\/\/stoic-curie.212-227-153-4.plesk.page\/de\/wp-json\/wp\/v2\/product_tag?post=733610"}],"curies":[{"name":"wp","href":"https:\/\/api.w.org\/{rel}","templated":true}]}}