{"id":733631,"date":"2025-03-03T16:19:47","date_gmt":"2025-03-03T15:19:47","guid":{"rendered":"https:\/\/stoic-curie.212-227-153-4.plesk.page\/producto\/warmwasserboiler-quick-bxs25\/"},"modified":"2026-02-24T23:34:48","modified_gmt":"2026-02-24T23:34:48","slug":"warmwasserboiler-quick-bxs25","status":"publish","type":"product","link":"https:\/\/stoic-curie.212-227-153-4.plesk.page\/de\/product\/warmwasserboiler-quick-bxs25\/","title":{"rendered":"Warmwasserboiler Quick BXS 25"},"content":{"rendered":"<p>Warmwasserboiler Quick BXS 25 &#8211; <\/p>\n<p style=\"color: rgb(34, 34, 34); font-family: Arial, Helvetica, sans-serif; font-size: small;\">BXS 25 Serie Rechteckiger Wasserkocher von Quick Italy<\/p>\n<p style=\"color: rgb(34, 34, 34); font-family: Arial, Helvetica, sans-serif; font-size: small;\">Der Rechteckige Nautic-Kessel wurde speziell f\u00fcr den maritimen Einsatz entwickelt. Er kann sowohl mit Landstrom als auch mit einem Generator betrieben werden und verf\u00fcgt \u00fcber einen 1200W, 220V elektrischen Widerstand. Dar\u00fcber hinaus enth\u00e4lt er einen einzigartigen W\u00e4rmetauscher, der die W\u00e4rme aus dem K\u00fchlsystem des Motors nutzt, um sicherzustellen, dass das Wasser trinkbar bleibt. Ein Anode ist ebenfalls enthalten, um die Auswirkungen von Elektrolyse zu sch\u00fctzen.<\/p>\n<p style=\"color: rgb(34, 34, 34); font-family: Arial, Helvetica, sans-serif; font-size: small;\">Dieser Wasserkocher besteht aus einem Tank aus 316 Edelstahl und einer isolierten Au\u00dfenschale, was sowohl Langlebigkeit als auch Effizienz gew\u00e4hrleistet. Er wird mit einer dreij\u00e4hrigen Garantie angeboten und ben\u00f6tigt ein Mischventil-Kit f\u00fcr eine optimale Funktionalit\u00e4t.<\/p>\n<p style=\"color: rgb(34, 34, 34); font-family: Arial, Helvetica, sans-serif; font-size: small;\">Hauptmerkmale:<\/p>\n<ul style=\"color: rgb(34, 34, 34); font-family: Arial, Helvetica, sans-serif; font-size: small;\">\n<li>\u00c4u\u00dfere Zylinder: Edelstahl, AISI 304<\/li>\n<li>Wassertank und Heizelement: Edelstahl, AISI 316L<\/li>\n<li>Wird mit einer Montageschiene geliefert<\/li>\n<li>Kann sowohl vertikal als auch horizontal installiert werden<\/li>\n<\/ul>\n<p style=\"color: rgb(34, 34, 34); font-family: Arial, Helvetica, sans-serif; font-size: small;\">Technische Daten des Quick Nautic Kessels BXS 25:<\/p>\n<ul style=\"color: rgb(34, 34, 34); font-family: Arial, Helvetica, sans-serif; font-size: small;\">\n<li>Kapazit\u00e4t: 25 Liter<\/li>\n<li>Heizelement: 1200 W, 220 V<\/li>\n<li>Abmessungen (LxBxH): 480 x 330 x 330 mm<\/li>\n<li>Gewicht: 13,5 kg<\/li>\n<\/ul>\n<p style=\"color: rgb(34, 34, 34); font-family: Arial, Helvetica, sans-serif; font-size: small;\">Dieser Wasserkocher ist eine hervorragende Wahl f\u00fcr Bootsbegeisterte, die nach zuverl\u00e4ssigen und effizienten Heizl\u00f6sungen suchen.<\/p>\n","protected":false},"excerpt":{"rendered":"<p>Warmwasserboiler Quick BXS 25 &#8211; BXS 25 Serie Rechteckiger Wasserkocher von Quick Italy Der Rechteckige Nautic-Kessel wurde speziell f\u00fcr den<\/p>\n","protected":false},"featured_media":5938708,"comment_status":"open","ping_status":"closed","template":"","meta":[],"product_brand":[3280],"product_cat":[1364],"product_tag":[],"class_list":{"0":"post-733631","1":"product","2":"type-product","3":"status-publish","4":"has-post-thumbnail","6":"product_brand-quick-de","7":"product_cat-wasserboiler","9":"first","10":"instock","11":"shipping-taxable","12":"purchasable","13":"product-type-simple"},"_links":{"self":[{"href":"https:\/\/stoic-curie.212-227-153-4.plesk.page\/de\/wp-json\/wp\/v2\/product\/733631","targetHints":{"allow":["GET"]}}],"collection":[{"href":"https:\/\/stoic-curie.212-227-153-4.plesk.page\/de\/wp-json\/wp\/v2\/product"}],"about":[{"href":"https:\/\/stoic-curie.212-227-153-4.plesk.page\/de\/wp-json\/wp\/v2\/types\/product"}],"replies":[{"embeddable":true,"href":"https:\/\/stoic-curie.212-227-153-4.plesk.page\/de\/wp-json\/wp\/v2\/comments?post=733631"}],"version-history":[{"count":0,"href":"https:\/\/stoic-curie.212-227-153-4.plesk.page\/de\/wp-json\/wp\/v2\/product\/733631\/revisions"}],"wp:featuredmedia":[{"embeddable":true,"href":"https:\/\/stoic-curie.212-227-153-4.plesk.page\/de\/wp-json\/wp\/v2\/media\/5938708"}],"wp:attachment":[{"href":"https:\/\/stoic-curie.212-227-153-4.plesk.page\/de\/wp-json\/wp\/v2\/media?parent=733631"}],"wp:term":[{"taxonomy":"product_brand","embeddable":true,"href":"https:\/\/stoic-curie.212-227-153-4.plesk.page\/de\/wp-json\/wp\/v2\/product_brand?post=733631"},{"taxonomy":"product_cat","embeddable":true,"href":"https:\/\/stoic-curie.212-227-153-4.plesk.page\/de\/wp-json\/wp\/v2\/product_cat?post=733631"},{"taxonomy":"product_tag","embeddable":true,"href":"https:\/\/stoic-curie.212-227-153-4.plesk.page\/de\/wp-json\/wp\/v2\/product_tag?post=733631"}],"curies":[{"name":"wp","href":"https:\/\/api.w.org\/{rel}","templated":true}]}}