{"id":733632,"date":"2025-03-03T16:19:47","date_gmt":"2025-03-03T15:19:47","guid":{"rendered":"https:\/\/stoic-curie.212-227-153-4.plesk.page\/producto\/nautic-boiler-wasserkocher-quick-bxs40\/"},"modified":"2026-02-24T23:34:48","modified_gmt":"2026-02-24T23:34:48","slug":"nautic-boiler-wasserkocher-quick-bxs40","status":"publish","type":"product","link":"https:\/\/stoic-curie.212-227-153-4.plesk.page\/de\/product\/nautic-boiler-wasserkocher-quick-bxs40\/","title":{"rendered":"Wasserkocher Quick BXS 40"},"content":{"rendered":"<p>Wasserkocher Quick BXS 40 &#8211; <\/p>\n<p style=\"color: rgb(34, 34, 34); font-family: Arial, Helvetica, sans-serif; font-size: small;\">Der Square Nautic Boiler Quick BXS40 wurde speziell f\u00fcr den maritimen Einsatz entwickelt. Er kann entweder mit Landstrom oder einem Generator betrieben werden und nutzt einen 1200W-220V elektrischen Widerstand. Dar\u00fcber hinaus verf\u00fcgt er \u00fcber einen einzigartigen W\u00e4rmetauscher, der es ihm erm\u00f6glicht, W\u00e4rme aus dem K\u00fchlkreislauf des Motors zu verwenden, wodurch das Wasser sicher zum Trinken bleibt. Ein Anodenstahl ist enthalten, um die Auswirkungen der Elektrolyse zu verhindern.<\/p>\n<p style=\"color: rgb(34, 34, 34); font-family: Arial, Helvetica, sans-serif; font-size: small;\">Dieser Wassererhitzer ist mit einem Tank aus Edelstahl 316 und einem isolierten Geh\u00e4use ausgestattet, was ihm Langlebigkeit und Effizienz verleiht. Er wird mit einer dreij\u00e4hrigen Garantie geliefert und erfordert ein Mischventil-Kit f\u00fcr optimale Leistung.<\/p>\n<p style=\"color: rgb(34, 34, 34); font-family: Arial, Helvetica, sans-serif; font-size: small;\">Die wichtigsten Spezifikationen sind:<\/p>\n<ul style=\"color: rgb(34, 34, 34); font-family: Arial, Helvetica, sans-serif; font-size: small;\">\n<li>Au\u00dfenzylinder: AISI 304 Edelstahl<\/li>\n<li>Wassertank und Heizelement: AISI 316L Edelstahl<\/li>\n<li>Mit einer Montagehalterung geliefert<\/li>\n<li>Optionen f\u00fcr vertikale oder horizontale Installation<\/li>\n<\/ul>\n<p style=\"color: rgb(34, 34, 34); font-family: Arial, Helvetica, sans-serif; font-size: small;\">Modell: Quick Nautic Boiler BXS 40<\/p>\n<ul style=\"color: rgb(34, 34, 34); font-family: Arial, Helvetica, sans-serif; font-size: small;\">\n<li>Kapazit\u00e4t: 40 Liter<\/li>\n<li>Heizelement: 1200W, 220V<\/li>\n<li>Abmessungen (LxBxH): 560 x 380 x 380 mm<\/li>\n<li>Gewicht: 17,0 kg<\/li>\n<\/ul>\n<p style=\"color: rgb(34, 34, 34); font-family: Arial, Helvetica, sans-serif; font-size: small;\">Dieser Wassererhitzer ist eine ausgezeichnete Wahl f\u00fcr Boots-Enthusiasten, die zuverl\u00e4ssige und effiziente Heizl\u00f6sungen suchen.<\/p>\n","protected":false},"excerpt":{"rendered":"<p>Wasserkocher Quick BXS 40 &#8211; Der Square Nautic Boiler Quick BXS40 wurde speziell f\u00fcr den maritimen Einsatz entwickelt. Er kann<\/p>\n","protected":false},"featured_media":5938708,"comment_status":"open","ping_status":"closed","template":"","meta":[],"product_brand":[3280],"product_cat":[1364],"product_tag":[],"class_list":{"0":"post-733632","1":"product","2":"type-product","3":"status-publish","4":"has-post-thumbnail","6":"product_brand-quick-de","7":"product_cat-wasserboiler","9":"first","10":"instock","11":"shipping-taxable","12":"purchasable","13":"product-type-simple"},"_links":{"self":[{"href":"https:\/\/stoic-curie.212-227-153-4.plesk.page\/de\/wp-json\/wp\/v2\/product\/733632","targetHints":{"allow":["GET"]}}],"collection":[{"href":"https:\/\/stoic-curie.212-227-153-4.plesk.page\/de\/wp-json\/wp\/v2\/product"}],"about":[{"href":"https:\/\/stoic-curie.212-227-153-4.plesk.page\/de\/wp-json\/wp\/v2\/types\/product"}],"replies":[{"embeddable":true,"href":"https:\/\/stoic-curie.212-227-153-4.plesk.page\/de\/wp-json\/wp\/v2\/comments?post=733632"}],"version-history":[{"count":0,"href":"https:\/\/stoic-curie.212-227-153-4.plesk.page\/de\/wp-json\/wp\/v2\/product\/733632\/revisions"}],"wp:featuredmedia":[{"embeddable":true,"href":"https:\/\/stoic-curie.212-227-153-4.plesk.page\/de\/wp-json\/wp\/v2\/media\/5938708"}],"wp:attachment":[{"href":"https:\/\/stoic-curie.212-227-153-4.plesk.page\/de\/wp-json\/wp\/v2\/media?parent=733632"}],"wp:term":[{"taxonomy":"product_brand","embeddable":true,"href":"https:\/\/stoic-curie.212-227-153-4.plesk.page\/de\/wp-json\/wp\/v2\/product_brand?post=733632"},{"taxonomy":"product_cat","embeddable":true,"href":"https:\/\/stoic-curie.212-227-153-4.plesk.page\/de\/wp-json\/wp\/v2\/product_cat?post=733632"},{"taxonomy":"product_tag","embeddable":true,"href":"https:\/\/stoic-curie.212-227-153-4.plesk.page\/de\/wp-json\/wp\/v2\/product_tag?post=733632"}],"curies":[{"name":"wp","href":"https:\/\/api.w.org\/{rel}","templated":true}]}}