{"id":733633,"date":"2025-03-03T16:19:47","date_gmt":"2025-03-03T15:19:47","guid":{"rendered":"https:\/\/stoic-curie.212-227-153-4.plesk.page\/producto\/warmwasserboiler-quick-b315-15lt\/"},"modified":"2026-02-24T23:34:48","modified_gmt":"2026-02-24T23:34:48","slug":"warmwasserboiler-quick-b315-15lt","status":"publish","type":"product","link":"https:\/\/stoic-curie.212-227-153-4.plesk.page\/de\/product\/warmwasserboiler-quick-b315-15lt\/","title":{"rendered":"Warmwasserboiler Quick B3 15lt"},"content":{"rendered":"<p>Warmwasserboiler Quick B3 15lt &#8211; <\/p>\n<p style=\"color: rgb(34, 34, 34); font-family: Arial, Helvetica, sans-serif; font-size: small;\">Die Nautic Boiler Wasserheizer Quick Modell B3 sind sorgf\u00e4ltig f\u00fcr den Einsatz in maritimen Umgebungen gefertigt. Sie verf\u00fcgen \u00fcber ein 1200W-220V elektrisches Heizelement, was sie ideal f\u00fcr den Betrieb am Dock oder in Verbindung mit einem Generator macht. Dar\u00fcber hinaus sind diese Heizger\u00e4te mit einem einzigartigen, umschlie\u00dfenden W\u00e4rmetauscher ausgestattet, der effektiv W\u00e4rme aus dem K\u00fchlsystem des Motors aufnimmt.<\/p>\n<p style=\"color: rgb(34, 34, 34); font-family: Arial, Helvetica, sans-serif; font-size: small;\">Diese Kessel sind so konstruiert, dass sie den Trinkwasser Vorschriften entsprechen und beinhalten eine Opferanode, um elektrolytischer Korrosion vorzubeugen. Das \u00e4u\u00dfere Geh\u00e4use ist isoliert und besteht aus einem speziellen Verbundmaterial, w\u00e4hrend der Tank aus hochwertigem AISI 316 Edelstahl hergestellt ist. Jede Einheit wird mit einer dreij\u00e4hrigen Garantie geliefert und es wird empfohlen, sie mit einem Wasser-Vormischer-Kit zu verwenden.<\/p>\n<p style=\"color: rgb(34, 34, 34); font-family: Arial, Helvetica, sans-serif; font-size: small;\">Die Kessel der Serie Quick B3 sind in verschiedenen Gr\u00f6\u00dfen erh\u00e4ltlich und verf\u00fcgen \u00fcber einen Tank aus hochwertigem Edelstahl mit einer Wandst\u00e4rke von 1,5 mm. Sie sind mit robuster Schaumisolierung und einem stabilen Kunststoffgeh\u00e4use ausgestattet. Jeder Kessel ist mit einem Sicherheits-\/R\u00fcckflussventil und einem elektrischen Heizelement ausgestattet, das entweder 500 Watt oder 1200 Watt betragen kann.<\/p>\n<p style=\"color: rgb(34, 34, 34); font-family: Arial, Helvetica, sans-serif; font-size: small;\">Das Quick Modell B3 ist ein zylindrischer Wasserheizer, der ein Incoloy elektrisches Heizelement und einen einstellbaren Sicherheits-Bi-Thermostat verwendet. Dieses Modell verf\u00fcgt \u00fcber einen W\u00e4rmetauscher aus AISI 316L Edelstahl, der eine Kapazit\u00e4t bietet, die viele seiner Mitbewerber \u00fcbertrifft. Der Innentank besteht aus 1,5 mm dickem AISI 316 Edelstahl, der mit Argon-Schutzgas geschwei\u00dft ist, um seine Korrosionsbest\u00e4ndigkeit zu erh\u00f6hen. Das \u00c4u\u00dfere besteht aus einem hochbest\u00e4ndigen Kunststoffverbundmaterial.<\/p>\n<p style=\"color: rgb(34, 34, 34); font-family: Arial, Helvetica, sans-serif; font-size: small;\">Die Einheit ist mit hochdichtem Polyurethanschaum isoliert, der zwischen Geh\u00e4use und Tank injiziert wird, um eine ausgezeichnete W\u00e4rmehaltung zu gew\u00e4hrleisten. Das Modell B3 verf\u00fcgt au\u00dferdem \u00fcber verstellbare Metallhalterungen f\u00fcr eine vielseitige Montage in engen R\u00e4umen. Jede Einheit wird mit dem Wasserheizer, Halterungen und vier Messingfittings geliefert.<\/p>\n<p style=\"color: rgb(34, 34, 34); font-family: Arial, Helvetica, sans-serif; font-size: small;\">Hauptmerkmale:<\/p>\n<ul style=\"color: rgb(34, 34, 34); font-family: Arial, Helvetica, sans-serif; font-size: small;\">\n<li>Erzeugt hei\u00dfes Wasser mit dem elektrischen Element, das einen einstellbaren Sicherheits-Bi-Thermostat enth\u00e4lt.<\/li>\n<li>W\u00e4rmetauscher mit gro\u00dfer Oberfl\u00e4che f\u00fcr effektiven W\u00e4rmeaustausch.<\/li>\n<li>Konstruktion aus hochwertigen Materialien.<\/li>\n<li>\u00dcberdruck-\/R\u00fcckflussventil f\u00fcr sicheren Wasserabfluss, wenn nicht in Gebrauch.<\/li>\n<\/ul>\n<p style=\"color: rgb(34, 34, 34); font-family: Arial, Helvetica, sans-serif; font-size: small;\">Wasserheizer: Typ B315<\/p>\n<ul style=\"color: rgb(34, 34, 34); font-family: Arial, Helvetica, sans-serif; font-size: small;\">\n<li>Produziert hei\u00dfes Wasser aus dem elektrischen Element, ausgestattet mit einem einstellbaren Sicherheits-Bi-Thermostat.<\/li>\n<li>W\u00e4rmetauscher mit breiter Austauschoberfl\u00e4che.<\/li>\n<li>Hergestellt aus hochwertigen Materialien.<\/li>\n<li>\u00dcberdruck-\/R\u00fcckflussventil, das die Entleerung des Wasserheizers bei Nichtgebrauch erleichtert.<\/li>\n<\/ul>\n<p style=\"color: rgb(34, 34, 34); font-family: Arial, Helvetica, sans-serif; font-size: small;\">Wasserheizer Quick B3 15lt:<\/p>\n<ul style=\"color: rgb(34, 34, 34); font-family: Arial, Helvetica, sans-serif; font-size: small;\">\n<li>Durchmesser: 300 MM<\/li>\n<li>Leistung des elektrischen Elements: 500 W<\/li>\n<li>L\u00e4nge: 405 MM<\/li>\n<li>Form: Rund<\/li>\n<li>Tankinhalt: 15 L<\/li>\n<li>Gewicht: 7 KG<\/li>\n<\/ul>\n<p style=\"color: rgb(34, 34, 34); font-family: Arial, Helvetica, sans-serif; font-size: small;\">Spezifikationen:<\/p>\n<ul style=\"color: rgb(34, 34, 34); font-family: Arial, Helvetica, sans-serif; font-size: small;\">\n<li>Tankmaterial: Edelstahl<\/li>\n<li>Thermische Isolierung: Polyurethanschaum<\/li>\n<li>Au\u00dfenverkleidungsmaterial: Verbundmaterial<\/li>\n<li>Tankdruck (Betriebstests): 800 kPa<\/li>\n<li>Maximaler Betriebsdruck: 600 kPa<\/li>\n<li>Spannungsbewertung des elektrischen Elements: 220 Vac \u00b1 10%<\/li>\n<li>Leistung des elektrischen Elements: 1200 W (Modell 12)<\/li>\n<li>Ausgangsdurchmesser: 1\/2&#8243;<\/li>\n<\/ul>\n<p style=\"color: rgb(34, 34, 34); font-family: Arial, Helvetica, sans-serif; font-size: small;\">Diese detaillierte \u00dcbersicht hebt die Qualit\u00e4t und Funktionen unserer Nautic Boiler Wasserheizer hervor und stellt sicher, dass Sie alle notwendigen Informationen haben, um eine fundierte Entscheidung zu treffen.<\/p>\n","protected":false},"excerpt":{"rendered":"<p>Warmwasserboiler Quick B3 15lt &#8211; Die Nautic Boiler Wasserheizer Quick Modell B3 sind sorgf\u00e4ltig f\u00fcr den Einsatz in maritimen Umgebungen<\/p>\n","protected":false},"featured_media":5938709,"comment_status":"open","ping_status":"closed","template":"","meta":[],"product_brand":[3280],"product_cat":[1364],"product_tag":[],"class_list":{"0":"post-733633","1":"product","2":"type-product","3":"status-publish","4":"has-post-thumbnail","6":"product_brand-quick-de","7":"product_cat-wasserboiler","9":"first","10":"instock","11":"shipping-taxable","12":"purchasable","13":"product-type-simple"},"_links":{"self":[{"href":"https:\/\/stoic-curie.212-227-153-4.plesk.page\/de\/wp-json\/wp\/v2\/product\/733633","targetHints":{"allow":["GET"]}}],"collection":[{"href":"https:\/\/stoic-curie.212-227-153-4.plesk.page\/de\/wp-json\/wp\/v2\/product"}],"about":[{"href":"https:\/\/stoic-curie.212-227-153-4.plesk.page\/de\/wp-json\/wp\/v2\/types\/product"}],"replies":[{"embeddable":true,"href":"https:\/\/stoic-curie.212-227-153-4.plesk.page\/de\/wp-json\/wp\/v2\/comments?post=733633"}],"version-history":[{"count":0,"href":"https:\/\/stoic-curie.212-227-153-4.plesk.page\/de\/wp-json\/wp\/v2\/product\/733633\/revisions"}],"wp:featuredmedia":[{"embeddable":true,"href":"https:\/\/stoic-curie.212-227-153-4.plesk.page\/de\/wp-json\/wp\/v2\/media\/5938709"}],"wp:attachment":[{"href":"https:\/\/stoic-curie.212-227-153-4.plesk.page\/de\/wp-json\/wp\/v2\/media?parent=733633"}],"wp:term":[{"taxonomy":"product_brand","embeddable":true,"href":"https:\/\/stoic-curie.212-227-153-4.plesk.page\/de\/wp-json\/wp\/v2\/product_brand?post=733633"},{"taxonomy":"product_cat","embeddable":true,"href":"https:\/\/stoic-curie.212-227-153-4.plesk.page\/de\/wp-json\/wp\/v2\/product_cat?post=733633"},{"taxonomy":"product_tag","embeddable":true,"href":"https:\/\/stoic-curie.212-227-153-4.plesk.page\/de\/wp-json\/wp\/v2\/product_tag?post=733633"}],"curies":[{"name":"wp","href":"https:\/\/api.w.org\/{rel}","templated":true}]}}