{"id":733636,"date":"2025-03-03T16:19:48","date_gmt":"2025-03-03T15:19:48","guid":{"rendered":"https:\/\/stoic-curie.212-227-153-4.plesk.page\/producto\/warmwasserboiler-quick-bxr60-60lt\/"},"modified":"2026-02-24T23:34:48","modified_gmt":"2026-02-24T23:34:48","slug":"warmwasserboiler-quick-bxr60-60lt","status":"publish","type":"product","link":"https:\/\/stoic-curie.212-227-153-4.plesk.page\/de\/product\/warmwasserboiler-quick-bxr60-60lt\/","title":{"rendered":"Warmwasserboiler Quick BX 60"},"content":{"rendered":"<p>Warmwasserboiler Quick BX 60 &#8211; <\/p>\n<p style=\"color: rgb(34, 34, 34); font-family: Arial, Helvetica, sans-serif; font-size: small;\">Der Quick Model BX ist ein runder Wasserw\u00e4rmer, der ein Incoloy-Elektroheizelement verwendet und \u00fcber einen einstellbaren Sicherheitsbi-Thermostat verf\u00fcgt. Dieses Ger\u00e4t enth\u00e4lt einen W\u00e4rme\u00fcbertrager aus AISI 316L Edelstahl und bietet eine Kapazit\u00e4t, die viele andere Marken \u00fcbertrifft. Das Innere des Tanks besteht aus 1,5 mm AISI 316 Edelstahl, der mit argonummanteltem Schutzgas geschwei\u00dft ist, was eine hohe Korrosionsbest\u00e4ndigkeit gew\u00e4hrleistet. Die Au\u00dfenseite besteht aus elegantem AISI 304 Edelstahl.<\/p>\n<p style=\"color: rgb(34, 34, 34); font-family: Arial, Helvetica, sans-serif; font-size: small;\">Um eine hervorragende W\u00e4rmehaltung zu gew\u00e4hrleisten, ist das Ger\u00e4t mit hochdichtem Polyurethanschaum isoliert, der zwischen der Abdeckung und dem Tank injiziert wird. Das BX-Modell enth\u00e4lt au\u00dferdem verstellbare Metallhalterungen, die Flexibilit\u00e4t bei der Montage in engen R\u00e4umen bieten. Dieses Paket enth\u00e4lt den Wasserw\u00e4rmer, Halterungen und vier Messinganschl\u00fcsse und eignet sich ideal f\u00fcr marine Anwendungen.<\/p>\n<p style=\"color: rgb(34, 34, 34); font-family: Arial, Helvetica, sans-serif; font-size: small;\">Der Nautic Boiler ist sowohl mit Landstrom als auch mit einem Generator betriebsbereit und verwendet einen elektrischen Widerstand von 1200 W-220 V. Er kann auch die W\u00e4rme aus dem K\u00fchlkreislauf des Motors \u00fcber einen speziellen umh\u00fcllenden W\u00e4rme\u00fcbertrager nutzen, wodurch sichergestellt wird, dass das Wasser trinkbar bleibt. Ein Anode ist im Lieferumfang enthalten, um gegen Elektrolyse zu sch\u00fctzen.<\/p>\n<p style=\"color: rgb(34, 34, 34); font-family: Arial, Helvetica, sans-serif; font-size: small;\">Der Tank und das Isolationsgeh\u00e4use bestehen aus 316 Edelstahl, und das Ger\u00e4t wird mit einer dreij\u00e4hrigen Garantie geliefert. Es wird empfohlen, die Installation mit einem Mischventil-Kit abzuschlie\u00dfen.<\/p>\n<p style=\"color: rgb(34, 34, 34); font-family: Arial, Helvetica, sans-serif; font-size: small;\"><strong>BX Serie Zylindrischer Wasserw\u00e4rmer Merkmale:<\/strong><\/p>\n<ul style=\"color: rgb(34, 34, 34); font-family: Arial, Helvetica, sans-serif; font-size: small;\">\n<li>Au\u00dfenzylinder: AISI 304 Edelstahl<\/li>\n<li>Wassertank und Heizelement: AISI 316L Edelstahl<\/li>\n<li>Mit Montagehalterung geliefert<\/li>\n<li>Optionen f\u00fcr vertikale oder horizontale Montage<\/li>\n<\/ul>\n<p style=\"color: rgb(34, 34, 34); font-family: Arial, Helvetica, sans-serif; font-size: small;\"><strong>Quick Nautic Boiler BX 60 Spezifikationen:<\/strong><\/p>\n<ul style=\"color: rgb(34, 34, 34); font-family: Arial, Helvetica, sans-serif; font-size: small;\">\n<li>Kapazit\u00e4t: 60 Liter<\/li>\n<li>Heizelement: 1200 W &#8211; 220 V<\/li>\n<li>Abmessungen (Durchmesser x L\u00e4nge): 400 x 715 mm<\/li>\n<li>Gewicht: 19,0 kg<\/li>\n<\/ul>\n","protected":false},"excerpt":{"rendered":"<p>Warmwasserboiler Quick BX 60 &#8211; Der Quick Model BX ist ein runder Wasserw\u00e4rmer, der ein Incoloy-Elektroheizelement verwendet und \u00fcber einen<\/p>\n","protected":false},"featured_media":5938710,"comment_status":"open","ping_status":"closed","template":"","meta":[],"product_brand":[3280],"product_cat":[1364],"product_tag":[],"class_list":{"0":"post-733636","1":"product","2":"type-product","3":"status-publish","4":"has-post-thumbnail","6":"product_brand-quick-de","7":"product_cat-wasserboiler","9":"first","10":"instock","11":"shipping-taxable","12":"purchasable","13":"product-type-simple"},"_links":{"self":[{"href":"https:\/\/stoic-curie.212-227-153-4.plesk.page\/de\/wp-json\/wp\/v2\/product\/733636","targetHints":{"allow":["GET"]}}],"collection":[{"href":"https:\/\/stoic-curie.212-227-153-4.plesk.page\/de\/wp-json\/wp\/v2\/product"}],"about":[{"href":"https:\/\/stoic-curie.212-227-153-4.plesk.page\/de\/wp-json\/wp\/v2\/types\/product"}],"replies":[{"embeddable":true,"href":"https:\/\/stoic-curie.212-227-153-4.plesk.page\/de\/wp-json\/wp\/v2\/comments?post=733636"}],"version-history":[{"count":0,"href":"https:\/\/stoic-curie.212-227-153-4.plesk.page\/de\/wp-json\/wp\/v2\/product\/733636\/revisions"}],"wp:featuredmedia":[{"embeddable":true,"href":"https:\/\/stoic-curie.212-227-153-4.plesk.page\/de\/wp-json\/wp\/v2\/media\/5938710"}],"wp:attachment":[{"href":"https:\/\/stoic-curie.212-227-153-4.plesk.page\/de\/wp-json\/wp\/v2\/media?parent=733636"}],"wp:term":[{"taxonomy":"product_brand","embeddable":true,"href":"https:\/\/stoic-curie.212-227-153-4.plesk.page\/de\/wp-json\/wp\/v2\/product_brand?post=733636"},{"taxonomy":"product_cat","embeddable":true,"href":"https:\/\/stoic-curie.212-227-153-4.plesk.page\/de\/wp-json\/wp\/v2\/product_cat?post=733636"},{"taxonomy":"product_tag","embeddable":true,"href":"https:\/\/stoic-curie.212-227-153-4.plesk.page\/de\/wp-json\/wp\/v2\/product_tag?post=733636"}],"curies":[{"name":"wp","href":"https:\/\/api.w.org\/{rel}","templated":true}]}}