{"id":733637,"date":"2025-03-03T16:19:48","date_gmt":"2025-03-03T15:19:48","guid":{"rendered":"https:\/\/stoic-curie.212-227-153-4.plesk.page\/producto\/warmwasserboiler-quick-bxr80-80lt\/"},"modified":"2026-02-24T23:34:48","modified_gmt":"2026-02-24T23:34:48","slug":"warmwasserboiler-quick-bxr80-80lt","status":"publish","type":"product","link":"https:\/\/stoic-curie.212-227-153-4.plesk.page\/de\/product\/warmwasserboiler-quick-bxr80-80lt\/","title":{"rendered":"Warmwasserboiler Quick BX 80 80lt"},"content":{"rendered":"<p>Warmwasserboiler Quick BX 80 80lt &#8211; <\/p>\n<p style=\"color: rgb(34, 34, 34); font-family: Arial, Helvetica, sans-serif; font-size: small;\">Der Quick Model BX ist ein zylindrischer Wassererhitzer, der ein Incoloy-Elektroheizelement nutzt und \u00fcber ein verstellbares Sicherheitsthermostat verf\u00fcgt. Diese Einheit beinhaltet einen W\u00e4rme\u00fcbertrager aus AISI 316L Edelstahl, der eine Kapazit\u00e4t bietet, die signifikant \u00fcber der konkurrierender Produkte liegt. Das Innere des Tanks besteht aus 1,5 mm dickem AISI 316 Edelstahl, der mit Argon-Schutzgas geschwei\u00dft ist, was seine Best\u00e4ndigkeit gegen korrosive Substanzen erh\u00f6ht. Das \u00e4u\u00dfere Design ist elegant aus 304 AISI Edelstahl gefertigt.<\/p>\n<p style=\"color: rgb(34, 34, 34); font-family: Arial, Helvetica, sans-serif; font-size: small;\">Um eine optimale W\u00e4rmehaltung zu gew\u00e4hrleisten, ist die Einheit mit hochdichtem Polyurethan-Schaum isoliert, der zwischen dem Deckel und dem Tank eingespritzt wird. Zus\u00e4tzlich umfasst das BX-Modell verstellbare Metallhalterungen, die Flexibilit\u00e4t f\u00fcr die Installation in beengten R\u00e4umen bieten. Das Paket enth\u00e4lt den Wassererhitzer, Montagehalterungen und vier Messingfittings.<\/p>\n<p style=\"color: rgb(34, 34, 34); font-family: Arial, Helvetica, sans-serif; font-size: small;\"><strong>BX Serie<\/strong><br \/>Zylindrischer Wassererhitzer<\/p>\n<ul style=\"color: rgb(34, 34, 34); font-family: Arial, Helvetica, sans-serif; font-size: small;\">\n<li><strong>\u00c4u\u00dfere Zylinder:<\/strong>\u00a0Edelstahl, AISI 304<\/li>\n<li><strong>Wassertank und Heizelement:<\/strong>\u00a0Edelstahl, AISI 316L<\/li>\n<li><strong>Mit Montagehalterung geliefert<\/strong><\/li>\n<li><strong>Montageoptionen:<\/strong>\u00a0Vertikal oder Horizontal<\/li>\n<\/ul>\n<p style=\"color: rgb(34, 34, 34); font-family: Arial, Helvetica, sans-serif; font-size: small;\"><strong>Quick Nautic Boiler BX 80<\/strong><\/p>\n<ul style=\"color: rgb(34, 34, 34); font-family: Arial, Helvetica, sans-serif; font-size: small;\">\n<li><strong>Kapazit\u00e4t:<\/strong>\u00a080 L<\/li>\n<li><strong>Heizelement:<\/strong>\u00a01200 W &#8211; 220 V<\/li>\n<li><strong>Abmessungen (Durchmesser x L\u00e4nge):<\/strong>\u00a0400 x 905 mm<\/li>\n<li><strong>Gewicht:<\/strong>\u00a022,7 kg<\/li>\n<\/ul>\n","protected":false},"excerpt":{"rendered":"<p>Warmwasserboiler Quick BX 80 80lt &#8211; Der Quick Model BX ist ein zylindrischer Wassererhitzer, der ein Incoloy-Elektroheizelement nutzt und \u00fcber<\/p>\n","protected":false},"featured_media":5938710,"comment_status":"open","ping_status":"closed","template":"","meta":[],"product_brand":[3280],"product_cat":[1364],"product_tag":[],"class_list":{"0":"post-733637","1":"product","2":"type-product","3":"status-publish","4":"has-post-thumbnail","6":"product_brand-quick-de","7":"product_cat-wasserboiler","9":"first","10":"instock","11":"shipping-taxable","12":"purchasable","13":"product-type-simple"},"_links":{"self":[{"href":"https:\/\/stoic-curie.212-227-153-4.plesk.page\/de\/wp-json\/wp\/v2\/product\/733637","targetHints":{"allow":["GET"]}}],"collection":[{"href":"https:\/\/stoic-curie.212-227-153-4.plesk.page\/de\/wp-json\/wp\/v2\/product"}],"about":[{"href":"https:\/\/stoic-curie.212-227-153-4.plesk.page\/de\/wp-json\/wp\/v2\/types\/product"}],"replies":[{"embeddable":true,"href":"https:\/\/stoic-curie.212-227-153-4.plesk.page\/de\/wp-json\/wp\/v2\/comments?post=733637"}],"version-history":[{"count":0,"href":"https:\/\/stoic-curie.212-227-153-4.plesk.page\/de\/wp-json\/wp\/v2\/product\/733637\/revisions"}],"wp:featuredmedia":[{"embeddable":true,"href":"https:\/\/stoic-curie.212-227-153-4.plesk.page\/de\/wp-json\/wp\/v2\/media\/5938710"}],"wp:attachment":[{"href":"https:\/\/stoic-curie.212-227-153-4.plesk.page\/de\/wp-json\/wp\/v2\/media?parent=733637"}],"wp:term":[{"taxonomy":"product_brand","embeddable":true,"href":"https:\/\/stoic-curie.212-227-153-4.plesk.page\/de\/wp-json\/wp\/v2\/product_brand?post=733637"},{"taxonomy":"product_cat","embeddable":true,"href":"https:\/\/stoic-curie.212-227-153-4.plesk.page\/de\/wp-json\/wp\/v2\/product_cat?post=733637"},{"taxonomy":"product_tag","embeddable":true,"href":"https:\/\/stoic-curie.212-227-153-4.plesk.page\/de\/wp-json\/wp\/v2\/product_tag?post=733637"}],"curies":[{"name":"wp","href":"https:\/\/api.w.org\/{rel}","templated":true}]}}