{"id":733639,"date":"2025-03-03T16:19:48","date_gmt":"2025-03-03T15:19:48","guid":{"rendered":"https:\/\/stoic-curie.212-227-153-4.plesk.page\/producto\/warmwasserboiler-aquah-marine-500w-60l-bsp-230v\/"},"modified":"2026-02-24T23:34:48","modified_gmt":"2026-02-24T23:34:48","slug":"warmwasserboiler-aquah-marine-500w-60l-bsp-230v","status":"publish","type":"product","link":"https:\/\/stoic-curie.212-227-153-4.plesk.page\/de\/product\/warmwasserboiler-aquah-marine-500w-60l-bsp-230v\/","title":{"rendered":"Wassererhitzer Johnson AquaH 500W \/ 60L"},"content":{"rendered":"<p>Wassererhitzer Johnson AquaH 500W \/ 60L &#8211; <\/p>\n<p>Die Johnson Marine-Wassererhitzer sind sorgf\u00e4ltig aus AISI 316-Edelstahl gefertigt und damit perfekt f\u00fcr maritime Bedingungen geeignet. Diese Heizger\u00e4te sind mit einem elektrischen Heizstab von 500W-220V ausgestattet, der den Betrieb am Dock oder in Verbindung mit einem Generator erm\u00f6glicht. Zudem verf\u00fcgen sie \u00fcber ein innovatives System, das W\u00e4rme aus dem K\u00fchlkreislauf des Motors nutzt.<\/p>\n<p>Die AquaH-Serie bietet fortschrittliche Wassererhitzer mit Speicherkapazit\u00e4ten von 22 bis 80 Litern (5,3 bis 19,3 Gallonen). Jedes Modell verf\u00fcgt \u00fcber eine doppelte Heizfunktion, die sowohl elektrisches Heizen als auch indirektes Heizen aus einem sekund\u00e4ren System, wie dem K\u00fchlsystem eines Marine-Motors oder Generators, erm\u00f6glicht.<\/p>\n<p><strong>Begrenzte 5-Jahre-Garantie<\/strong><\/p>\n<p>Diese Heizger\u00e4te sind in robustem AISI 304-Edelstahl verkleidet und verf\u00fcgen \u00fcber eine langlebige Kunststoff-Endabdeckung mit Montageschalen. Die Innenoberfl\u00e4che besteht aus AISI 316L-Edelstahl, und die Ger\u00e4te sind mit Polyurethanschaum isoliert. Sie sind mit einem Sicherheits- und R\u00fcckflussventil eingestellt auf 6 Bar +\/- 0,5 Bar ausgestattet, mit Motoranschl\u00fcssen in der Gr\u00f6\u00dfe 1\/2&#8243; BSP.<\/p>\n<p>Elektroheizelemente sind in Incoloy in den Varianten 500W und 1200W erh\u00e4ltlich und gew\u00e4hrleisten die Warmwasserproduktion, wenn die Motorw\u00e4rme nicht verf\u00fcgbar, aber 230V-Strom zug\u00e4nglich ist. Jede Einheit wird mit einem einstellbaren Sicherheitsthermostat geliefert, um die Temperatur w\u00e4hrend des elektrischen Heizvorgangs zu regeln.<\/p>\n<p><strong>Abmessungen<\/strong><\/p>\n<table>\n<thead>\n<tr>\n<th>Teilenummer<\/th>\n<th>Stromversorgung<\/th>\n<th>Speicherkapazit\u00e4t<\/th>\n<th>Gewicht (leer)<\/th>\n<th>A<\/th>\n<th>B<\/th>\n<th>C<\/th>\n<th>D<\/th>\n<th>E<\/th>\n<th>F<\/th>\n<\/tr>\n<\/thead>\n<tbody>\n<tr>\n<td>56-47455-01\/02<\/td>\n<td>220V<\/td>\n<td>22L (5.8 gal)<\/td>\n<td>10 kg (22 lbs)<\/td>\n<td>322 mm (12.7 in)<\/td>\n<td>290 mm (11.4 in)<\/td>\n<td>235 mm (9.25 in)<\/td>\n<td>325 mm (12.8 in)<\/td>\n<td>410 mm (16.1 in)<\/td>\n<td>485 mm (19.1 in)<\/td>\n<\/tr>\n<tr>\n<td>56-47455-03\/04<\/td>\n<td>500V<\/td>\n<td>30L (7.9 gal)<\/td>\n<td>11.5 kg (25.4 lbs)<\/td>\n<td>322 mm (12.7 in)<\/td>\n<td>290 mm (11.4 in)<\/td>\n<td>370 mm (14.6 in)<\/td>\n<td>325 mm (12.8 in)<\/td>\n<td>545 mm (21.5 in)<\/td>\n<td>620 mm (24.4 in)<\/td>\n<\/tr>\n<tr>\n<td>56-47457-01\/02<\/td>\n<td>200V<\/td>\n<td>45L (11.9 gal)<\/td>\n<td>15 kg (33.1 lbs)<\/td>\n<td>322 mm (12.7 in)<\/td>\n<td>290 mm (11.4 in)<\/td>\n<td>625 mm (24.6 in)<\/td>\n<td>325 mm (12.8 in)<\/td>\n<td>805 mm (31.7 in)<\/td>\n<td>880 mm (34.6 in)<\/td>\n<\/tr>\n<tr>\n<td>56-47458-01\/02<\/td>\n<td>200V<\/td>\n<td>60L (15.9 gal)<\/td>\n<td>17.3 kg (38.1 lbs)<\/td>\n<td>322 mm (12.7 in)<\/td>\n<td>290 mm (11.4 in)<\/td>\n<td>810 mm (31.9 in)<\/td>\n<td>325 mm (12.8 in)<\/td>\n<td>990 mm (39 in)<\/td>\n<td>1065 mm (41.9 in)<\/td>\n<\/tr>\n<tr>\n<td>56-47459-01\/02<\/td>\n<td>200V<\/td>\n<td>80L (21.1 gal)<\/td>\n<td>20 kg (44.1 lbs)<\/td>\n<td>322 mm (12.7 in)<\/td>\n<td>290 mm (11.4 in)<\/td>\n<td>1090 mm (42.9 in)<\/td>\n<td>325 mm (12.8 in)<\/td>\n<td>1270 mm (50 in)<\/td>\n<td>1345 mm (53 in)<\/td>\n<\/tr>\n<\/tbody>\n<\/table>\n<p><strong>Stromversorgung:<\/strong> 220-240 V ~ 50 Hz oder 120 V &#8211; 60 Hz<br \/><strong>Wasseranschl\u00fcsse:<\/strong> \u00bd&#8221;<\/p>\n","protected":false},"excerpt":{"rendered":"<p>Wassererhitzer Johnson AquaH 500W \/ 60L &#8211; Die Johnson Marine-Wassererhitzer sind sorgf\u00e4ltig aus AISI 316-Edelstahl gefertigt und damit perfekt f\u00fcr<\/p>\n","protected":false},"featured_media":5938715,"comment_status":"open","ping_status":"closed","template":"","meta":[],"product_brand":[3045],"product_cat":[1364],"product_tag":[],"class_list":{"0":"post-733639","1":"product","2":"type-product","3":"status-publish","4":"has-post-thumbnail","6":"product_brand-johnson-marine-de","7":"product_cat-wasserboiler","9":"first","10":"instock","11":"shipping-taxable","12":"purchasable","13":"product-type-simple"},"_links":{"self":[{"href":"https:\/\/stoic-curie.212-227-153-4.plesk.page\/de\/wp-json\/wp\/v2\/product\/733639","targetHints":{"allow":["GET"]}}],"collection":[{"href":"https:\/\/stoic-curie.212-227-153-4.plesk.page\/de\/wp-json\/wp\/v2\/product"}],"about":[{"href":"https:\/\/stoic-curie.212-227-153-4.plesk.page\/de\/wp-json\/wp\/v2\/types\/product"}],"replies":[{"embeddable":true,"href":"https:\/\/stoic-curie.212-227-153-4.plesk.page\/de\/wp-json\/wp\/v2\/comments?post=733639"}],"version-history":[{"count":0,"href":"https:\/\/stoic-curie.212-227-153-4.plesk.page\/de\/wp-json\/wp\/v2\/product\/733639\/revisions"}],"wp:featuredmedia":[{"embeddable":true,"href":"https:\/\/stoic-curie.212-227-153-4.plesk.page\/de\/wp-json\/wp\/v2\/media\/5938715"}],"wp:attachment":[{"href":"https:\/\/stoic-curie.212-227-153-4.plesk.page\/de\/wp-json\/wp\/v2\/media?parent=733639"}],"wp:term":[{"taxonomy":"product_brand","embeddable":true,"href":"https:\/\/stoic-curie.212-227-153-4.plesk.page\/de\/wp-json\/wp\/v2\/product_brand?post=733639"},{"taxonomy":"product_cat","embeddable":true,"href":"https:\/\/stoic-curie.212-227-153-4.plesk.page\/de\/wp-json\/wp\/v2\/product_cat?post=733639"},{"taxonomy":"product_tag","embeddable":true,"href":"https:\/\/stoic-curie.212-227-153-4.plesk.page\/de\/wp-json\/wp\/v2\/product_tag?post=733639"}],"curies":[{"name":"wp","href":"https:\/\/api.w.org\/{rel}","templated":true}]}}