{"id":733641,"date":"2025-03-03T16:19:49","date_gmt":"2025-03-03T15:19:49","guid":{"rendered":"https:\/\/stoic-curie.212-227-153-4.plesk.page\/producto\/edelstahl-spuele-300-x-240-x-h150mm\/"},"modified":"2026-02-24T23:34:48","modified_gmt":"2026-02-24T23:34:48","slug":"edelstahl-spuele-300-x-240-x-h150mm","status":"publish","type":"product","link":"https:\/\/stoic-curie.212-227-153-4.plesk.page\/de\/product\/edelstahl-spuele-300-x-240-x-h150mm\/","title":{"rendered":"Edelstahl-Sp\u00fcle 300 x 240 x H150mm"},"content":{"rendered":"<p>Edelstahl-Sp\u00fcle 300 x 240 x H150mm &#8211; <\/p>\n<p>Rechteckiges, poliertes Edelstahlbecken. Kann mit einem \u00d8 50 mm Abflussanschluss vervollst\u00e4ndigt werden.<\/p>\n","protected":false},"excerpt":{"rendered":"<p>Edelstahl-Sp\u00fcle 300 x 240 x H150mm &#8211; Rechteckiges, poliertes Edelstahlbecken. Kann mit einem \u00d8 50 mm Abflussanschluss vervollst\u00e4ndigt werden.<\/p>\n","protected":false},"featured_media":5938716,"comment_status":"open","ping_status":"closed","template":"","meta":[],"product_brand":[3460],"product_cat":[1376],"product_tag":[],"class_list":{"0":"post-733641","1":"product","2":"type-product","3":"status-publish","4":"has-post-thumbnail","6":"product_brand-techimpex-de","7":"product_cat-spuelbecken","9":"first","10":"instock","11":"shipping-taxable","12":"purchasable","13":"product-type-simple"},"_links":{"self":[{"href":"https:\/\/stoic-curie.212-227-153-4.plesk.page\/de\/wp-json\/wp\/v2\/product\/733641","targetHints":{"allow":["GET"]}}],"collection":[{"href":"https:\/\/stoic-curie.212-227-153-4.plesk.page\/de\/wp-json\/wp\/v2\/product"}],"about":[{"href":"https:\/\/stoic-curie.212-227-153-4.plesk.page\/de\/wp-json\/wp\/v2\/types\/product"}],"replies":[{"embeddable":true,"href":"https:\/\/stoic-curie.212-227-153-4.plesk.page\/de\/wp-json\/wp\/v2\/comments?post=733641"}],"version-history":[{"count":0,"href":"https:\/\/stoic-curie.212-227-153-4.plesk.page\/de\/wp-json\/wp\/v2\/product\/733641\/revisions"}],"wp:featuredmedia":[{"embeddable":true,"href":"https:\/\/stoic-curie.212-227-153-4.plesk.page\/de\/wp-json\/wp\/v2\/media\/5938716"}],"wp:attachment":[{"href":"https:\/\/stoic-curie.212-227-153-4.plesk.page\/de\/wp-json\/wp\/v2\/media?parent=733641"}],"wp:term":[{"taxonomy":"product_brand","embeddable":true,"href":"https:\/\/stoic-curie.212-227-153-4.plesk.page\/de\/wp-json\/wp\/v2\/product_brand?post=733641"},{"taxonomy":"product_cat","embeddable":true,"href":"https:\/\/stoic-curie.212-227-153-4.plesk.page\/de\/wp-json\/wp\/v2\/product_cat?post=733641"},{"taxonomy":"product_tag","embeddable":true,"href":"https:\/\/stoic-curie.212-227-153-4.plesk.page\/de\/wp-json\/wp\/v2\/product_tag?post=733641"}],"curies":[{"name":"wp","href":"https:\/\/api.w.org\/{rel}","templated":true}]}}