{"id":733651,"date":"2025-03-03T16:19:51","date_gmt":"2025-03-03T15:19:51","guid":{"rendered":"https:\/\/stoic-curie.212-227-153-4.plesk.page\/producto\/edelstahl-spuelbecken-quadratisch-mit-glasabdeckung-320-x-350-x-h180mm\/"},"modified":"2026-02-24T23:34:48","modified_gmt":"2026-02-24T23:34:48","slug":"edelstahl-spuelbecken-quadratisch-mit-glasabdeckung-320-x-350-x-h180mm","status":"publish","type":"product","link":"https:\/\/stoic-curie.212-227-153-4.plesk.page\/de\/product\/edelstahl-spuelbecken-quadratisch-mit-glasabdeckung-320-x-350-x-h180mm\/","title":{"rendered":"Edelstahl-Sp\u00fclbecken quadratisch mit Glasabdeckung 320 x 350 x H180mm"},"content":{"rendered":"<p>Edelstahl-Sp\u00fclbecken quadratisch mit Glasabdeckung 320 x 350 x H180mm &#8211; <\/p>\n<p>Quadratwaschbecken aus 18\/8 Edelstahl mit geh\u00e4rtetem Glasdeckel. Komplett mit schwenkbarem Auslauf, zu vervollst\u00e4ndigen mit einem Abflussanschluss von \u00d8 50 mm.<\/p>\n","protected":false},"excerpt":{"rendered":"<p>Edelstahl-Sp\u00fclbecken quadratisch mit Glasabdeckung 320 x 350 x H180mm &#8211; Quadratwaschbecken aus 18\/8 Edelstahl mit geh\u00e4rtetem Glasdeckel. Komplett mit schwenkbarem<\/p>\n","protected":false},"featured_media":5938723,"comment_status":"open","ping_status":"closed","template":"","meta":[],"product_brand":[2855],"product_cat":[1376],"product_tag":[],"class_list":{"0":"post-733651","1":"product","2":"type-product","3":"status-publish","4":"has-post-thumbnail","6":"product_brand-can-marine-de","7":"product_cat-spuelbecken","9":"first","10":"outofstock","11":"shipping-taxable","12":"purchasable","13":"product-type-simple"},"_links":{"self":[{"href":"https:\/\/stoic-curie.212-227-153-4.plesk.page\/de\/wp-json\/wp\/v2\/product\/733651","targetHints":{"allow":["GET"]}}],"collection":[{"href":"https:\/\/stoic-curie.212-227-153-4.plesk.page\/de\/wp-json\/wp\/v2\/product"}],"about":[{"href":"https:\/\/stoic-curie.212-227-153-4.plesk.page\/de\/wp-json\/wp\/v2\/types\/product"}],"replies":[{"embeddable":true,"href":"https:\/\/stoic-curie.212-227-153-4.plesk.page\/de\/wp-json\/wp\/v2\/comments?post=733651"}],"version-history":[{"count":0,"href":"https:\/\/stoic-curie.212-227-153-4.plesk.page\/de\/wp-json\/wp\/v2\/product\/733651\/revisions"}],"wp:featuredmedia":[{"embeddable":true,"href":"https:\/\/stoic-curie.212-227-153-4.plesk.page\/de\/wp-json\/wp\/v2\/media\/5938723"}],"wp:attachment":[{"href":"https:\/\/stoic-curie.212-227-153-4.plesk.page\/de\/wp-json\/wp\/v2\/media?parent=733651"}],"wp:term":[{"taxonomy":"product_brand","embeddable":true,"href":"https:\/\/stoic-curie.212-227-153-4.plesk.page\/de\/wp-json\/wp\/v2\/product_brand?post=733651"},{"taxonomy":"product_cat","embeddable":true,"href":"https:\/\/stoic-curie.212-227-153-4.plesk.page\/de\/wp-json\/wp\/v2\/product_cat?post=733651"},{"taxonomy":"product_tag","embeddable":true,"href":"https:\/\/stoic-curie.212-227-153-4.plesk.page\/de\/wp-json\/wp\/v2\/product_tag?post=733651"}],"curies":[{"name":"wp","href":"https:\/\/api.w.org\/{rel}","templated":true}]}}