{"id":733666,"date":"2025-03-03T16:19:53","date_gmt":"2025-03-03T15:19:53","guid":{"rendered":"https:\/\/stoic-curie.212-227-153-4.plesk.page\/producto\/grauer-wassertank-johnson-09-13384-ohne-pumpe\/"},"modified":"2026-02-24T23:34:48","modified_gmt":"2026-02-24T23:34:48","slug":"grauer-wassertank-johnson-09-13384-ohne-pumpe","status":"publish","type":"product","link":"https:\/\/stoic-curie.212-227-153-4.plesk.page\/de\/product\/grauer-wassertank-johnson-09-13384-ohne-pumpe\/","title":{"rendered":"Grauer Wassertank Johnson 09-13384 (ohne Pumpe)"},"content":{"rendered":"<p>Grauer Wassertank Johnson 09-13384 (ohne Pumpe) &#8211; <\/p>\n<p>Grauwasser-Sammelbeh\u00e4lter f\u00fcr Duschen und Waschbecken. Komplett mit Johnson Ultima automatischem Wasserpr\u00e4senssensor. Der Tank ist f\u00fcr die Installation der Johnson Viking Power 16 Pumpe (Cod. 1826032\/34) vorbereitet, aber jede Pumpenvariante bis 20A (12V\/24V) kann installiert werden. Eingang \u00d8 19\/25\/38 mm \/ Ausgang 19\/25 mm.<\/p>\n","protected":false},"excerpt":{"rendered":"<p>Grauer Wassertank Johnson 09-13384 (ohne Pumpe) &#8211; Grauwasser-Sammelbeh\u00e4lter f\u00fcr Duschen und Waschbecken. Komplett mit Johnson Ultima automatischem Wasserpr\u00e4senssensor. Der Tank<\/p>\n","protected":false},"featured_media":5938749,"comment_status":"open","ping_status":"closed","template":"","meta":[],"product_brand":[3045],"product_cat":[1365,1369],"product_tag":[],"class_list":{"0":"post-733666","1":"product","2":"type-product","3":"status-publish","4":"has-post-thumbnail","6":"product_brand-johnson-marine-de","7":"product_cat-bootsduschen","8":"product_cat-grauwassersysteme","10":"first","11":"instock","12":"shipping-taxable","13":"purchasable","14":"product-type-simple"},"_links":{"self":[{"href":"https:\/\/stoic-curie.212-227-153-4.plesk.page\/de\/wp-json\/wp\/v2\/product\/733666","targetHints":{"allow":["GET"]}}],"collection":[{"href":"https:\/\/stoic-curie.212-227-153-4.plesk.page\/de\/wp-json\/wp\/v2\/product"}],"about":[{"href":"https:\/\/stoic-curie.212-227-153-4.plesk.page\/de\/wp-json\/wp\/v2\/types\/product"}],"replies":[{"embeddable":true,"href":"https:\/\/stoic-curie.212-227-153-4.plesk.page\/de\/wp-json\/wp\/v2\/comments?post=733666"}],"version-history":[{"count":0,"href":"https:\/\/stoic-curie.212-227-153-4.plesk.page\/de\/wp-json\/wp\/v2\/product\/733666\/revisions"}],"wp:featuredmedia":[{"embeddable":true,"href":"https:\/\/stoic-curie.212-227-153-4.plesk.page\/de\/wp-json\/wp\/v2\/media\/5938749"}],"wp:attachment":[{"href":"https:\/\/stoic-curie.212-227-153-4.plesk.page\/de\/wp-json\/wp\/v2\/media?parent=733666"}],"wp:term":[{"taxonomy":"product_brand","embeddable":true,"href":"https:\/\/stoic-curie.212-227-153-4.plesk.page\/de\/wp-json\/wp\/v2\/product_brand?post=733666"},{"taxonomy":"product_cat","embeddable":true,"href":"https:\/\/stoic-curie.212-227-153-4.plesk.page\/de\/wp-json\/wp\/v2\/product_cat?post=733666"},{"taxonomy":"product_tag","embeddable":true,"href":"https:\/\/stoic-curie.212-227-153-4.plesk.page\/de\/wp-json\/wp\/v2\/product_tag?post=733666"}],"curies":[{"name":"wp","href":"https:\/\/api.w.org\/{rel}","templated":true}]}}