{"id":733670,"date":"2025-03-03T16:19:54","date_gmt":"2025-03-03T15:19:54","guid":{"rendered":"https:\/\/stoic-curie.212-227-153-4.plesk.page\/producto\/flexibler-wassertank-75-l\/"},"modified":"2026-02-24T23:34:48","modified_gmt":"2026-02-24T23:34:48","slug":"flexibler-wassertank-75-l","status":"publish","type":"product","link":"https:\/\/stoic-curie.212-227-153-4.plesk.page\/de\/product\/flexibler-wassertank-75-l\/","title":{"rendered":"Flexibler Wassertank 75 l"},"content":{"rendered":"<p>Flexibler Wassertank 75 l &#8211; <\/p>\n<p>Verst\u00e4rkte Gummistofflexible rechteckige Tanks.<br \/>Vollst\u00e4ndig mit Klappe und drehbaren Anschl\u00fcssen.<br \/>Eingangsanschluss \u00c3\u00b8 40\/50\/60 mm. Ausgangsanschluss \u00c3\u00b8 12 mm.<\/p>\n","protected":false},"excerpt":{"rendered":"<p>Flexibler Wassertank 75 l &#8211; Verst\u00e4rkte Gummistofflexible rechteckige Tanks.Vollst\u00e4ndig mit Klappe und drehbaren Anschl\u00fcssen.Eingangsanschluss \u00c3\u00b8 40\/50\/60 mm. Ausgangsanschluss \u00c3\u00b8 12<\/p>\n","protected":false},"featured_media":5938752,"comment_status":"open","ping_status":"closed","template":"","meta":[],"product_brand":[2855],"product_cat":[1377],"product_tag":[],"class_list":{"0":"post-733670","1":"product","2":"type-product","3":"status-publish","4":"has-post-thumbnail","6":"product_brand-can-marine-de","7":"product_cat-wassertanks","9":"first","10":"instock","11":"shipping-taxable","12":"purchasable","13":"product-type-simple"},"_links":{"self":[{"href":"https:\/\/stoic-curie.212-227-153-4.plesk.page\/de\/wp-json\/wp\/v2\/product\/733670","targetHints":{"allow":["GET"]}}],"collection":[{"href":"https:\/\/stoic-curie.212-227-153-4.plesk.page\/de\/wp-json\/wp\/v2\/product"}],"about":[{"href":"https:\/\/stoic-curie.212-227-153-4.plesk.page\/de\/wp-json\/wp\/v2\/types\/product"}],"replies":[{"embeddable":true,"href":"https:\/\/stoic-curie.212-227-153-4.plesk.page\/de\/wp-json\/wp\/v2\/comments?post=733670"}],"version-history":[{"count":0,"href":"https:\/\/stoic-curie.212-227-153-4.plesk.page\/de\/wp-json\/wp\/v2\/product\/733670\/revisions"}],"wp:featuredmedia":[{"embeddable":true,"href":"https:\/\/stoic-curie.212-227-153-4.plesk.page\/de\/wp-json\/wp\/v2\/media\/5938752"}],"wp:attachment":[{"href":"https:\/\/stoic-curie.212-227-153-4.plesk.page\/de\/wp-json\/wp\/v2\/media?parent=733670"}],"wp:term":[{"taxonomy":"product_brand","embeddable":true,"href":"https:\/\/stoic-curie.212-227-153-4.plesk.page\/de\/wp-json\/wp\/v2\/product_brand?post=733670"},{"taxonomy":"product_cat","embeddable":true,"href":"https:\/\/stoic-curie.212-227-153-4.plesk.page\/de\/wp-json\/wp\/v2\/product_cat?post=733670"},{"taxonomy":"product_tag","embeddable":true,"href":"https:\/\/stoic-curie.212-227-153-4.plesk.page\/de\/wp-json\/wp\/v2\/product_tag?post=733670"}],"curies":[{"name":"wp","href":"https:\/\/api.w.org\/{rel}","templated":true}]}}