{"id":733676,"date":"2025-03-03T16:19:55","date_gmt":"2025-03-03T15:19:55","guid":{"rendered":"https:\/\/stoic-curie.212-227-153-4.plesk.page\/producto\/wassertank-can-sb-420l\/"},"modified":"2026-02-24T23:34:48","modified_gmt":"2026-02-24T23:34:48","slug":"wassertank-can-sb-420l","status":"publish","type":"product","link":"https:\/\/stoic-curie.212-227-153-4.plesk.page\/de\/product\/wassertank-can-sb-420l\/","title":{"rendered":"Wassertank CAN-SB 420l"},"content":{"rendered":"<p>Wassertank CAN-SB 420l &#8211; <\/p>\n<p style=\"color: rgb(34, 34, 34); font-family: Arial, Helvetica, sans-serif; font-size: small;\">Unsere Polyethylen-Tanks, die f\u00fcr sowohl Frisch- als auch Grauwasser konzipiert sind, sind mit einer doppelte Klappe, einem Rohlauf und einem 38 mm Schwenk-Rohr-zu-Schlauch-Anschluss ausgestattet. Hergestellt aus hochdichtem Polyethylen, sind diese Tanks ideal f\u00fcr die Lagerung von Frischwasser, Salzwasser, Grauwasser und Schwarzwasser. Polyethylen ist ein leichtes, ungiftiges Material, das bemerkenswert resistent gegen\u00fcber mechanischen und chemischen Belastungen ist.<\/p>\n<p style=\"color: rgb(34, 34, 34); font-family: Arial, Helvetica, sans-serif; font-size: small;\">Wir garantieren, dass unsere Kunststofftanks aus lebensmitteltauglichem, BPA-freiem Polyethylen bestehen, was sicherstellt, dass sie v\u00f6llig sicher f\u00fcr die Lagerung von Trinkwasser sind. Speziell f\u00fcr die Lagerung von Lebensmitteln und Trinkwasser sowie f\u00fcr die Sammlung von Regenwasser oder Abwasser entwickelt, entsprechen unsere Tanks strengen Sicherheitsstandards.<\/p>\n<p style=\"color: rgb(34, 34, 34); font-family: Arial, Helvetica, sans-serif; font-size: small;\">Unsere Tanks werden aus linearem Polyethylen, einem ungiftigen Material, hergestellt und entsprechen den bestehenden Vorschriften und Richtlinien. Die Rotationsformtechnik in Verbindung mit hochdichtem linearem Polyethylen gew\u00e4hrleistet au\u00dfergew\u00f6hnliche Schlagfestigkeit und Widerstandsf\u00e4higkeit gegen\u00fcber chemischen Einfl\u00fcssen, Temperaturschwankungen, extremen Wetterbedingungen und UV-Strahlung.<\/p>\n<p style=\"color: rgb(34, 34, 34); font-family: Arial, Helvetica, sans-serif; font-size: small;\">Dar\u00fcber hinaus sind diese Tanks undurchsichtig, wodurch das Eindringen von Sonnenlicht in die gelagerte Fl\u00fcssigkeit effektiv blockiert wird, was das potenzielle Algenwachstum reduziert.<\/p>\n","protected":false},"excerpt":{"rendered":"<p>Wassertank CAN-SB 420l &#8211; Unsere Polyethylen-Tanks, die f\u00fcr sowohl Frisch- als auch Grauwasser konzipiert sind, sind mit einer doppelte Klappe,<\/p>\n","protected":false},"featured_media":5938758,"comment_status":"open","ping_status":"closed","template":"","meta":[],"product_brand":[2855],"product_cat":[1377],"product_tag":[],"class_list":{"0":"post-733676","1":"product","2":"type-product","3":"status-publish","4":"has-post-thumbnail","6":"product_brand-can-marine-de","7":"product_cat-wassertanks","9":"first","10":"instock","11":"shipping-taxable","12":"purchasable","13":"product-type-simple"},"_links":{"self":[{"href":"https:\/\/stoic-curie.212-227-153-4.plesk.page\/de\/wp-json\/wp\/v2\/product\/733676","targetHints":{"allow":["GET"]}}],"collection":[{"href":"https:\/\/stoic-curie.212-227-153-4.plesk.page\/de\/wp-json\/wp\/v2\/product"}],"about":[{"href":"https:\/\/stoic-curie.212-227-153-4.plesk.page\/de\/wp-json\/wp\/v2\/types\/product"}],"replies":[{"embeddable":true,"href":"https:\/\/stoic-curie.212-227-153-4.plesk.page\/de\/wp-json\/wp\/v2\/comments?post=733676"}],"version-history":[{"count":0,"href":"https:\/\/stoic-curie.212-227-153-4.plesk.page\/de\/wp-json\/wp\/v2\/product\/733676\/revisions"}],"wp:featuredmedia":[{"embeddable":true,"href":"https:\/\/stoic-curie.212-227-153-4.plesk.page\/de\/wp-json\/wp\/v2\/media\/5938758"}],"wp:attachment":[{"href":"https:\/\/stoic-curie.212-227-153-4.plesk.page\/de\/wp-json\/wp\/v2\/media?parent=733676"}],"wp:term":[{"taxonomy":"product_brand","embeddable":true,"href":"https:\/\/stoic-curie.212-227-153-4.plesk.page\/de\/wp-json\/wp\/v2\/product_brand?post=733676"},{"taxonomy":"product_cat","embeddable":true,"href":"https:\/\/stoic-curie.212-227-153-4.plesk.page\/de\/wp-json\/wp\/v2\/product_cat?post=733676"},{"taxonomy":"product_tag","embeddable":true,"href":"https:\/\/stoic-curie.212-227-153-4.plesk.page\/de\/wp-json\/wp\/v2\/product_tag?post=733676"}],"curies":[{"name":"wp","href":"https:\/\/api.w.org\/{rel}","templated":true}]}}