{"id":733685,"date":"2025-03-03T16:19:57","date_gmt":"2025-03-03T15:19:57","guid":{"rendered":"https:\/\/stoic-curie.212-227-153-4.plesk.page\/producto\/wassertank-green-line-can-sb-65l-85-x-39-x-h20cm\/"},"modified":"2026-02-24T23:34:48","modified_gmt":"2026-02-24T23:34:48","slug":"wassertank-green-line-can-sb-65l-85-x-39-x-h20cm","status":"publish","type":"product","link":"https:\/\/stoic-curie.212-227-153-4.plesk.page\/de\/product\/wassertank-green-line-can-sb-65l-85-x-39-x-h20cm\/","title":{"rendered":"Wassertank Green Line CAN-SB 65l (85 x 39 x H20cm)"},"content":{"rendered":"<p>Wassertank Green Line CAN-SB 65l (85 x 39 x H20cm) &#8211; <\/p>\n<p>Frischwasser-polyethylen-Tanks der Green Line mit einer Inspektions\u00f6ffnung. Mit 10 vorgefertigten L\u00f6chern f\u00fcr die Installation von Luken sowie Ein- und Auslassarmaturen, die separat geliefert werden.<\/p>\n","protected":false},"excerpt":{"rendered":"<p>Wassertank Green Line CAN-SB 65l (85 x 39 x H20cm) &#8211; Frischwasser-polyethylen-Tanks der Green Line mit einer Inspektions\u00f6ffnung. Mit 10<\/p>\n","protected":false},"featured_media":5938764,"comment_status":"open","ping_status":"closed","template":"","meta":[],"product_brand":[2855],"product_cat":[1377],"product_tag":[],"class_list":{"0":"post-733685","1":"product","2":"type-product","3":"status-publish","4":"has-post-thumbnail","6":"product_brand-can-marine-de","7":"product_cat-wassertanks","9":"first","10":"instock","11":"shipping-taxable","12":"purchasable","13":"product-type-simple"},"_links":{"self":[{"href":"https:\/\/stoic-curie.212-227-153-4.plesk.page\/de\/wp-json\/wp\/v2\/product\/733685","targetHints":{"allow":["GET"]}}],"collection":[{"href":"https:\/\/stoic-curie.212-227-153-4.plesk.page\/de\/wp-json\/wp\/v2\/product"}],"about":[{"href":"https:\/\/stoic-curie.212-227-153-4.plesk.page\/de\/wp-json\/wp\/v2\/types\/product"}],"replies":[{"embeddable":true,"href":"https:\/\/stoic-curie.212-227-153-4.plesk.page\/de\/wp-json\/wp\/v2\/comments?post=733685"}],"version-history":[{"count":0,"href":"https:\/\/stoic-curie.212-227-153-4.plesk.page\/de\/wp-json\/wp\/v2\/product\/733685\/revisions"}],"wp:featuredmedia":[{"embeddable":true,"href":"https:\/\/stoic-curie.212-227-153-4.plesk.page\/de\/wp-json\/wp\/v2\/media\/5938764"}],"wp:attachment":[{"href":"https:\/\/stoic-curie.212-227-153-4.plesk.page\/de\/wp-json\/wp\/v2\/media?parent=733685"}],"wp:term":[{"taxonomy":"product_brand","embeddable":true,"href":"https:\/\/stoic-curie.212-227-153-4.plesk.page\/de\/wp-json\/wp\/v2\/product_brand?post=733685"},{"taxonomy":"product_cat","embeddable":true,"href":"https:\/\/stoic-curie.212-227-153-4.plesk.page\/de\/wp-json\/wp\/v2\/product_cat?post=733685"},{"taxonomy":"product_tag","embeddable":true,"href":"https:\/\/stoic-curie.212-227-153-4.plesk.page\/de\/wp-json\/wp\/v2\/product_tag?post=733685"}],"curies":[{"name":"wp","href":"https:\/\/api.w.org\/{rel}","templated":true}]}}