{"id":733703,"date":"2025-03-03T16:20:00","date_gmt":"2025-03-03T15:20:00","guid":{"rendered":"https:\/\/stoic-curie.212-227-153-4.plesk.page\/producto\/wassertank-green-line-standard-107l-105-x-39-x-h37cm\/"},"modified":"2026-02-24T23:34:48","modified_gmt":"2026-02-24T23:34:48","slug":"wassertank-green-line-standard-107l-105-x-39-x-h37cm","status":"publish","type":"product","link":"https:\/\/stoic-curie.212-227-153-4.plesk.page\/de\/product\/wassertank-green-line-standard-107l-105-x-39-x-h37cm\/","title":{"rendered":"Wassertank Green Line Standard 107l (105 x 39 x H37cm)"},"content":{"rendered":"<p>Wassertank Green Line Standard 107l (105 x 39 x H37cm) &#8211; <\/p>\n<p>Frische Wasser Polyethylen-Tanks der Green Line mit eingelassener automatischer Wasserpumpen\u00f6ffnung. Komplett mit Ladeluke, Entnahmerohr, Anschl\u00fcssen und Pumpenschlauch. Die Tanks k\u00f6nnen mit einer automatischen Wasserpumpe Ihrer Wahl mit einer Standfl\u00e4che von 79 x 55 mm erg\u00e4nzt werden.<\/p>\n","protected":false},"excerpt":{"rendered":"<p>Wassertank Green Line Standard 107l (105 x 39 x H37cm) &#8211; Frische Wasser Polyethylen-Tanks der Green Line mit eingelassener automatischer<\/p>\n","protected":false},"featured_media":5938780,"comment_status":"open","ping_status":"closed","template":"","meta":[],"product_brand":[2855],"product_cat":[1377],"product_tag":[],"class_list":{"0":"post-733703","1":"product","2":"type-product","3":"status-publish","4":"has-post-thumbnail","6":"product_brand-can-marine-de","7":"product_cat-wassertanks","9":"first","10":"instock","11":"shipping-taxable","12":"purchasable","13":"product-type-simple"},"_links":{"self":[{"href":"https:\/\/stoic-curie.212-227-153-4.plesk.page\/de\/wp-json\/wp\/v2\/product\/733703","targetHints":{"allow":["GET"]}}],"collection":[{"href":"https:\/\/stoic-curie.212-227-153-4.plesk.page\/de\/wp-json\/wp\/v2\/product"}],"about":[{"href":"https:\/\/stoic-curie.212-227-153-4.plesk.page\/de\/wp-json\/wp\/v2\/types\/product"}],"replies":[{"embeddable":true,"href":"https:\/\/stoic-curie.212-227-153-4.plesk.page\/de\/wp-json\/wp\/v2\/comments?post=733703"}],"version-history":[{"count":0,"href":"https:\/\/stoic-curie.212-227-153-4.plesk.page\/de\/wp-json\/wp\/v2\/product\/733703\/revisions"}],"wp:featuredmedia":[{"embeddable":true,"href":"https:\/\/stoic-curie.212-227-153-4.plesk.page\/de\/wp-json\/wp\/v2\/media\/5938780"}],"wp:attachment":[{"href":"https:\/\/stoic-curie.212-227-153-4.plesk.page\/de\/wp-json\/wp\/v2\/media?parent=733703"}],"wp:term":[{"taxonomy":"product_brand","embeddable":true,"href":"https:\/\/stoic-curie.212-227-153-4.plesk.page\/de\/wp-json\/wp\/v2\/product_brand?post=733703"},{"taxonomy":"product_cat","embeddable":true,"href":"https:\/\/stoic-curie.212-227-153-4.plesk.page\/de\/wp-json\/wp\/v2\/product_cat?post=733703"},{"taxonomy":"product_tag","embeddable":true,"href":"https:\/\/stoic-curie.212-227-153-4.plesk.page\/de\/wp-json\/wp\/v2\/product_tag?post=733703"}],"curies":[{"name":"wp","href":"https:\/\/api.w.org\/{rel}","templated":true}]}}