{"id":733705,"date":"2025-03-03T16:20:00","date_gmt":"2025-03-03T15:20:00","guid":{"rendered":"https:\/\/stoic-curie.212-227-153-4.plesk.page\/producto\/tragbarer-kuehlschrank-igloo-48qt-650-x-370-mm\/"},"modified":"2026-02-24T23:34:48","modified_gmt":"2026-02-24T23:34:48","slug":"tragbarer-kuehlschrank-igloo-48qt-650-x-370-mm","status":"publish","type":"product","link":"https:\/\/stoic-curie.212-227-153-4.plesk.page\/de\/product\/tragbarer-kuehlschrank-igloo-48qt-650-x-370-mm\/","title":{"rendered":"Tragbarer K\u00fchlschrank Igloo 48Qt 650 x 370 mm"},"content":{"rendered":"<p>Tragbarer K\u00fchlschrank Igloo 48Qt 650 x 370 mm &#8211; <\/p>\n<p>Igloo tragbare K\u00fchler, die f\u00fcr den maritimen Einsatz entwickelt wurden, ideal zum Lagern von Lebensmitteln, Fischen oder als Lebendk\u00f6derbeh\u00e4lter. THERMECOOL-Schaumisolierung mit UV-best\u00e4ndigem ABS-Geh\u00e4use und geruchsfreier Polymerinnenseite. Das Modell 150Q ist mit einer doppelt zug\u00e4nglichen T\u00fcr ausgestattet.<\/p>\n","protected":false},"excerpt":{"rendered":"<p>Tragbarer K\u00fchlschrank Igloo 48Qt 650 x 370 mm &#8211; Igloo tragbare K\u00fchler, die f\u00fcr den maritimen Einsatz entwickelt wurden, ideal<\/p>\n","protected":false},"featured_media":5938798,"comment_status":"open","ping_status":"closed","template":"","meta":[],"product_brand":[3015],"product_cat":[1359],"product_tag":[],"class_list":{"0":"post-733705","1":"product","2":"type-product","3":"status-publish","4":"has-post-thumbnail","6":"product_brand-igloo-marine-de","7":"product_cat-kuehlbox-kuehlgeraete","9":"first","10":"instock","11":"shipping-taxable","12":"purchasable","13":"product-type-simple"},"_links":{"self":[{"href":"https:\/\/stoic-curie.212-227-153-4.plesk.page\/de\/wp-json\/wp\/v2\/product\/733705","targetHints":{"allow":["GET"]}}],"collection":[{"href":"https:\/\/stoic-curie.212-227-153-4.plesk.page\/de\/wp-json\/wp\/v2\/product"}],"about":[{"href":"https:\/\/stoic-curie.212-227-153-4.plesk.page\/de\/wp-json\/wp\/v2\/types\/product"}],"replies":[{"embeddable":true,"href":"https:\/\/stoic-curie.212-227-153-4.plesk.page\/de\/wp-json\/wp\/v2\/comments?post=733705"}],"version-history":[{"count":0,"href":"https:\/\/stoic-curie.212-227-153-4.plesk.page\/de\/wp-json\/wp\/v2\/product\/733705\/revisions"}],"wp:featuredmedia":[{"embeddable":true,"href":"https:\/\/stoic-curie.212-227-153-4.plesk.page\/de\/wp-json\/wp\/v2\/media\/5938798"}],"wp:attachment":[{"href":"https:\/\/stoic-curie.212-227-153-4.plesk.page\/de\/wp-json\/wp\/v2\/media?parent=733705"}],"wp:term":[{"taxonomy":"product_brand","embeddable":true,"href":"https:\/\/stoic-curie.212-227-153-4.plesk.page\/de\/wp-json\/wp\/v2\/product_brand?post=733705"},{"taxonomy":"product_cat","embeddable":true,"href":"https:\/\/stoic-curie.212-227-153-4.plesk.page\/de\/wp-json\/wp\/v2\/product_cat?post=733705"},{"taxonomy":"product_tag","embeddable":true,"href":"https:\/\/stoic-curie.212-227-153-4.plesk.page\/de\/wp-json\/wp\/v2\/product_tag?post=733705"}],"curies":[{"name":"wp","href":"https:\/\/api.w.org\/{rel}","templated":true}]}}