{"id":733706,"date":"2025-03-03T16:20:01","date_gmt":"2025-03-03T15:20:01","guid":{"rendered":"https:\/\/stoic-curie.212-227-153-4.plesk.page\/producto\/tragbarer-kuehlschrank-igloo-54qt\/"},"modified":"2026-02-24T23:34:48","modified_gmt":"2026-02-24T23:34:48","slug":"tragbarer-kuehlschrank-igloo-54qt","status":"publish","type":"product","link":"https:\/\/stoic-curie.212-227-153-4.plesk.page\/de\/product\/tragbarer-kuehlschrank-igloo-54qt\/","title":{"rendered":"Tragbarer K\u00fchlschrank Igloo 54Qt"},"content":{"rendered":"<p>Tragbarer K\u00fchlschrank Igloo 54Qt &#8211; <\/p>\n<p>Igloo tragbare K\u00fchler, die f\u00fcr maritime Nutzung konzipiert sind. Ideal zum Lagern von Lebensmitteln, Fischen oder als lebende Baitbeh\u00e4lter. THERMECOOL-Schaumisolierung mit UV-best\u00e4ndigem ABS-Geh\u00e4use und geruchlosem Polymer-Innenraum.<\/p>\n","protected":false},"excerpt":{"rendered":"<p>Tragbarer K\u00fchlschrank Igloo 54Qt &#8211; Igloo tragbare K\u00fchler, die f\u00fcr maritime Nutzung konzipiert sind. Ideal zum Lagern von Lebensmitteln, Fischen<\/p>\n","protected":false},"featured_media":5938803,"comment_status":"open","ping_status":"closed","template":"","meta":[],"product_brand":[3015],"product_cat":[1359],"product_tag":[],"class_list":{"0":"post-733706","1":"product","2":"type-product","3":"status-publish","4":"has-post-thumbnail","6":"product_brand-igloo-marine-de","7":"product_cat-kuehlbox-kuehlgeraete","9":"first","10":"outofstock","11":"shipping-taxable","12":"purchasable","13":"product-type-simple"},"_links":{"self":[{"href":"https:\/\/stoic-curie.212-227-153-4.plesk.page\/de\/wp-json\/wp\/v2\/product\/733706","targetHints":{"allow":["GET"]}}],"collection":[{"href":"https:\/\/stoic-curie.212-227-153-4.plesk.page\/de\/wp-json\/wp\/v2\/product"}],"about":[{"href":"https:\/\/stoic-curie.212-227-153-4.plesk.page\/de\/wp-json\/wp\/v2\/types\/product"}],"replies":[{"embeddable":true,"href":"https:\/\/stoic-curie.212-227-153-4.plesk.page\/de\/wp-json\/wp\/v2\/comments?post=733706"}],"version-history":[{"count":0,"href":"https:\/\/stoic-curie.212-227-153-4.plesk.page\/de\/wp-json\/wp\/v2\/product\/733706\/revisions"}],"wp:featuredmedia":[{"embeddable":true,"href":"https:\/\/stoic-curie.212-227-153-4.plesk.page\/de\/wp-json\/wp\/v2\/media\/5938803"}],"wp:attachment":[{"href":"https:\/\/stoic-curie.212-227-153-4.plesk.page\/de\/wp-json\/wp\/v2\/media?parent=733706"}],"wp:term":[{"taxonomy":"product_brand","embeddable":true,"href":"https:\/\/stoic-curie.212-227-153-4.plesk.page\/de\/wp-json\/wp\/v2\/product_brand?post=733706"},{"taxonomy":"product_cat","embeddable":true,"href":"https:\/\/stoic-curie.212-227-153-4.plesk.page\/de\/wp-json\/wp\/v2\/product_cat?post=733706"},{"taxonomy":"product_tag","embeddable":true,"href":"https:\/\/stoic-curie.212-227-153-4.plesk.page\/de\/wp-json\/wp\/v2\/product_tag?post=733706"}],"curies":[{"name":"wp","href":"https:\/\/api.w.org\/{rel}","templated":true}]}}