{"id":733711,"date":"2025-03-03T16:20:03","date_gmt":"2025-03-03T15:20:03","guid":{"rendered":"https:\/\/stoic-curie.212-227-153-4.plesk.page\/producto\/kissen-fuer-igloo-kuehlschraenke-72-l\/"},"modified":"2026-02-24T23:34:48","modified_gmt":"2026-02-24T23:34:48","slug":"kissen-fuer-igloo-kuehlschraenke-72-l","status":"publish","type":"product","link":"https:\/\/stoic-curie.212-227-153-4.plesk.page\/de\/product\/kissen-fuer-igloo-kuehlschraenke-72-l\/","title":{"rendered":"Kissen f\u00fcr Igloo K\u00fchlschr\u00e4nke 72 l"},"content":{"rendered":"<p>Kissen f\u00fcr Igloo K\u00fchlschr\u00e4nke 72 l &#8211; <\/p>\n<p>Transportable Igloo K\u00fchlersitzkissen.<\/p>\n","protected":false},"excerpt":{"rendered":"<p>Kissen f\u00fcr Igloo K\u00fchlschr\u00e4nke 72 l &#8211; Transportable Igloo K\u00fchlersitzkissen.<\/p>\n","protected":false},"featured_media":5938816,"comment_status":"open","ping_status":"closed","template":"","meta":[],"product_brand":[3015],"product_cat":[1359],"product_tag":[],"class_list":{"0":"post-733711","1":"product","2":"type-product","3":"status-publish","4":"has-post-thumbnail","6":"product_brand-igloo-marine-de","7":"product_cat-kuehlbox-kuehlgeraete","9":"first","10":"instock","11":"shipping-taxable","12":"purchasable","13":"product-type-simple"},"_links":{"self":[{"href":"https:\/\/stoic-curie.212-227-153-4.plesk.page\/de\/wp-json\/wp\/v2\/product\/733711","targetHints":{"allow":["GET"]}}],"collection":[{"href":"https:\/\/stoic-curie.212-227-153-4.plesk.page\/de\/wp-json\/wp\/v2\/product"}],"about":[{"href":"https:\/\/stoic-curie.212-227-153-4.plesk.page\/de\/wp-json\/wp\/v2\/types\/product"}],"replies":[{"embeddable":true,"href":"https:\/\/stoic-curie.212-227-153-4.plesk.page\/de\/wp-json\/wp\/v2\/comments?post=733711"}],"version-history":[{"count":0,"href":"https:\/\/stoic-curie.212-227-153-4.plesk.page\/de\/wp-json\/wp\/v2\/product\/733711\/revisions"}],"wp:featuredmedia":[{"embeddable":true,"href":"https:\/\/stoic-curie.212-227-153-4.plesk.page\/de\/wp-json\/wp\/v2\/media\/5938816"}],"wp:attachment":[{"href":"https:\/\/stoic-curie.212-227-153-4.plesk.page\/de\/wp-json\/wp\/v2\/media?parent=733711"}],"wp:term":[{"taxonomy":"product_brand","embeddable":true,"href":"https:\/\/stoic-curie.212-227-153-4.plesk.page\/de\/wp-json\/wp\/v2\/product_brand?post=733711"},{"taxonomy":"product_cat","embeddable":true,"href":"https:\/\/stoic-curie.212-227-153-4.plesk.page\/de\/wp-json\/wp\/v2\/product_cat?post=733711"},{"taxonomy":"product_tag","embeddable":true,"href":"https:\/\/stoic-curie.212-227-153-4.plesk.page\/de\/wp-json\/wp\/v2\/product_tag?post=733711"}],"curies":[{"name":"wp","href":"https:\/\/api.w.org\/{rel}","templated":true}]}}