{"id":733714,"date":"2025-03-03T16:20:03","date_gmt":"2025-03-03T15:20:03","guid":{"rendered":"https:\/\/stoic-curie.212-227-153-4.plesk.page\/producto\/tragbare-minikuehlbox-vitrifrigo-c29m-29-l-12-24v\/"},"modified":"2026-02-24T23:34:48","modified_gmt":"2026-02-24T23:34:48","slug":"tragbare-minikuehlbox-vitrifrigo-c29m-29-l-12-24v","status":"publish","type":"product","link":"https:\/\/stoic-curie.212-227-153-4.plesk.page\/de\/product\/tragbare-minikuehlbox-vitrifrigo-c29m-29-l-12-24v\/","title":{"rendered":"Tragbare Minik\u00fchlbox Vitrifrigo C29M, 29 l, 12-24V"},"content":{"rendered":"<p>Tragbare Minik\u00fchlbox Vitrifrigo C29M, 29 l, 12-24V &#8211; <\/p>\n<p style=\"color: rgb(34, 34, 34); font-family: Arial, Helvetica, sans-serif; font-size: small;\">Wir freuen uns, Ihnen unseren tragbaren K\u00fchlschrank\/F tiefk\u00fchler vorstellen zu d\u00fcrfen, der mit einem flexiblen Dualspannungs-System von 12\/24V oder einer Multi-Spannungs-Option von 12\/24\/220V ausgestattet ist und \u00fcber eine zuverl\u00e4ssige Danfoss-K\u00fchlungseinheit verf\u00fcgt. Sie k\u00f6nnen die Innentemperatur bequem im Bereich von +10\u00b0C bis -15\u00b0C mit einem mechanischen Drehthermostat oder einem digitalen Display je nach ausgew\u00e4hltem Modell anpassen. Das Ger\u00e4t hat einen Stromverbrauch von 48W.<\/p>\n<ul style=\"color: rgb(34, 34, 34); font-family: Arial, Helvetica, sans-serif; font-size: small;\">\n<li><strong>C29M<\/strong>: Diese Variante ist mit einem mechanischen Thermostat ausgestattet und funktioniert mit einer 12\/24V Dualspannung-Stromquelle.<\/li>\n<\/ul>\n<p style=\"color: rgb(34, 34, 34); font-family: Arial, Helvetica, sans-serif; font-size: small;\">Die wichtigsten Spezifikationen sind wie folgt:<\/p>\n<ul style=\"color: rgb(34, 34, 34); font-family: Arial, Helvetica, sans-serif; font-size: small;\">\n<li><strong>Gesamtvolumen<\/strong>: 29 Liter<\/li>\n<li><strong>Nettogewicht<\/strong>: 15 kg<\/li>\n<li><strong>Stromversorgung<\/strong>: 12\/24V DC (auch in 12\/24V DC &#8211; 100-240V AC 50\/60Hz erh\u00e4ltlich). Es ist wichtig zu beachten, dass die D-Version ausschlie\u00dflich in 12\/24V DC &#8211; 100-240V AC 50\/60Hz erh\u00e4ltlich ist.<\/li>\n<li><strong>Nennverbrauch<\/strong>: 48W<\/li>\n<li><strong>Abmessungen<\/strong>:\n<ul>\n<li>Breite: 530 mm<\/li>\n<li>H\u00f6he: 390 mm<\/li>\n<li>Tiefe: 345 mm<\/li>\n<\/ul>\n<\/li>\n<li><strong>Innere Temperaturspanne<\/strong>: +10\u00b0C bis -15\u00b0C<\/li>\n<\/ul>\n<p style=\"color: rgb(34, 34, 34); font-family: Arial, Helvetica, sans-serif; font-size: small;\">Dieser tragbare K\u00fchlschrank\/Tiefk\u00fchler ist eine hervorragende Wahl f\u00fcr Bootseigner, die zuverl\u00e4ssige und effiziente K\u00fchlungsl\u00f6sungen suchen, w\u00e4hrend sie ihre Zeit auf dem Wasser genie\u00dfen.<\/p>\n","protected":false},"excerpt":{"rendered":"<p>Tragbare Minik\u00fchlbox Vitrifrigo C29M, 29 l, 12-24V &#8211; Wir freuen uns, Ihnen unseren tragbaren K\u00fchlschrank\/F tiefk\u00fchler vorstellen zu d\u00fcrfen, der<\/p>\n","protected":false},"featured_media":5938817,"comment_status":"open","ping_status":"closed","template":"","meta":[],"product_brand":[3525],"product_cat":[1359,1464],"product_tag":[],"class_list":{"0":"post-733714","1":"product","2":"type-product","3":"status-publish","4":"has-post-thumbnail","6":"product_brand-vitrifrigo-de","7":"product_cat-kuehlbox-kuehlgeraete","8":"product_cat-kuehlschraenke-und-gefriertruhen","10":"first","11":"instock","12":"shipping-taxable","13":"purchasable","14":"product-type-simple"},"_links":{"self":[{"href":"https:\/\/stoic-curie.212-227-153-4.plesk.page\/de\/wp-json\/wp\/v2\/product\/733714","targetHints":{"allow":["GET"]}}],"collection":[{"href":"https:\/\/stoic-curie.212-227-153-4.plesk.page\/de\/wp-json\/wp\/v2\/product"}],"about":[{"href":"https:\/\/stoic-curie.212-227-153-4.plesk.page\/de\/wp-json\/wp\/v2\/types\/product"}],"replies":[{"embeddable":true,"href":"https:\/\/stoic-curie.212-227-153-4.plesk.page\/de\/wp-json\/wp\/v2\/comments?post=733714"}],"version-history":[{"count":0,"href":"https:\/\/stoic-curie.212-227-153-4.plesk.page\/de\/wp-json\/wp\/v2\/product\/733714\/revisions"}],"wp:featuredmedia":[{"embeddable":true,"href":"https:\/\/stoic-curie.212-227-153-4.plesk.page\/de\/wp-json\/wp\/v2\/media\/5938817"}],"wp:attachment":[{"href":"https:\/\/stoic-curie.212-227-153-4.plesk.page\/de\/wp-json\/wp\/v2\/media?parent=733714"}],"wp:term":[{"taxonomy":"product_brand","embeddable":true,"href":"https:\/\/stoic-curie.212-227-153-4.plesk.page\/de\/wp-json\/wp\/v2\/product_brand?post=733714"},{"taxonomy":"product_cat","embeddable":true,"href":"https:\/\/stoic-curie.212-227-153-4.plesk.page\/de\/wp-json\/wp\/v2\/product_cat?post=733714"},{"taxonomy":"product_tag","embeddable":true,"href":"https:\/\/stoic-curie.212-227-153-4.plesk.page\/de\/wp-json\/wp\/v2\/product_tag?post=733714"}],"curies":[{"name":"wp","href":"https:\/\/api.w.org\/{rel}","templated":true}]}}