{"id":733719,"date":"2025-03-03T16:20:04","date_gmt":"2025-03-03T15:20:04","guid":{"rendered":"https:\/\/stoic-curie.212-227-153-4.plesk.page\/producto\/vertikaler-kompressor-danfoss-nd35vr-bis-zu-130lt\/"},"modified":"2026-02-24T23:34:48","modified_gmt":"2026-02-24T23:34:48","slug":"vertikaler-kompressor-danfoss-nd35vr-bis-zu-130lt","status":"publish","type":"product","link":"https:\/\/stoic-curie.212-227-153-4.plesk.page\/de\/product\/vertikaler-kompressor-danfoss-nd35vr-bis-zu-130lt\/","title":{"rendered":"Vertikaler Kompressor DANFOSS ND35VR bis zu 130lt"},"content":{"rendered":"<p>Vertikaler Kompressor DANFOSS ND35VR bis zu 130lt &#8211; <\/p>\n<p>Vertikale 12\/24V Danfoss K\u00fchlungseinheit mit K\u00fchll\u00fcfter und Schnellkupplungen vom Typ Vitrifrigo. Kann mit einem Verdampfer Ihrer Wahl und Vitri-Kupplungen erg\u00e4nzt werden.<\/p>\n","protected":false},"excerpt":{"rendered":"<p>Vertikaler Kompressor DANFOSS ND35VR bis zu 130lt &#8211; Vertikale 12\/24V Danfoss K\u00fchlungseinheit mit K\u00fchll\u00fcfter und Schnellkupplungen vom Typ Vitrifrigo. Kann<\/p>\n","protected":false},"featured_media":5938825,"comment_status":"open","ping_status":"closed","template":"","meta":[],"product_brand":[3525],"product_cat":[1464],"product_tag":[],"class_list":{"0":"post-733719","1":"product","2":"type-product","3":"status-publish","4":"has-post-thumbnail","6":"product_brand-vitrifrigo-de","7":"product_cat-kuehlschraenke-und-gefriertruhen","9":"first","10":"instock","11":"shipping-taxable","12":"purchasable","13":"product-type-simple"},"_links":{"self":[{"href":"https:\/\/stoic-curie.212-227-153-4.plesk.page\/de\/wp-json\/wp\/v2\/product\/733719","targetHints":{"allow":["GET"]}}],"collection":[{"href":"https:\/\/stoic-curie.212-227-153-4.plesk.page\/de\/wp-json\/wp\/v2\/product"}],"about":[{"href":"https:\/\/stoic-curie.212-227-153-4.plesk.page\/de\/wp-json\/wp\/v2\/types\/product"}],"replies":[{"embeddable":true,"href":"https:\/\/stoic-curie.212-227-153-4.plesk.page\/de\/wp-json\/wp\/v2\/comments?post=733719"}],"version-history":[{"count":0,"href":"https:\/\/stoic-curie.212-227-153-4.plesk.page\/de\/wp-json\/wp\/v2\/product\/733719\/revisions"}],"wp:featuredmedia":[{"embeddable":true,"href":"https:\/\/stoic-curie.212-227-153-4.plesk.page\/de\/wp-json\/wp\/v2\/media\/5938825"}],"wp:attachment":[{"href":"https:\/\/stoic-curie.212-227-153-4.plesk.page\/de\/wp-json\/wp\/v2\/media?parent=733719"}],"wp:term":[{"taxonomy":"product_brand","embeddable":true,"href":"https:\/\/stoic-curie.212-227-153-4.plesk.page\/de\/wp-json\/wp\/v2\/product_brand?post=733719"},{"taxonomy":"product_cat","embeddable":true,"href":"https:\/\/stoic-curie.212-227-153-4.plesk.page\/de\/wp-json\/wp\/v2\/product_cat?post=733719"},{"taxonomy":"product_tag","embeddable":true,"href":"https:\/\/stoic-curie.212-227-153-4.plesk.page\/de\/wp-json\/wp\/v2\/product_tag?post=733719"}],"curies":[{"name":"wp","href":"https:\/\/api.w.org\/{rel}","templated":true}]}}