{"id":733720,"date":"2025-03-03T16:20:05","date_gmt":"2025-03-03T15:20:05","guid":{"rendered":"https:\/\/stoic-curie.212-227-153-4.plesk.page\/producto\/horizontaler-kompressor-danfoss-nd50or2-von-120-bis-360-l\/"},"modified":"2026-02-24T23:34:48","modified_gmt":"2026-02-24T23:34:48","slug":"horizontaler-kompressor-danfoss-nd50or2-von-120-bis-360-l","status":"publish","type":"product","link":"https:\/\/stoic-curie.212-227-153-4.plesk.page\/de\/product\/horizontaler-kompressor-danfoss-nd50or2-von-120-bis-360-l\/","title":{"rendered":"Horizontaler Kompressor DANFOSS ND50OR2 von 120 bis 360 l"},"content":{"rendered":"<p>Horizontaler Kompressor DANFOSS ND50OR2 von 120 bis 360 l &#8211; <\/p>\n<p>Horizontale 12\/24V Danfoss-K\u00fchlungseinheit mit K\u00fchlgebl\u00e4se und Vitrifrigo-Quickverbindungen. Erg\u00e4nzen Sie die Einheit mit einem Verdampfer Ihrer Wahl, der mit Vitri-Typ-Verbindungen ausgestattet ist.<\/p>\n","protected":false},"excerpt":{"rendered":"<p>Horizontaler Kompressor DANFOSS ND50OR2 von 120 bis 360 l &#8211; Horizontale 12\/24V Danfoss-K\u00fchlungseinheit mit K\u00fchlgebl\u00e4se und Vitrifrigo-Quickverbindungen. Erg\u00e4nzen Sie die<\/p>\n","protected":false},"featured_media":5938823,"comment_status":"open","ping_status":"closed","template":"","meta":[],"product_brand":[3525],"product_cat":[1464],"product_tag":[],"class_list":{"0":"post-733720","1":"product","2":"type-product","3":"status-publish","4":"has-post-thumbnail","6":"product_brand-vitrifrigo-de","7":"product_cat-kuehlschraenke-und-gefriertruhen","9":"first","10":"instock","11":"shipping-taxable","12":"purchasable","13":"product-type-simple"},"_links":{"self":[{"href":"https:\/\/stoic-curie.212-227-153-4.plesk.page\/de\/wp-json\/wp\/v2\/product\/733720","targetHints":{"allow":["GET"]}}],"collection":[{"href":"https:\/\/stoic-curie.212-227-153-4.plesk.page\/de\/wp-json\/wp\/v2\/product"}],"about":[{"href":"https:\/\/stoic-curie.212-227-153-4.plesk.page\/de\/wp-json\/wp\/v2\/types\/product"}],"replies":[{"embeddable":true,"href":"https:\/\/stoic-curie.212-227-153-4.plesk.page\/de\/wp-json\/wp\/v2\/comments?post=733720"}],"version-history":[{"count":0,"href":"https:\/\/stoic-curie.212-227-153-4.plesk.page\/de\/wp-json\/wp\/v2\/product\/733720\/revisions"}],"wp:featuredmedia":[{"embeddable":true,"href":"https:\/\/stoic-curie.212-227-153-4.plesk.page\/de\/wp-json\/wp\/v2\/media\/5938823"}],"wp:attachment":[{"href":"https:\/\/stoic-curie.212-227-153-4.plesk.page\/de\/wp-json\/wp\/v2\/media?parent=733720"}],"wp:term":[{"taxonomy":"product_brand","embeddable":true,"href":"https:\/\/stoic-curie.212-227-153-4.plesk.page\/de\/wp-json\/wp\/v2\/product_brand?post=733720"},{"taxonomy":"product_cat","embeddable":true,"href":"https:\/\/stoic-curie.212-227-153-4.plesk.page\/de\/wp-json\/wp\/v2\/product_cat?post=733720"},{"taxonomy":"product_tag","embeddable":true,"href":"https:\/\/stoic-curie.212-227-153-4.plesk.page\/de\/wp-json\/wp\/v2\/product_tag?post=733720"}],"curies":[{"name":"wp","href":"https:\/\/api.w.org\/{rel}","templated":true}]}}