{"id":733723,"date":"2025-03-03T16:20:06","date_gmt":"2025-03-03T15:20:06","guid":{"rendered":"https:\/\/stoic-curie.212-227-153-4.plesk.page\/producto\/ersatzelektronikeinheit-fuer-vitrifrigo-kuehlschraenke-und-gefriergeraete-12-24v\/"},"modified":"2026-02-24T23:34:48","modified_gmt":"2026-02-24T23:34:48","slug":"ersatzelektronikeinheit-fuer-vitrifrigo-kuehlschraenke-und-gefriergeraete-12-24v","status":"publish","type":"product","link":"https:\/\/stoic-curie.212-227-153-4.plesk.page\/de\/product\/ersatzelektronikeinheit-fuer-vitrifrigo-kuehlschraenke-und-gefriergeraete-12-24v\/","title":{"rendered":"Ersatzelektronikeinheit f\u00fcr Vitrifrigo-K\u00fchlschr\u00e4nke und -gefrierger\u00e4te 12\/24V"},"content":{"rendered":"<p>Ersatzelektronikeinheit f\u00fcr Vitrifrigo-K\u00fchlschr\u00e4nke und -gefrierger\u00e4te 12\/24V &#8211; <\/p>\n<p>Ersatz elektronische Einheit f\u00fcr die Verwendung mit Vitrifrigo K\u00fchlschr\u00e4nken und Gefrierschr\u00e4nken.<\/p>\n","protected":false},"excerpt":{"rendered":"<p>Ersatzelektronikeinheit f\u00fcr Vitrifrigo-K\u00fchlschr\u00e4nke und -gefrierger\u00e4te 12\/24V &#8211; Ersatz elektronische Einheit f\u00fcr die Verwendung mit Vitrifrigo K\u00fchlschr\u00e4nken und Gefrierschr\u00e4nken.<\/p>\n","protected":false},"featured_media":5938832,"comment_status":"open","ping_status":"closed","template":"","meta":[],"product_brand":[3525],"product_cat":[1464],"product_tag":[],"class_list":{"0":"post-733723","1":"product","2":"type-product","3":"status-publish","4":"has-post-thumbnail","6":"product_brand-vitrifrigo-de","7":"product_cat-kuehlschraenke-und-gefriertruhen","9":"first","10":"instock","11":"shipping-taxable","12":"purchasable","13":"product-type-simple"},"_links":{"self":[{"href":"https:\/\/stoic-curie.212-227-153-4.plesk.page\/de\/wp-json\/wp\/v2\/product\/733723","targetHints":{"allow":["GET"]}}],"collection":[{"href":"https:\/\/stoic-curie.212-227-153-4.plesk.page\/de\/wp-json\/wp\/v2\/product"}],"about":[{"href":"https:\/\/stoic-curie.212-227-153-4.plesk.page\/de\/wp-json\/wp\/v2\/types\/product"}],"replies":[{"embeddable":true,"href":"https:\/\/stoic-curie.212-227-153-4.plesk.page\/de\/wp-json\/wp\/v2\/comments?post=733723"}],"version-history":[{"count":0,"href":"https:\/\/stoic-curie.212-227-153-4.plesk.page\/de\/wp-json\/wp\/v2\/product\/733723\/revisions"}],"wp:featuredmedia":[{"embeddable":true,"href":"https:\/\/stoic-curie.212-227-153-4.plesk.page\/de\/wp-json\/wp\/v2\/media\/5938832"}],"wp:attachment":[{"href":"https:\/\/stoic-curie.212-227-153-4.plesk.page\/de\/wp-json\/wp\/v2\/media?parent=733723"}],"wp:term":[{"taxonomy":"product_brand","embeddable":true,"href":"https:\/\/stoic-curie.212-227-153-4.plesk.page\/de\/wp-json\/wp\/v2\/product_brand?post=733723"},{"taxonomy":"product_cat","embeddable":true,"href":"https:\/\/stoic-curie.212-227-153-4.plesk.page\/de\/wp-json\/wp\/v2\/product_cat?post=733723"},{"taxonomy":"product_tag","embeddable":true,"href":"https:\/\/stoic-curie.212-227-153-4.plesk.page\/de\/wp-json\/wp\/v2\/product_tag?post=733723"}],"curies":[{"name":"wp","href":"https:\/\/api.w.org\/{rel}","templated":true}]}}