{"id":733724,"date":"2025-03-03T16:20:06","date_gmt":"2025-03-03T15:20:06","guid":{"rendered":"https:\/\/stoic-curie.212-227-153-4.plesk.page\/producto\/edelstahl-verdampfer-vitifrigo-ac20-325-x-355-x-h70-mm\/"},"modified":"2026-02-24T23:34:48","modified_gmt":"2026-02-24T23:34:48","slug":"edelstahl-verdampfer-vitifrigo-ac20-325-x-355-x-h70-mm","status":"publish","type":"product","link":"https:\/\/stoic-curie.212-227-153-4.plesk.page\/de\/product\/edelstahl-verdampfer-vitifrigo-ac20-325-x-355-x-h70-mm\/","title":{"rendered":"Edelstahl Verdampfer Vitifrigo AC20 325 x 355 x H70 mm"},"content":{"rendered":"<p>Edelstahl Verdampfer Vitifrigo AC20 325 x 355 x H70 mm &#8211; <\/p>\n<p>Edelstahl-K\u00e4lteakkumulations-Energie-sparende Verdampfer mit Vitri-Typ Schnellkupplungen. Perfekt f\u00fcr Segelboote, bei denen das st\u00e4ndige Aufladen der Batterien schwierig ist.<\/p>\n","protected":false},"excerpt":{"rendered":"<p>Edelstahl Verdampfer Vitifrigo AC20 325 x 355 x H70 mm &#8211; Edelstahl-K\u00e4lteakkumulations-Energie-sparende Verdampfer mit Vitri-Typ Schnellkupplungen. Perfekt f\u00fcr Segelboote, bei<\/p>\n","protected":false},"featured_media":5938834,"comment_status":"open","ping_status":"closed","template":"","meta":[],"product_brand":[3525],"product_cat":[1464],"product_tag":[],"class_list":{"0":"post-733724","1":"product","2":"type-product","3":"status-publish","4":"has-post-thumbnail","6":"product_brand-vitrifrigo-de","7":"product_cat-kuehlschraenke-und-gefriertruhen","9":"first","10":"instock","11":"shipping-taxable","12":"purchasable","13":"product-type-simple"},"_links":{"self":[{"href":"https:\/\/stoic-curie.212-227-153-4.plesk.page\/de\/wp-json\/wp\/v2\/product\/733724","targetHints":{"allow":["GET"]}}],"collection":[{"href":"https:\/\/stoic-curie.212-227-153-4.plesk.page\/de\/wp-json\/wp\/v2\/product"}],"about":[{"href":"https:\/\/stoic-curie.212-227-153-4.plesk.page\/de\/wp-json\/wp\/v2\/types\/product"}],"replies":[{"embeddable":true,"href":"https:\/\/stoic-curie.212-227-153-4.plesk.page\/de\/wp-json\/wp\/v2\/comments?post=733724"}],"version-history":[{"count":0,"href":"https:\/\/stoic-curie.212-227-153-4.plesk.page\/de\/wp-json\/wp\/v2\/product\/733724\/revisions"}],"wp:featuredmedia":[{"embeddable":true,"href":"https:\/\/stoic-curie.212-227-153-4.plesk.page\/de\/wp-json\/wp\/v2\/media\/5938834"}],"wp:attachment":[{"href":"https:\/\/stoic-curie.212-227-153-4.plesk.page\/de\/wp-json\/wp\/v2\/media?parent=733724"}],"wp:term":[{"taxonomy":"product_brand","embeddable":true,"href":"https:\/\/stoic-curie.212-227-153-4.plesk.page\/de\/wp-json\/wp\/v2\/product_brand?post=733724"},{"taxonomy":"product_cat","embeddable":true,"href":"https:\/\/stoic-curie.212-227-153-4.plesk.page\/de\/wp-json\/wp\/v2\/product_cat?post=733724"},{"taxonomy":"product_tag","embeddable":true,"href":"https:\/\/stoic-curie.212-227-153-4.plesk.page\/de\/wp-json\/wp\/v2\/product_tag?post=733724"}],"curies":[{"name":"wp","href":"https:\/\/api.w.org\/{rel}","templated":true}]}}