{"id":733726,"date":"2025-03-03T16:20:06","date_gmt":"2025-03-03T15:20:06","guid":{"rendered":"https:\/\/stoic-curie.212-227-153-4.plesk.page\/producto\/weisses-bullauge-rechteckig-d400x200mm\/"},"modified":"2026-02-24T23:34:48","modified_gmt":"2026-02-24T23:34:48","slug":"weisses-bullauge-rechteckig-d400x200mm","status":"publish","type":"product","link":"https:\/\/stoic-curie.212-227-153-4.plesk.page\/de\/product\/weisses-bullauge-rechteckig-d400x200mm\/","title":{"rendered":"Wei\u00dfes Bullauge Rechteckig D400x200mm"},"content":{"rendered":"<p>Wei\u00dfes Bullauge Rechteckig D400x200mm &#8211; <\/p>\n<p>Nylonrahmen und rechteckige Portlights aus Acrylglas. Vollst\u00e4ndig mit Verblendring ausgestattet. Schrauben nicht enthalten. Steckergr\u00f6\u00dfe 30 mm. CE EN ISO12216 Kat.A\/B\/C\/D zertifiziert.<\/p>\n","protected":false},"excerpt":{"rendered":"<p>Wei\u00dfes Bullauge Rechteckig D400x200mm &#8211; Nylonrahmen und rechteckige Portlights aus Acrylglas. Vollst\u00e4ndig mit Verblendring ausgestattet. Schrauben nicht enthalten. Steckergr\u00f6\u00dfe 30<\/p>\n","protected":false},"featured_media":5938838,"comment_status":"open","ping_status":"closed","template":"","meta":[],"product_brand":[3035],"product_cat":[1415,1410],"product_tag":[],"class_list":{"0":"post-733726","1":"product","2":"type-product","3":"status-publish","4":"has-post-thumbnail","6":"product_brand-jba-marine-de","7":"product_cat-bootsluken","8":"product_cat-bullaugen","10":"first","11":"instock","12":"shipping-taxable","13":"purchasable","14":"product-type-simple"},"_links":{"self":[{"href":"https:\/\/stoic-curie.212-227-153-4.plesk.page\/de\/wp-json\/wp\/v2\/product\/733726","targetHints":{"allow":["GET"]}}],"collection":[{"href":"https:\/\/stoic-curie.212-227-153-4.plesk.page\/de\/wp-json\/wp\/v2\/product"}],"about":[{"href":"https:\/\/stoic-curie.212-227-153-4.plesk.page\/de\/wp-json\/wp\/v2\/types\/product"}],"replies":[{"embeddable":true,"href":"https:\/\/stoic-curie.212-227-153-4.plesk.page\/de\/wp-json\/wp\/v2\/comments?post=733726"}],"version-history":[{"count":0,"href":"https:\/\/stoic-curie.212-227-153-4.plesk.page\/de\/wp-json\/wp\/v2\/product\/733726\/revisions"}],"wp:featuredmedia":[{"embeddable":true,"href":"https:\/\/stoic-curie.212-227-153-4.plesk.page\/de\/wp-json\/wp\/v2\/media\/5938838"}],"wp:attachment":[{"href":"https:\/\/stoic-curie.212-227-153-4.plesk.page\/de\/wp-json\/wp\/v2\/media?parent=733726"}],"wp:term":[{"taxonomy":"product_brand","embeddable":true,"href":"https:\/\/stoic-curie.212-227-153-4.plesk.page\/de\/wp-json\/wp\/v2\/product_brand?post=733726"},{"taxonomy":"product_cat","embeddable":true,"href":"https:\/\/stoic-curie.212-227-153-4.plesk.page\/de\/wp-json\/wp\/v2\/product_cat?post=733726"},{"taxonomy":"product_tag","embeddable":true,"href":"https:\/\/stoic-curie.212-227-153-4.plesk.page\/de\/wp-json\/wp\/v2\/product_tag?post=733726"}],"curies":[{"name":"wp","href":"https:\/\/api.w.org\/{rel}","templated":true}]}}