{"id":733727,"date":"2025-03-03T16:20:06","date_gmt":"2025-03-03T15:20:06","guid":{"rendered":"https:\/\/stoic-curie.212-227-153-4.plesk.page\/producto\/uflex-elektrische-federlifte-mod-ulysses-12v-l515\/"},"modified":"2026-02-24T23:34:48","modified_gmt":"2026-02-24T23:34:48","slug":"uflex-elektrische-federlifte-mod-ulysses-12v-l515","status":"publish","type":"product","link":"https:\/\/stoic-curie.212-227-153-4.plesk.page\/de\/product\/uflex-elektrische-federlifte-mod-ulysses-12v-l515\/","title":{"rendered":"Uflex Elektrische Federlifte Mod. Ulysses 12V L515"},"content":{"rendered":"<p>Uflex Elektrische Federlifte Mod. Ulysses 12V L515 &#8211; <\/p>\n<p>Leichte lineare elektrische Klappenfedern, die als Einzelinstallation montiert werden. Entwickelt zum \u00d6ffnen &#8211; sogar bis zur H\u00e4lfte &#8211; von Decks\u00f6ffnungen und Maschinenraumt\u00fcren. IP65 wasserdicht mit Edelstahlachse. Maximale Belastung 65 kg.<\/p>\n","protected":false},"excerpt":{"rendered":"<p>Uflex Elektrische Federlifte Mod. Ulysses 12V L515 &#8211; Leichte lineare elektrische Klappenfedern, die als Einzelinstallation montiert werden. Entwickelt zum \u00d6ffnen<\/p>\n","protected":false},"featured_media":5938843,"comment_status":"open","ping_status":"closed","template":"","meta":[],"product_brand":[3500],"product_cat":[1401],"product_tag":[],"class_list":{"0":"post-733727","1":"product","2":"type-product","3":"status-publish","4":"has-post-thumbnail","6":"product_brand-ultraflex-uflex-de","7":"product_cat-gasdruckfedern-fuer-luken","9":"first","10":"instock","11":"shipping-taxable","12":"purchasable","13":"product-type-simple"},"_links":{"self":[{"href":"https:\/\/stoic-curie.212-227-153-4.plesk.page\/de\/wp-json\/wp\/v2\/product\/733727","targetHints":{"allow":["GET"]}}],"collection":[{"href":"https:\/\/stoic-curie.212-227-153-4.plesk.page\/de\/wp-json\/wp\/v2\/product"}],"about":[{"href":"https:\/\/stoic-curie.212-227-153-4.plesk.page\/de\/wp-json\/wp\/v2\/types\/product"}],"replies":[{"embeddable":true,"href":"https:\/\/stoic-curie.212-227-153-4.plesk.page\/de\/wp-json\/wp\/v2\/comments?post=733727"}],"version-history":[{"count":0,"href":"https:\/\/stoic-curie.212-227-153-4.plesk.page\/de\/wp-json\/wp\/v2\/product\/733727\/revisions"}],"wp:featuredmedia":[{"embeddable":true,"href":"https:\/\/stoic-curie.212-227-153-4.plesk.page\/de\/wp-json\/wp\/v2\/media\/5938843"}],"wp:attachment":[{"href":"https:\/\/stoic-curie.212-227-153-4.plesk.page\/de\/wp-json\/wp\/v2\/media?parent=733727"}],"wp:term":[{"taxonomy":"product_brand","embeddable":true,"href":"https:\/\/stoic-curie.212-227-153-4.plesk.page\/de\/wp-json\/wp\/v2\/product_brand?post=733727"},{"taxonomy":"product_cat","embeddable":true,"href":"https:\/\/stoic-curie.212-227-153-4.plesk.page\/de\/wp-json\/wp\/v2\/product_cat?post=733727"},{"taxonomy":"product_tag","embeddable":true,"href":"https:\/\/stoic-curie.212-227-153-4.plesk.page\/de\/wp-json\/wp\/v2\/product_tag?post=733727"}],"curies":[{"name":"wp","href":"https:\/\/api.w.org\/{rel}","templated":true}]}}