{"id":733731,"date":"2025-03-03T16:20:08","date_gmt":"2025-03-03T15:20:08","guid":{"rendered":"https:\/\/stoic-curie.212-227-153-4.plesk.page\/producto\/uflex-elektrische-federlifte-mod-av-12v-l677\/"},"modified":"2026-02-24T23:34:48","modified_gmt":"2026-02-24T23:34:48","slug":"uflex-elektrische-federlifte-mod-av-12v-l677","status":"publish","type":"product","link":"https:\/\/stoic-curie.212-227-153-4.plesk.page\/de\/product\/uflex-elektrische-federlifte-mod-av-12v-l677\/","title":{"rendered":"Uflex AV 3012 Elektrische Federlifte 12V L677"},"content":{"rendered":"<p>Uflex AV 3012 Elektrische Federlifte 12V L677 &#8211; <\/p>\n<p style=\"color: rgb(34, 34, 34); font-family: Arial, Helvetica, sans-serif; font-size: small;\">Die AV Schachtheber sind elektromechanische Ger\u00e4te, die speziell f\u00fcr maritime Anwendungen auf Freizeitbooten entwickelt wurden. Sie erm\u00f6glichen das m\u00fchelose \u00d6ffnen und Schlie\u00dfen gro\u00dfer Motorhauben, Spitztanks, Schachtbalken und \u00e4hnlichen Komponenten. Mit einem einfachen Knopfdruck k\u00f6nnen Sie die Klappe von einer vollst\u00e4ndig geschlossenen Position in eine vollst\u00e4ndig offene Position versetzen. Ein internes Selbstsperrmechanismus sorgt daf\u00fcr, dass die Klappe sicher an ihrem Platz bleibt und ein unbeabsichtigtes Schlie\u00dfen verhindert wird. Diese leichten linearen elektrischen Schachtfederheber k\u00f6nnen als eigenst\u00e4ndige Einheiten installiert werden.<\/p>\n<p style=\"color: rgb(34, 34, 34); font-family: Arial, Helvetica, sans-serif; font-size: small;\">Sie sind besonders effektiv f\u00fcr den Zugang zu Deckluken und Maschinenraumt\u00fcren, wobei auch teilweise \u00d6ffnungen m\u00f6glich sind. Mit einer IP65-Wasserdichtigkeitsbewertung und einem Edelstahlzylinder k\u00f6nnen diese Hebevorrichtungen gewichte bis zu 120 kg bew\u00e4ltigen. Zum Betrieb sind ein Relais und ein Schalter erforderlich, um das \u00d6ffnen und Schlie\u00dfen zu steuern.<\/p>\n<p style=\"color: rgb(34, 34, 34); font-family: Arial, Helvetica, sans-serif; font-size: small;\">Im Falle eines Stromausfalls erm\u00f6glicht eine Notfallfunktion die manuelle Bedienung.<\/p>\n<p style=\"color: rgb(34, 34, 34); font-family: Arial, Helvetica, sans-serif; font-size: small;\"><strong>Technische Spezifikationen<\/strong><\/p>\n<p style=\"color: rgb(34, 34, 34); font-family: Arial, Helvetica, sans-serif; font-size: small;\">Der AV Schachtheber kann entweder als eigenst\u00e4ndige Einheit oder in einer Zwillingszylinderanordnung f\u00fcr schwerere Lasten konfiguriert werden.<\/p>\n<ul style=\"color: rgb(34, 34, 34); font-family: Arial, Helvetica, sans-serif; font-size: small;\">\n<li>Maximallast f\u00fcr einzelne Installationen: 1200N (120 kg \/ 265 lbs)<\/li>\n<li>Maximallast f\u00fcr doppelte Installationen: 2400N (240 kg \/ 529 lbs)<\/li>\n<li>Die angegebenen maximalen Lastgrenzen nicht \u00fcberschreiten.<\/li>\n<li>Enth\u00e4lt alle notwendigen Montagematerialien.<\/li>\n<li>Ausgestattet mit einem Edelstahl-Teleskopzylinder f\u00fcr die manuelle Bedienung im Notfall.<\/li>\n<li>Mit einem Leistungsschutzschalter zum Schutz vor \u00dcberlastung und einem elektronischen Stopp an beiden Enden ausgestattet.<\/li>\n<li>IP65 bewertet zum Schutz gegen Staub und Feuchtigkeit.<\/li>\n<li>Geschwindigkeit: 25 mm\/Sekunde ohne Last; 17 mm\/Sekunde bei maximaler Last.<\/li>\n<li>Stromaufnahme f\u00fcr einzelne Installationen: 10A bei 12V, 5A bei 24V.<\/li>\n<li>Stromaufnahme f\u00fcr doppelte Installationen: 20A bei 12V, 10A bei 24V.<\/li>\n<li>\u00c4u\u00dferdurchmesser: 48 mm (1,9 &#8220;).<\/li>\n<\/ul>\n<p style=\"color: rgb(34, 34, 34); font-family: Arial, Helvetica, sans-serif; font-size: small;\"><strong>Verf\u00fcgbare Modelle<\/strong><\/p>\n<table style=\"color: rgb(34, 34, 34); font-family: Arial, Helvetica, sans-serif; font-size: small; background-color: rgb(255, 255, 255);\">\n<thead>\n<tr>\n<th>Modell<\/th>\n<th>SKU<\/th>\n<th>Spannung<\/th>\n<th>Hubh\u00f6he<\/th>\n<th>L\u00e4nge A (Vollst\u00e4ndig geschlossener Aktuator)<\/th>\n<th>\u00c4u\u00dferdurchmesser<\/th>\n<\/tr>\n<\/thead>\n<tbody>\n<tr>\n<td style=\"margin: 0px;\">AV 3012<\/td>\n<td style=\"margin: 0px;\">40671C<\/td>\n<td style=\"margin: 0px;\">12V DC<\/td>\n<td style=\"margin: 0px;\">300 mm (12\u201c)<\/td>\n<td style=\"margin: 0px;\">677 mm (26.6\u201c)<\/td>\n<td style=\"margin: 0px;\">48 mm (1.9\u201c)<\/td>\n<\/tr>\n<tr>\n<td style=\"margin: 0px;\">AV 3024<\/td>\n<td style=\"margin: 0px;\">40672E<\/td>\n<td style=\"margin: 0px;\">24V DC<\/td>\n<td style=\"margin: 0px;\">300 mm (12\u201c)<\/td>\n<td style=\"margin: 0px;\">677 mm (26.6\u201c)<\/td>\n<td style=\"margin: 0px;\">48 mm (1.9\u201c)<\/td>\n<\/tr>\n<tr>\n<td style=\"margin: 0px;\">AV 4512<\/td>\n<td style=\"margin: 0px;\">40582D<\/td>\n<td style=\"margin: 0px;\">12V DC<\/td>\n<td style=\"margin: 0px;\">450 mm (18\u201c)<\/td>\n<td style=\"margin: 0px;\">827 mm (32.5\u201c)<\/td>\n<td style=\"margin: 0px;\">48 mm (1.9\u201c)<\/td>\n<\/tr>\n<tr>\n<td style=\"margin: 0px;\">AV 4524<\/td>\n<td style=\"margin: 0px;\">40583F<\/td>\n<td style=\"margin: 0px;\">24V DC<\/td>\n<td style=\"margin: 0px;\">450 mm (18\u201c)<\/td>\n<td style=\"margin: 0px;\">827 mm (32.5\u201c)<\/td>\n<td style=\"margin: 0px;\">48 mm (1.9\u201c)<\/td>\n<\/tr>\n<tr>\n<td style=\"margin: 0px;\">AV 6012<\/td>\n<td style=\"margin: 0px;\">40584H<\/td>\n<td style=\"margin: 0px;\">12V DC<\/td>\n<td style=\"margin: 0px;\">600 mm (24\u201c)<\/td>\n<td style=\"margin: 0px;\">977 mm (38.4\u201c)<\/td>\n<td style=\"margin: 0px;\">48 mm (1.9\u201c)<\/td>\n<\/tr>\n<tr>\n<td style=\"margin: 0px;\">AV 6024<\/td>\n<td style=\"margin: 0px;\">40585K<\/td>\n<td style=\"margin: 0px;\">24V DC<\/td>\n<td style=\"margin: 0px;\">600 mm (24\u201c)<\/td>\n<td style=\"margin: 0px;\">977 mm (38.4\u201c)<\/td>\n<td style=\"margin: 0px;\">48 mm (1.9\u201c)<\/p>\n<\/td>\n<\/tr>\n<\/tbody>\n<\/table>\n","protected":false},"excerpt":{"rendered":"<p>Uflex AV 3012 Elektrische Federlifte 12V L677 &#8211; Die AV Schachtheber sind elektromechanische Ger\u00e4te, die speziell f\u00fcr maritime Anwendungen auf<\/p>\n","protected":false},"featured_media":5938848,"comment_status":"open","ping_status":"closed","template":"","meta":[],"product_brand":[3500],"product_cat":[1401],"product_tag":[],"class_list":{"0":"post-733731","1":"product","2":"type-product","3":"status-publish","4":"has-post-thumbnail","6":"product_brand-ultraflex-uflex-de","7":"product_cat-gasdruckfedern-fuer-luken","9":"first","10":"instock","11":"shipping-taxable","12":"purchasable","13":"product-type-simple"},"_links":{"self":[{"href":"https:\/\/stoic-curie.212-227-153-4.plesk.page\/de\/wp-json\/wp\/v2\/product\/733731","targetHints":{"allow":["GET"]}}],"collection":[{"href":"https:\/\/stoic-curie.212-227-153-4.plesk.page\/de\/wp-json\/wp\/v2\/product"}],"about":[{"href":"https:\/\/stoic-curie.212-227-153-4.plesk.page\/de\/wp-json\/wp\/v2\/types\/product"}],"replies":[{"embeddable":true,"href":"https:\/\/stoic-curie.212-227-153-4.plesk.page\/de\/wp-json\/wp\/v2\/comments?post=733731"}],"version-history":[{"count":0,"href":"https:\/\/stoic-curie.212-227-153-4.plesk.page\/de\/wp-json\/wp\/v2\/product\/733731\/revisions"}],"wp:featuredmedia":[{"embeddable":true,"href":"https:\/\/stoic-curie.212-227-153-4.plesk.page\/de\/wp-json\/wp\/v2\/media\/5938848"}],"wp:attachment":[{"href":"https:\/\/stoic-curie.212-227-153-4.plesk.page\/de\/wp-json\/wp\/v2\/media?parent=733731"}],"wp:term":[{"taxonomy":"product_brand","embeddable":true,"href":"https:\/\/stoic-curie.212-227-153-4.plesk.page\/de\/wp-json\/wp\/v2\/product_brand?post=733731"},{"taxonomy":"product_cat","embeddable":true,"href":"https:\/\/stoic-curie.212-227-153-4.plesk.page\/de\/wp-json\/wp\/v2\/product_cat?post=733731"},{"taxonomy":"product_tag","embeddable":true,"href":"https:\/\/stoic-curie.212-227-153-4.plesk.page\/de\/wp-json\/wp\/v2\/product_tag?post=733731"}],"curies":[{"name":"wp","href":"https:\/\/api.w.org\/{rel}","templated":true}]}}