{"id":733732,"date":"2025-03-03T16:20:08","date_gmt":"2025-03-03T15:20:08","guid":{"rendered":"https:\/\/stoic-curie.212-227-153-4.plesk.page\/producto\/uflex-elektrische-federlifte-mod-av-12-v-l827\/"},"modified":"2026-02-24T23:34:48","modified_gmt":"2026-02-24T23:34:48","slug":"uflex-elektrische-federlifte-mod-av-12-v-l827","status":"publish","type":"product","link":"https:\/\/stoic-curie.212-227-153-4.plesk.page\/de\/product\/uflex-elektrische-federlifte-mod-av-12-v-l827\/","title":{"rendered":"Uflex AV 4512 Hatch Lifters 12V 827mm"},"content":{"rendered":"<p>Uflex AV 4512 Hatch Lifters 12V 827mm &#8211; <\/p>\n<p style=\"color: rgb(34, 34, 34); font-family: Arial, Helvetica, sans-serif; font-size: small;\">Die AV-Hatch-Lifter sind elektromechanische Systeme, die f\u00fcr den maritimen Einsatz auf Freizeitbooten entwickelt wurden. Sie erleichtern das \u00d6ffnen und Schlie\u00dfen gro\u00dfer Motorabdeckungen, Bugtanks, Luke-Riegel und \u00e4hnlicher Teile mit nur einem Knopfdruck. Damit k\u00f6nnen Sie die Luke von ganz geschlossen bis ganz ge\u00f6ffnet bewegen. Eine interne selbstverriegelnde Funktion h\u00e4lt die Luke sicher an ihrem Platz und verhindert Unf\u00e4lle beim Schlie\u00dfen. Diese leichten linearen elektrischen Luke-Federheber k\u00f6nnen als eigenst\u00e4ndige Einheiten installiert werden.<\/p>\n<p style=\"color: rgb(34, 34, 34); font-family: Arial, Helvetica, sans-serif; font-size: small;\">Sie eignen sich gut f\u00fcr den Zugang zu Deckslukene und Motorraument\u00fcren und erm\u00f6glichen auch teilweise \u00d6ffnungen. Mit einer IP65-Wasserdichtigkeit und einer Edelstahlachse k\u00f6nnen diese Lifter eine maximale Last von 120 kg tragen. Sie ben\u00f6tigen ein Relais und einen Schalter, um sie zu \u00f6ffnen und zu schlie\u00dfen.<\/p>\n<p style=\"color: rgb(34, 34, 34); font-family: Arial, Helvetica, sans-serif; font-size: small;\">Im Falle eines Stromausfalls erm\u00f6glicht eine Notfunktion die manuelle Bedienung.<\/p>\n<p style=\"color: rgb(34, 34, 34); font-family: Arial, Helvetica, sans-serif; font-size: small;\"><strong>Technische Spezifikationen<\/strong><\/p>\n<p style=\"color: rgb(34, 34, 34); font-family: Arial, Helvetica, sans-serif; font-size: small;\">Die AV-Hatch-Lifter k\u00f6nnen einzeln oder in einem Doppelzylinder-Setup f\u00fcr schwerere Lasten installiert werden.<\/p>\n<ul style=\"color: rgb(34, 34, 34); font-family: Arial, Helvetica, sans-serif; font-size: small;\">\n<li>Maximale Last f\u00fcr Einzelinstallationen: 1200N (120 kg \/ 265 lbs)<\/li>\n<li>Maximale Last f\u00fcr Doppelinstallationen: 2400N (240 kg \/ 529 lbs)<\/li>\n<li>Die maximalen Lastgrenzen d\u00fcrfen nicht \u00fcberschritten werden.<\/li>\n<li>Kommt mit allen notwendigen Montagematerialien.<\/li>\n<li>Besitzt einen Edelstahl-Teleskopzylinder f\u00fcr manuelle Benutzung in Notf\u00e4llen.<\/li>\n<li>Verf\u00fcgt \u00fcber einen Leistungsschalter zum Schutz vor \u00dcberlast und einen elektronischen Stopp an beiden Enden.<\/li>\n<li>Bewertet mit IP65 f\u00fcr Staub- und Feuchtigkeitsschutz.<\/li>\n<li>Geschwindigkeit: 25 mm\/s ohne Last; 17 mm\/s bei maximaler Last.<\/li>\n<li>Stromverbrauch f\u00fcr Einzelinstallationen: 10A bei 12V, 5A bei 24V.<\/li>\n<li>Stromverbrauch f\u00fcr Doppelinstallationen: 20A bei 12V, 10A bei 24V.<\/li>\n<li>\u00c4u\u00dferdurchmesser: 48 mm (1,9 Zoll).<\/li>\n<\/ul>\n<p style=\"color: rgb(34, 34, 34); font-family: Arial, Helvetica, sans-serif; font-size: small;\"><strong>Verf\u00fcgbare Modelle<\/strong><\/p>\n<table style=\"color: rgb(34, 34, 34); font-family: Arial, Helvetica, sans-serif; font-size: small; background-color: rgb(255, 255, 255);\">\n<thead>\n<tr>\n<th>Modell<\/th>\n<th>SKU<\/th>\n<th>Spannung<\/th>\n<th>Hubh\u00f6he<\/th>\n<th>L\u00e4nge A (Vollst\u00e4ndig geschlossener Aktuator)<\/th>\n<th>\u00c4u\u00dferdurchmesser<\/th>\n<\/tr>\n<\/thead>\n<tbody>\n<tr>\n<td style=\"margin: 0px;\">AV 3012<\/td>\n<td style=\"margin: 0px;\">40671C<\/td>\n<td style=\"margin: 0px;\">12V DC<\/td>\n<td style=\"margin: 0px;\">300 mm (12\u201c)<\/td>\n<td style=\"margin: 0px;\">677 mm (26.6\u201c)<\/td>\n<td style=\"margin: 0px;\">48 mm (1.9\u201c)<\/td>\n<\/tr>\n<tr>\n<td style=\"margin: 0px;\">AV 3024<\/td>\n<td style=\"margin: 0px;\">40672E<\/td>\n<td style=\"margin: 0px;\">24V DC<\/td>\n<td style=\"margin: 0px;\">300 mm (12\u201c)<\/td>\n<td style=\"margin: 0px;\">677 mm (26.6\u201c)<\/td>\n<td style=\"margin: 0px;\">48 mm (1.9\u201c)<\/td>\n<\/tr>\n<tr>\n<td style=\"margin: 0px;\">AV 4512<\/td>\n<td style=\"margin: 0px;\">40582D<\/td>\n<td style=\"margin: 0px;\">12V DC<\/td>\n<td style=\"margin: 0px;\">450 mm (18\u201c)<\/td>\n<td style=\"margin: 0px;\">827 mm (32.5\u201c)<\/td>\n<td style=\"margin: 0px;\">48 mm (1.9\u201c)<\/td>\n<\/tr>\n<tr>\n<td style=\"margin: 0px;\">AV 4524<\/td>\n<td style=\"margin: 0px;\">40583F<\/td>\n<td style=\"margin: 0px;\">24V DC<\/td>\n<td style=\"margin: 0px;\">450 mm (18\u201c)<\/td>\n<td style=\"margin: 0px;\">827 mm (32.5\u201c)<\/td>\n<td style=\"margin: 0px;\">48 mm (1.9\u201c)<\/td>\n<\/tr>\n<tr>\n<td style=\"margin: 0px;\">AV 6012<\/td>\n<td style=\"margin: 0px;\">40584H<\/td>\n<td style=\"margin: 0px;\">12V DC<\/td>\n<td style=\"margin: 0px;\">600 mm (24\u201c)<\/td>\n<td style=\"margin: 0px;\">977 mm (38.4\u201c)<\/td>\n<td style=\"margin: 0px;\">48 mm (1.9\u201c)<\/td>\n<\/tr>\n<tr>\n<td style=\"margin: 0px;\">AV 6024<\/td>\n<td style=\"margin: 0px;\">40585K<\/td>\n<td style=\"margin: 0px;\">24V DC<\/td>\n<td style=\"margin: 0px;\">600 mm (24\u201c)<\/td>\n<td style=\"margin: 0px;\">977 mm (38.4\u201c)<\/td>\n<td style=\"margin: 0px;\">48 mm (1.9\u201c)<\/td>\n<\/tr>\n<\/tbody>\n<\/table>\n","protected":false},"excerpt":{"rendered":"<p>Uflex AV 4512 Hatch Lifters 12V 827mm &#8211; Die AV-Hatch-Lifter sind elektromechanische Systeme, die f\u00fcr den maritimen Einsatz auf Freizeitbooten<\/p>\n","protected":false},"featured_media":5938848,"comment_status":"open","ping_status":"closed","template":"","meta":[],"product_brand":[3500],"product_cat":[1401],"product_tag":[],"class_list":{"0":"post-733732","1":"product","2":"type-product","3":"status-publish","4":"has-post-thumbnail","6":"product_brand-ultraflex-uflex-de","7":"product_cat-gasdruckfedern-fuer-luken","9":"first","10":"instock","11":"shipping-taxable","12":"purchasable","13":"product-type-simple"},"_links":{"self":[{"href":"https:\/\/stoic-curie.212-227-153-4.plesk.page\/de\/wp-json\/wp\/v2\/product\/733732","targetHints":{"allow":["GET"]}}],"collection":[{"href":"https:\/\/stoic-curie.212-227-153-4.plesk.page\/de\/wp-json\/wp\/v2\/product"}],"about":[{"href":"https:\/\/stoic-curie.212-227-153-4.plesk.page\/de\/wp-json\/wp\/v2\/types\/product"}],"replies":[{"embeddable":true,"href":"https:\/\/stoic-curie.212-227-153-4.plesk.page\/de\/wp-json\/wp\/v2\/comments?post=733732"}],"version-history":[{"count":0,"href":"https:\/\/stoic-curie.212-227-153-4.plesk.page\/de\/wp-json\/wp\/v2\/product\/733732\/revisions"}],"wp:featuredmedia":[{"embeddable":true,"href":"https:\/\/stoic-curie.212-227-153-4.plesk.page\/de\/wp-json\/wp\/v2\/media\/5938848"}],"wp:attachment":[{"href":"https:\/\/stoic-curie.212-227-153-4.plesk.page\/de\/wp-json\/wp\/v2\/media?parent=733732"}],"wp:term":[{"taxonomy":"product_brand","embeddable":true,"href":"https:\/\/stoic-curie.212-227-153-4.plesk.page\/de\/wp-json\/wp\/v2\/product_brand?post=733732"},{"taxonomy":"product_cat","embeddable":true,"href":"https:\/\/stoic-curie.212-227-153-4.plesk.page\/de\/wp-json\/wp\/v2\/product_cat?post=733732"},{"taxonomy":"product_tag","embeddable":true,"href":"https:\/\/stoic-curie.212-227-153-4.plesk.page\/de\/wp-json\/wp\/v2\/product_tag?post=733732"}],"curies":[{"name":"wp","href":"https:\/\/api.w.org\/{rel}","templated":true}]}}