{"id":733733,"date":"2025-03-03T16:20:08","date_gmt":"2025-03-03T15:20:08","guid":{"rendered":"https:\/\/stoic-curie.212-227-153-4.plesk.page\/producto\/uflex-elektrische-federlifte-mod-av-12v-l977\/"},"modified":"2026-02-24T23:34:48","modified_gmt":"2026-02-24T23:34:48","slug":"uflex-elektrische-federlifte-mod-av-12v-l977","status":"publish","type":"product","link":"https:\/\/stoic-curie.212-227-153-4.plesk.page\/de\/product\/uflex-elektrische-federlifte-mod-av-12v-l977\/","title":{"rendered":"Uflex AV 6012 Elektrische Federlifte 12V L977"},"content":{"rendered":"<p>Uflex AV 6012 Elektrische Federlifte 12V L977 &#8211; <\/p>\n<p style=\"color: rgb(34, 34, 34); font-family: Arial, Helvetica, sans-serif; font-size: small;\">Die AV-Hatch-Lifte sind spezialisierte elektromechanische Ger\u00e4te, die f\u00fcr den maritimen Einsatz auf Freizeitbooten konzipiert sind. Sie erm\u00f6glichen das reibungslose \u00d6ffnen und Schlie\u00dfen von gro\u00dfen Motorluken, Spitzen-Tanks, Lukendeckeln und anderen \u00e4hnlichen Komponenten. Mit einem einfachen Druck auf die Taste k\u00f6nnen Sie die Luke von einem vollst\u00e4ndig geschlossenen Zustand bis zur vollen \u00d6ffnung verschieben. Eine interne Selbstverriegelung sorgt daf\u00fcr, dass die Luke sicher positioniert bleibt und ein versehentliches Schlie\u00dfen verhindert wird. Diese leichten linearen elektrischen Luke-Federheber k\u00f6nnen als eigenst\u00e4ndige Einheiten installiert werden.<\/p>\n<p style=\"color: rgb(34, 34, 34); font-family: Arial, Helvetica, sans-serif; font-size: small;\">Sie sind besonders effektiv f\u00fcr den Zugang zu Decksluken und T\u00fcren des Maschinenraums, da auch teilweise \u00d6ffnungen m\u00f6glich sind. Mit einer IP65-Wasserdichtigkeit und einem Edelstahl-Schlitten k\u00f6nnen diese Lifter eine maximale Traglast von 120 kg unterst\u00fctzen. Um sie zu betreiben, sind ein Relais und ein Schalter f\u00fcr die \u00d6ffnungs- und Schlie\u00dffunktionen erforderlich.<\/p>\n<p style=\"color: rgb(34, 34, 34); font-family: Arial, Helvetica, sans-serif; font-size: small;\">Im Falle eines Stromausfalls erm\u00f6glicht eine Notfallfunktion den manuellen Betrieb.<\/p>\n<p style=\"color: rgb(34, 34, 34); font-family: Arial, Helvetica, sans-serif; font-size: small;\"><strong>Technische Spezifikationen<\/strong><\/p>\n<p style=\"color: rgb(34, 34, 34); font-family: Arial, Helvetica, sans-serif; font-size: small;\">Der AV-Hatch-Lifter kann entweder als Einzelger\u00e4t oder in einer Doppelzylinder-Konfiguration f\u00fcr schwerere Lasten installiert werden.<\/p>\n<ul style=\"color: rgb(34, 34, 34); font-family: Arial, Helvetica, sans-serif; font-size: small;\">\n<li>Maximale Last f\u00fcr einzelne Installationen: 1200N (120 kg \/ 265 lbs)<\/li>\n<li>Maximale Last f\u00fcr doppelte Installationen: 2400N (240 kg \/ 529 lbs)<\/li>\n<li>Die angegebenen maximalen Lastgrenzen nicht \u00fcberschreiten.<\/li>\n<li>Wird mit allen notwendigen Montagematerialien geliefert.<\/li>\n<li>Verf\u00fcgt \u00fcber einen Edelstahl-Teleskopzylinder f\u00fcr den manuellen Betrieb im Notfall.<\/li>\n<li>Inklusive eines Leistungsschutzschalters zur \u00dcberlastverhinderung und einem elektronischen Stopp an beiden Enden.<\/li>\n<li>Bewertet mit IP65 zum Schutz gegen Staub und Feuchtigkeit.<\/li>\n<li>Geschwindigkeit: 25 mm\/s ohne Last; 17 mm\/s unter maximaler Last.<\/li>\n<li>Stromverbrauch bei einzelnen Installationen: 10A bei 12V, 5A bei 24V.<\/li>\n<li>Stromverbrauch bei doppelten Installationen: 20A bei 12V, 10A bei 24V.<\/li>\n<li>\u00c4u\u00dferer Durchmesser: 48 mm (1,9\u201d).<\/li>\n<\/ul>\n<p style=\"color: rgb(34, 34, 34); font-family: Arial, Helvetica, sans-serif; font-size: small;\"><strong>Verf\u00fcgbare Modelle<\/strong><\/p>\n<table style=\"color: rgb(34, 34, 34); font-family: Arial, Helvetica, sans-serif; font-size: small; background-color: rgb(255, 255, 255);\">\n<thead>\n<tr>\n<th>Modell<\/th>\n<th>SKU<\/th>\n<th>Spannung<\/th>\n<th>Hubh\u00f6he<\/th>\n<th>L\u00e4nge A (vollst\u00e4ndig geschlossener Aktuator)<\/th>\n<th>\u00c4u\u00dferer Durchmesser<\/th>\n<\/tr>\n<\/thead>\n<tbody>\n<tr>\n<td style=\"margin: 0px;\">AV 3012<\/td>\n<td style=\"margin: 0px;\">40671C<\/td>\n<td style=\"margin: 0px;\">12V DC<\/td>\n<td style=\"margin: 0px;\">300 mm (12\u201d)<\/td>\n<td style=\"margin: 0px;\">677 mm (26,6\u201d)<\/td>\n<td style=\"margin: 0px;\">48 mm (1,9\u201d)<\/td>\n<\/tr>\n<tr>\n<td style=\"margin: 0px;\">AV 3024<\/td>\n<td style=\"margin: 0px;\">40672E<\/td>\n<td style=\"margin: 0px;\">24V DC<\/td>\n<td style=\"margin: 0px;\">300 mm (12\u201d)<\/td>\n<td style=\"margin: 0px;\">677 mm (26,6\u201d)<\/td>\n<td style=\"margin: 0px;\">48 mm (1,9\u201d)<\/td>\n<\/tr>\n<tr>\n<td style=\"margin: 0px;\">AV 4512<\/td>\n<td style=\"margin: 0px;\">40582D<\/td>\n<td style=\"margin: 0px;\">12V DC<\/td>\n<td style=\"margin: 0px;\">450 mm (18\u201d)<\/td>\n<td style=\"margin: 0px;\">827 mm (32,5\u201d)<\/td>\n<td style=\"margin: 0px;\">48 mm (1,9\u201d)<\/td>\n<\/tr>\n<tr>\n<td style=\"margin: 0px;\">AV 4524<\/td>\n<td style=\"margin: 0px;\">40583F<\/td>\n<td style=\"margin: 0px;\">24V DC<\/td>\n<td style=\"margin: 0px;\">450 mm (18\u201d)<\/td>\n<td style=\"margin: 0px;\">827 mm (32,5\u201d)<\/td>\n<td style=\"margin: 0px;\">48 mm (1,9\u201d)<\/td>\n<\/tr>\n<tr>\n<td style=\"margin: 0px;\">AV 6012<\/td>\n<td style=\"margin: 0px;\">40584H<\/td>\n<td style=\"margin: 0px;\">12V DC<\/td>\n<td style=\"margin: 0px;\">600 mm (24\u201d)<\/td>\n<td style=\"margin: 0px;\">977 mm (38,4\u201d)<\/td>\n<td style=\"margin: 0px;\">48 mm (1,9\u201d)<\/td>\n<\/tr>\n<tr>\n<td style=\"margin: 0px;\">AV 6024<\/td>\n<td style=\"margin: 0px;\">40585K<\/td>\n<td style=\"margin: 0px;\">24V DC<\/td>\n<td style=\"margin: 0px;\">600 mm (24\u201d)<\/td>\n<td style=\"margin: 0px;\">977 mm (38,4\u201d)<\/td>\n<td style=\"margin: 0px;\">48 mm (1,9\u201d) <\/td>\n<\/tr>\n<\/tbody>\n<\/table>\n","protected":false},"excerpt":{"rendered":"<p>Uflex AV 6012 Elektrische Federlifte 12V L977 &#8211; Die AV-Hatch-Lifte sind spezialisierte elektromechanische Ger\u00e4te, die f\u00fcr den maritimen Einsatz auf<\/p>\n","protected":false},"featured_media":5938848,"comment_status":"open","ping_status":"closed","template":"","meta":[],"product_brand":[3500],"product_cat":[1401],"product_tag":[],"class_list":{"0":"post-733733","1":"product","2":"type-product","3":"status-publish","4":"has-post-thumbnail","6":"product_brand-ultraflex-uflex-de","7":"product_cat-gasdruckfedern-fuer-luken","9":"first","10":"instock","11":"shipping-taxable","12":"purchasable","13":"product-type-simple"},"_links":{"self":[{"href":"https:\/\/stoic-curie.212-227-153-4.plesk.page\/de\/wp-json\/wp\/v2\/product\/733733","targetHints":{"allow":["GET"]}}],"collection":[{"href":"https:\/\/stoic-curie.212-227-153-4.plesk.page\/de\/wp-json\/wp\/v2\/product"}],"about":[{"href":"https:\/\/stoic-curie.212-227-153-4.plesk.page\/de\/wp-json\/wp\/v2\/types\/product"}],"replies":[{"embeddable":true,"href":"https:\/\/stoic-curie.212-227-153-4.plesk.page\/de\/wp-json\/wp\/v2\/comments?post=733733"}],"version-history":[{"count":0,"href":"https:\/\/stoic-curie.212-227-153-4.plesk.page\/de\/wp-json\/wp\/v2\/product\/733733\/revisions"}],"wp:featuredmedia":[{"embeddable":true,"href":"https:\/\/stoic-curie.212-227-153-4.plesk.page\/de\/wp-json\/wp\/v2\/media\/5938848"}],"wp:attachment":[{"href":"https:\/\/stoic-curie.212-227-153-4.plesk.page\/de\/wp-json\/wp\/v2\/media?parent=733733"}],"wp:term":[{"taxonomy":"product_brand","embeddable":true,"href":"https:\/\/stoic-curie.212-227-153-4.plesk.page\/de\/wp-json\/wp\/v2\/product_brand?post=733733"},{"taxonomy":"product_cat","embeddable":true,"href":"https:\/\/stoic-curie.212-227-153-4.plesk.page\/de\/wp-json\/wp\/v2\/product_cat?post=733733"},{"taxonomy":"product_tag","embeddable":true,"href":"https:\/\/stoic-curie.212-227-153-4.plesk.page\/de\/wp-json\/wp\/v2\/product_tag?post=733733"}],"curies":[{"name":"wp","href":"https:\/\/api.w.org\/{rel}","templated":true}]}}