{"id":733734,"date":"2025-03-03T16:20:08","date_gmt":"2025-03-03T15:20:08","guid":{"rendered":"https:\/\/stoic-curie.212-227-153-4.plesk.page\/producto\/uflex-elektrische-federlifte-mod-av-24v-l827\/"},"modified":"2026-02-24T23:34:48","modified_gmt":"2026-02-24T23:34:48","slug":"uflex-elektrische-federlifte-mod-av-24v-l827","status":"publish","type":"product","link":"https:\/\/stoic-curie.212-227-153-4.plesk.page\/de\/product\/uflex-elektrische-federlifte-mod-av-24v-l827\/","title":{"rendered":"Uflex AV 4524 Elektrische Federlifte 24V 827mm"},"content":{"rendered":"<p>Uflex AV 4524 Elektrische Federlifte 24V 827mm &#8211; <\/p>\n<p style=\"color: rgb(34, 34, 34); font-family: Arial, Helvetica, sans-serif; font-size: small;\">Die AV-Hebesysteme sind elektromechanische Systeme, die speziell f\u00fcr den maritimen Einsatz auf Freizeitbooten entwickelt wurden. Sie erm\u00f6glichen das m\u00fchelose \u00d6ffnen und Schlie\u00dfen von gro\u00dfen Motorlukendeckeln, Peak-Tanks, Hatch-Balken und anderen \u00e4hnlichen Komponenten. Mit einem einfachen Druck auf einen Knopf k\u00f6nnen Sie den Deckel von vollst\u00e4ndig geschlossen bis vollst\u00e4ndig ge\u00f6ffnet einstellen. Eine interne Selbstsperrfunktion sorgt daf\u00fcr, dass der Deckel sicher in position bleibt und ungewollte Schlie\u00dfungen verhindert werden. Diese leichten, linearen elektrischen Deckelheber k\u00f6nnen als Standalone-Einheiten installiert werden.<\/p>\n<p style=\"color: rgb(34, 34, 34); font-family: Arial, Helvetica, sans-serif; font-size: small;\">Sie eignen sich besonders gut f\u00fcr den Zugang zu Deckluken und Maschinenraumt\u00fcren und erm\u00f6glichen sogar teilweise \u00d6ffnungen. Mit einer IP65-Wasserdichtigkeit und einer Welle aus Edelstahl k\u00f6nnen diese Hebesysteme eine maximale Last von 120 kg tragen. F\u00fcr die Funktion ben\u00f6tigen sie ein Relais und einen Schalter f\u00fcr das \u00d6ffnen und Schlie\u00dfen.<\/p>\n<p style=\"color: rgb(34, 34, 34); font-family: Arial, Helvetica, sans-serif; font-size: small;\">Im Falle eines Stromausfalls erm\u00f6glicht eine Notfunktion die manuelle Bet\u00e4tigung.<\/p>\n<p style=\"color: rgb(34, 34, 34); font-family: Arial, Helvetica, sans-serif; font-size: small;\"><strong>Technische Spezifikationen<\/strong><\/p>\n<p style=\"color: rgb(34, 34, 34); font-family: Arial, Helvetica, sans-serif; font-size: small;\">Je nach Ihren Lastanforderungen kann der AV-Hebel entweder individuell oder in einer Zwillingszylinder-Konfiguration f\u00fcr schwerere Lasten eingerichtet werden.<\/p>\n<ul style=\"color: rgb(34, 34, 34); font-family: Arial, Helvetica, sans-serif; font-size: small;\">\n<li>Maximale Last f\u00fcr Einzelinstallationen: 1200N (120 kg \/ 265 lbs)<\/li>\n<li>Maximale Last f\u00fcr Doppelinstallationen: 2400N (240 kg \/ 529 lbs)<\/li>\n<li>Die angegebenen maximalen Lastgrenzen nicht \u00fcberschreiten.<\/li>\n<li>Beinhaltet alle erforderlichen Montagematerialien.<\/li>\n<li>Verf\u00fcgt \u00fcber einen teleskopischen Edelstahlzylinder zur manuellen Bet\u00e4tigung im Notfall.<\/li>\n<li>Ausgestattet mit einem Schutzschalter, um unabsichtliche \u00dcberlastungen zu verhindern, und einem elektronischen Stopp in den vollst\u00e4ndig geschlossenen und vollst\u00e4ndig ge\u00f6ffneten Positionen.<\/li>\n<li>Mit IP65 bewertet f\u00fcr Schutz gegen Staub und Feuchtigkeit.<\/li>\n<li>Geschwindigkeit: 25 mm\/sec ohne Last; 17 mm\/sec bei maximaler Last.<\/li>\n<li>Stromaufnahme f\u00fcr Einzelinstallationen: 10A bei 12V, 5A bei 24V.<\/li>\n<li>Stromaufnahme f\u00fcr Doppelinstallationen: 20A bei 12V, 10A bei 24V.<\/li>\n<li>\u00c4u\u00dfere Durchmesser: 48 mm (1.9&#8243;).<\/li>\n<\/ul>\n<p style=\"color: rgb(34, 34, 34); font-family: Arial, Helvetica, sans-serif; font-size: small;\"><strong>Verf\u00fcgbare Modelle<\/strong><\/p>\n<table style=\"color: rgb(34, 34, 34); font-family: Arial, Helvetica, sans-serif; font-size: small;\">\n<thead>\n<tr>\n<th>Modell<\/th>\n<th>SKU<\/th>\n<th>Spannung<\/th>\n<th>Hubh\u00f6he<\/th>\n<th>L\u00e4nge A (vollst\u00e4ndig geschlossener Aktuator)<\/th>\n<th>\u00c4u\u00dferer Durchmesser<\/th>\n<\/tr>\n<\/thead>\n<tbody>\n<tr>\n<td style=\"margin: 0px;\">AV 3012<\/td>\n<td style=\"margin: 0px;\">40671C<\/td>\n<td style=\"margin: 0px;\">12V DC<\/td>\n<td style=\"margin: 0px;\">300 mm (12\u201c)<\/td>\n<td style=\"margin: 0px;\">677 mm (26,6\u201c)<\/td>\n<td style=\"margin: 0px;\">48 mm (1.9\u201c)<\/td>\n<\/tr>\n<tr>\n<td style=\"margin: 0px;\">AV 3024<\/td>\n<td style=\"margin: 0px;\">40672E<\/td>\n<td style=\"margin: 0px;\">24V DC<\/td>\n<td style=\"margin: 0px;\">300 mm (12\u201c)<\/td>\n<td style=\"margin: 0px;\">677 mm (26,6\u201c)<\/td>\n<td style=\"margin: 0px;\">48 mm (1.9\u201c)<\/td>\n<\/tr>\n<tr>\n<td style=\"margin: 0px;\">AV 4512<\/td>\n<td style=\"margin: 0px;\">40582D<\/td>\n<td style=\"margin: 0px;\">12V DC<\/td>\n<td style=\"margin: 0px;\">450 mm (18\u201c)<\/td>\n<td style=\"margin: 0px;\">827 mm (32,5\u201c)<\/td>\n<td style=\"margin: 0px;\">48 mm (1.9\u201c)<\/td>\n<\/tr>\n<tr>\n<td style=\"margin: 0px;\">AV 4524<\/td>\n<td style=\"margin: 0px;\">40583F<\/td>\n<td style=\"margin: 0px;\">24V DC<\/td>\n<td style=\"margin: 0px;\">450 mm (18\u201c)<\/td>\n<td style=\"margin: 0px;\">827 mm (32,5\u201c)<\/td>\n<td style=\"margin: 0px;\">48 mm (1.9\u201c)<\/td>\n<\/tr>\n<tr>\n<td style=\"margin: 0px;\">AV 6012<\/td>\n<td style=\"margin: 0px;\">40584H<\/td>\n<td style=\"margin: 0px;\">12V DC<\/td>\n<td style=\"margin: 0px;\">600 mm (24\u201c)<\/td>\n<td style=\"margin: 0px;\">977 mm (38,4\u201c)<\/td>\n<td style=\"margin: 0px;\">48 mm (1.9\u201c)<\/td>\n<\/tr>\n<tr>\n<td style=\"margin: 0px;\">AV 6024<\/td>\n<td style=\"margin: 0px;\">40585K<\/td>\n<td style=\"margin: 0px;\">24V DC<\/td>\n<td style=\"margin: 0px;\">600 mm (24\u201c)<\/td>\n<td style=\"margin: 0px;\">977 mm (38,4\u201c)<\/td>\n<td style=\"margin: 0px;\">48 mm (1.9\u201c)<\/td>\n<\/tr>\n<\/tbody>\n<\/table>\n","protected":false},"excerpt":{"rendered":"<p>Uflex AV 4524 Elektrische Federlifte 24V 827mm &#8211; Die AV-Hebesysteme sind elektromechanische Systeme, die speziell f\u00fcr den maritimen Einsatz auf<\/p>\n","protected":false},"featured_media":5938848,"comment_status":"open","ping_status":"closed","template":"","meta":[],"product_brand":[3500],"product_cat":[1401],"product_tag":[],"class_list":{"0":"post-733734","1":"product","2":"type-product","3":"status-publish","4":"has-post-thumbnail","6":"product_brand-ultraflex-uflex-de","7":"product_cat-gasdruckfedern-fuer-luken","9":"first","10":"instock","11":"shipping-taxable","12":"purchasable","13":"product-type-simple"},"_links":{"self":[{"href":"https:\/\/stoic-curie.212-227-153-4.plesk.page\/de\/wp-json\/wp\/v2\/product\/733734","targetHints":{"allow":["GET"]}}],"collection":[{"href":"https:\/\/stoic-curie.212-227-153-4.plesk.page\/de\/wp-json\/wp\/v2\/product"}],"about":[{"href":"https:\/\/stoic-curie.212-227-153-4.plesk.page\/de\/wp-json\/wp\/v2\/types\/product"}],"replies":[{"embeddable":true,"href":"https:\/\/stoic-curie.212-227-153-4.plesk.page\/de\/wp-json\/wp\/v2\/comments?post=733734"}],"version-history":[{"count":0,"href":"https:\/\/stoic-curie.212-227-153-4.plesk.page\/de\/wp-json\/wp\/v2\/product\/733734\/revisions"}],"wp:featuredmedia":[{"embeddable":true,"href":"https:\/\/stoic-curie.212-227-153-4.plesk.page\/de\/wp-json\/wp\/v2\/media\/5938848"}],"wp:attachment":[{"href":"https:\/\/stoic-curie.212-227-153-4.plesk.page\/de\/wp-json\/wp\/v2\/media?parent=733734"}],"wp:term":[{"taxonomy":"product_brand","embeddable":true,"href":"https:\/\/stoic-curie.212-227-153-4.plesk.page\/de\/wp-json\/wp\/v2\/product_brand?post=733734"},{"taxonomy":"product_cat","embeddable":true,"href":"https:\/\/stoic-curie.212-227-153-4.plesk.page\/de\/wp-json\/wp\/v2\/product_cat?post=733734"},{"taxonomy":"product_tag","embeddable":true,"href":"https:\/\/stoic-curie.212-227-153-4.plesk.page\/de\/wp-json\/wp\/v2\/product_tag?post=733734"}],"curies":[{"name":"wp","href":"https:\/\/api.w.org\/{rel}","templated":true}]}}