{"id":733735,"date":"2025-03-03T16:20:09","date_gmt":"2025-03-03T15:20:09","guid":{"rendered":"https:\/\/stoic-curie.212-227-153-4.plesk.page\/producto\/uflex-elektrische-federlifte-mod-av-24v-l977\/"},"modified":"2026-02-24T23:34:48","modified_gmt":"2026-02-24T23:34:48","slug":"uflex-elektrische-federlifte-mod-av-24v-l977","status":"publish","type":"product","link":"https:\/\/stoic-curie.212-227-153-4.plesk.page\/de\/product\/uflex-elektrische-federlifte-mod-av-24v-l977\/","title":{"rendered":"Uflex AV 6024 Luke Hebewerk 24V 977mm"},"content":{"rendered":"<p>Uflex AV 6024 Luke Hebewerk 24V 977mm &#8211; <\/p>\n<p style=\"color: rgb(34, 34, 34); font-family: Arial, Helvetica, sans-serif; font-size: small;\">Die AV-Hebelheber sind elektromechanische Ger\u00e4te, die f\u00fcr den maritimen Einsatz auf Freizeitbooten entwickelt wurden. Sie erm\u00f6glichen das einfache \u00d6ffnen und Schlie\u00dfen schwerer Motorluken, Spitzenbeh\u00e4lter, Lukenbalken und mehr. Mit nur einem Knopfdruck k\u00f6nnen Sie die Luke ganz geschlossen oder ganz ge\u00f6ffnet positionieren. Ein internes Selbstsicherungssystem h\u00e4lt die Luke sicher an ihrem Platz und verhindert unbeabsichtigtes Schlie\u00dfen. Diese leichten linearen elektrischen Hebelheber k\u00f6nnen einzeln installiert werden.<\/p>\n<p style=\"color: rgb(34, 34, 34); font-family: Arial, Helvetica, sans-serif; font-size: small;\">Sie sind ideal zum \u00d6ffnen von Deckluken und T\u00fcren im Maschinenraum, sogar in halboffener Stellung. Mit einer IP65-Wasserdichtigkeit und einer Welle aus rostfreiem Stahl k\u00f6nnen diese Hebelheber eine maximale Last von 120 kg unterst\u00fctzen. Zur Bedienung sind ein Relais und ein Schalter zum \u00d6ffnen und Schlie\u00dfen erforderlich.<\/p>\n<p style=\"color: rgb(34, 34, 34); font-family: Arial, Helvetica, sans-serif; font-size: small;\">Im Falle eines Stromausfalls erm\u00f6glicht eine Notfunktion die manuelle Bedienung.<\/p>\n<p style=\"color: rgb(34, 34, 34); font-family: Arial, Helvetica, sans-serif; font-size: small;\"><strong>Technische Merkmale<\/strong><\/p>\n<p style=\"color: rgb(34, 34, 34); font-family: Arial, Helvetica, sans-serif; font-size: small;\">Je nach Ihren Lastanforderungen kann der AV-Hebelheber einzeln oder in einer Zwillingszylinderanordnung f\u00fcr schwerere Lasten installiert werden.<\/p>\n<ul style=\"color: rgb(34, 34, 34); font-family: Arial, Helvetica, sans-serif; font-size: small;\">\n<li>Maximale Last f\u00fcr Einzelinstallationen: 1200N (120 kg \/ 265 lbs)<\/li>\n<li>Maximale Last f\u00fcr Doppelinstallationen: 2400N (240 kg \/ 529 lbs)<\/li>\n<li>\u00dcberschreiten Sie nicht die maximalen Lastgrenzen.<\/li>\n<li>Wird mit allen notwendigen Montagematerialien geliefert.<\/li>\n<li>Besitzt einen teleskopischen Edelstahlzylinder f\u00fcr die manuelle \u00d6ffnung in Notf\u00e4llen.<\/li>\n<li>Inklusive eines Schutzschalters, um unbeabsichtigte \u00dcberlastung zu vermeiden, und eines elektronischen Stopps in beiden geschlossenen und vollst\u00e4ndig ge\u00f6ffneten Positionen.<\/li>\n<li>Bewertet mit IP65 zum Schutz gegen Staub und Wasser.<\/li>\n<li>Geschwindigkeit: 25 mm\/sec ohne Last; 17 mm\/sec bei max. Last.<\/li>\n<li>Stromaufnahme f\u00fcr Einzelinstallationen: 10A bei 12V, 5A bei 24V.<\/li>\n<li>Stromaufnahme f\u00fcr Doppelinstallationen: 20A bei 12V, 10A bei 24V.<\/li>\n<li>Au\u00dfendurchmesser: 48 mm (1,9&#8243; ).<\/li>\n<\/ul>\n<p style=\"color: rgb(34, 34, 34); font-family: Arial, Helvetica, sans-serif; font-size: small;\"><strong>Modelle<\/strong><\/p>\n<table style=\"color: rgb(34, 34, 34); font-family: Arial, Helvetica, sans-serif; font-size: small;\">\n<thead>\n<tr>\n<th>Modell<\/th>\n<th>SKU<\/th>\n<th>Spannung<\/th>\n<th>Hubh\u00f6he<\/th>\n<th>L\u00e4nge A (Vollst\u00e4ndig geschlossener Aktuator)<\/th>\n<th>Au\u00dfendurchmesser<\/th>\n<\/tr>\n<\/thead>\n<tbody>\n<tr>\n<td style=\"margin: 0px;\">AV 3012<\/td>\n<td style=\"margin: 0px;\">40671C<\/td>\n<td style=\"margin: 0px;\">12V DC<\/td>\n<td style=\"margin: 0px;\">300 mm (12\u201c)<\/td>\n<td style=\"margin: 0px;\">677 mm (26,6\u201c)<\/td>\n<td style=\"margin: 0px;\">48 mm (1,9\u201c)<\/td>\n<\/tr>\n<tr>\n<td style=\"margin: 0px;\">AV 3024<\/td>\n<td style=\"margin: 0px;\">40672E<\/td>\n<td style=\"margin: 0px;\">24V DC<\/td>\n<td style=\"margin: 0px;\">300 mm (12\u201c)<\/td>\n<td style=\"margin: 0px;\">677 mm (26,6\u201c)<\/td>\n<td style=\"margin: 0px;\">48 mm (1,9\u201c)<\/td>\n<\/tr>\n<tr>\n<td style=\"margin: 0px;\">AV 4512<\/td>\n<td style=\"margin: 0px;\">40582D<\/td>\n<td style=\"margin: 0px;\">12V DC<\/td>\n<td style=\"margin: 0px;\">450 mm (18\u201c)<\/td>\n<td style=\"margin: 0px;\">827 mm (32,5\u201c)<\/td>\n<td style=\"margin: 0px;\">48 mm (1,9\u201c)<\/td>\n<\/tr>\n<tr>\n<td style=\"margin: 0px;\">AV 4524<\/td>\n<td style=\"margin: 0px;\">40583F<\/td>\n<td style=\"margin: 0px;\">24V DC<\/td>\n<td style=\"margin: 0px;\">450 mm (18\u201c)<\/td>\n<td style=\"margin: 0px;\">827 mm (32,5\u201c)<\/td>\n<td style=\"margin: 0px;\">48 mm (1,9\u201c)<\/td>\n<\/tr>\n<tr>\n<td style=\"margin: 0px;\">AV 6012<\/td>\n<td style=\"margin: 0px;\">40584H<\/td>\n<td style=\"margin: 0px;\">12V DC<\/td>\n<td style=\"margin: 0px;\">600 mm (24\u201c)<\/td>\n<td style=\"margin: 0px;\">977 mm (38,4\u201c)<\/td>\n<td style=\"margin: 0px;\">48 mm (1,9\u201c)<\/td>\n<\/tr>\n<tr>\n<td style=\"margin: 0px;\">AV 6024<\/td>\n<td style=\"margin: 0px;\">40585K<\/td>\n<td style=\"margin: 0px;\">24V DC<\/td>\n<td style=\"margin: 0px;\">600 mm (24\u201c)<\/td>\n<td style=\"margin: 0px;\">977 mm (38,4\u201c)<\/td>\n<td style=\"margin: 0px;\">48 mm (1,9\u201c)<\/td>\n<\/tr>\n<\/tbody>\n<\/table>\n","protected":false},"excerpt":{"rendered":"<p>Uflex AV 6024 Luke Hebewerk 24V 977mm &#8211; Die AV-Hebelheber sind elektromechanische Ger\u00e4te, die f\u00fcr den maritimen Einsatz auf Freizeitbooten<\/p>\n","protected":false},"featured_media":5938848,"comment_status":"open","ping_status":"closed","template":"","meta":[],"product_brand":[3500],"product_cat":[1401],"product_tag":[],"class_list":{"0":"post-733735","1":"product","2":"type-product","3":"status-publish","4":"has-post-thumbnail","6":"product_brand-ultraflex-uflex-de","7":"product_cat-gasdruckfedern-fuer-luken","9":"first","10":"instock","11":"shipping-taxable","12":"purchasable","13":"product-type-simple"},"_links":{"self":[{"href":"https:\/\/stoic-curie.212-227-153-4.plesk.page\/de\/wp-json\/wp\/v2\/product\/733735","targetHints":{"allow":["GET"]}}],"collection":[{"href":"https:\/\/stoic-curie.212-227-153-4.plesk.page\/de\/wp-json\/wp\/v2\/product"}],"about":[{"href":"https:\/\/stoic-curie.212-227-153-4.plesk.page\/de\/wp-json\/wp\/v2\/types\/product"}],"replies":[{"embeddable":true,"href":"https:\/\/stoic-curie.212-227-153-4.plesk.page\/de\/wp-json\/wp\/v2\/comments?post=733735"}],"version-history":[{"count":0,"href":"https:\/\/stoic-curie.212-227-153-4.plesk.page\/de\/wp-json\/wp\/v2\/product\/733735\/revisions"}],"wp:featuredmedia":[{"embeddable":true,"href":"https:\/\/stoic-curie.212-227-153-4.plesk.page\/de\/wp-json\/wp\/v2\/media\/5938848"}],"wp:attachment":[{"href":"https:\/\/stoic-curie.212-227-153-4.plesk.page\/de\/wp-json\/wp\/v2\/media?parent=733735"}],"wp:term":[{"taxonomy":"product_brand","embeddable":true,"href":"https:\/\/stoic-curie.212-227-153-4.plesk.page\/de\/wp-json\/wp\/v2\/product_brand?post=733735"},{"taxonomy":"product_cat","embeddable":true,"href":"https:\/\/stoic-curie.212-227-153-4.plesk.page\/de\/wp-json\/wp\/v2\/product_cat?post=733735"},{"taxonomy":"product_tag","embeddable":true,"href":"https:\/\/stoic-curie.212-227-153-4.plesk.page\/de\/wp-json\/wp\/v2\/product_tag?post=733735"}],"curies":[{"name":"wp","href":"https:\/\/api.w.org\/{rel}","templated":true}]}}