{"id":733736,"date":"2025-03-03T16:20:09","date_gmt":"2025-03-03T15:20:09","guid":{"rendered":"https:\/\/stoic-curie.212-227-153-4.plesk.page\/producto\/ersatz-fluegelrad-fuer-ancor-pumpe-mff-57\/"},"modified":"2026-02-24T23:34:48","modified_gmt":"2026-02-24T23:34:48","slug":"ersatz-fluegelrad-fuer-ancor-pumpe-mff-57","status":"publish","type":"product","link":"https:\/\/stoic-curie.212-227-153-4.plesk.page\/de\/product\/ersatz-fluegelrad-fuer-ancor-pumpe-mff-57\/","title":{"rendered":"Ersatz-Fl\u00fcgelrad f\u00fcr Ancor Pumpe MFF 57"},"content":{"rendered":"<p>Ersatz-Fl\u00fcgelrad f\u00fcr Ancor Pumpe MFF 57 &#8211; <\/p>\n<p>Ersatzlaufrad f\u00fcr Motor-K\u00fchl- und Wassersystempumpen. Neopren: f\u00fcr S\u00fc\u00df- und Salzwasser. Nitril: f\u00fcr Bilge, \u00d6le und Derivate.<\/p>\n","protected":false},"excerpt":{"rendered":"<p>Ersatz-Fl\u00fcgelrad f\u00fcr Ancor Pumpe MFF 57 &#8211; Ersatzlaufrad f\u00fcr Motor-K\u00fchl- und Wassersystempumpen. Neopren: f\u00fcr S\u00fc\u00df- und Salzwasser. Nitril: f\u00fcr Bilge,<\/p>\n","protected":false},"featured_media":5938893,"comment_status":"open","ping_status":"closed","template":"","meta":[],"product_brand":[2780],"product_cat":[1522],"product_tag":[],"class_list":{"0":"post-733736","1":"product","2":"type-product","3":"status-publish","4":"has-post-thumbnail","6":"product_brand-ancor-marine-de","7":"product_cat-motorkuehlpumpen","9":"first","10":"instock","11":"shipping-taxable","12":"purchasable","13":"product-type-simple"},"_links":{"self":[{"href":"https:\/\/stoic-curie.212-227-153-4.plesk.page\/de\/wp-json\/wp\/v2\/product\/733736","targetHints":{"allow":["GET"]}}],"collection":[{"href":"https:\/\/stoic-curie.212-227-153-4.plesk.page\/de\/wp-json\/wp\/v2\/product"}],"about":[{"href":"https:\/\/stoic-curie.212-227-153-4.plesk.page\/de\/wp-json\/wp\/v2\/types\/product"}],"replies":[{"embeddable":true,"href":"https:\/\/stoic-curie.212-227-153-4.plesk.page\/de\/wp-json\/wp\/v2\/comments?post=733736"}],"version-history":[{"count":0,"href":"https:\/\/stoic-curie.212-227-153-4.plesk.page\/de\/wp-json\/wp\/v2\/product\/733736\/revisions"}],"wp:featuredmedia":[{"embeddable":true,"href":"https:\/\/stoic-curie.212-227-153-4.plesk.page\/de\/wp-json\/wp\/v2\/media\/5938893"}],"wp:attachment":[{"href":"https:\/\/stoic-curie.212-227-153-4.plesk.page\/de\/wp-json\/wp\/v2\/media?parent=733736"}],"wp:term":[{"taxonomy":"product_brand","embeddable":true,"href":"https:\/\/stoic-curie.212-227-153-4.plesk.page\/de\/wp-json\/wp\/v2\/product_brand?post=733736"},{"taxonomy":"product_cat","embeddable":true,"href":"https:\/\/stoic-curie.212-227-153-4.plesk.page\/de\/wp-json\/wp\/v2\/product_cat?post=733736"},{"taxonomy":"product_tag","embeddable":true,"href":"https:\/\/stoic-curie.212-227-153-4.plesk.page\/de\/wp-json\/wp\/v2\/product_tag?post=733736"}],"curies":[{"name":"wp","href":"https:\/\/api.w.org\/{rel}","templated":true}]}}